{"id":6330,"date":"2025-06-16T10:50:05","date_gmt":"2025-06-16T02:50:05","guid":{"rendered":"https:\/\/fayshing.com\/?post_type=product&#038;p=6330"},"modified":"2025-08-08T15:33:31","modified_gmt":"2025-08-08T07:33:31","slug":"black-luggage-strap-handle-with-silver-zinc-alloy-end-cap-fs-2103","status":"publish","type":"product","link":"https:\/\/fayshing.com\/es-es\/product\/black-luggage-strap-handle-with-silver-zinc-alloy-end-cap-fs-2103\/","title":{"rendered":"Asa de correa de equipaje negra con tapa de aleaci\u00f3n de zinc plateada FS-2103"},"content":{"rendered":"<p data-start=\"190\" data-end=\"471\">En <strong data-start=\"194\" data-end=\"232\">FS-2103 Asa de equipaje con correa negra<\/strong> es una soluci\u00f3n de asa resistente, c\u00f3moda y elegante para maletas, maletines y cajas de instrumentos. Con un <strong data-start=\"341\" data-end=\"365\">empu\u00f1adura de pl\u00e1stico resistente<\/strong> combinado con <strong data-start=\"380\" data-end=\"410\">tapas de aleaci\u00f3n de zinc plateado<\/strong>ofrece comodidad ergon\u00f3mica y mayor durabilidad.<\/p>\n<p data-start=\"473\" data-end=\"823\">Dise\u00f1ado con <strong data-start=\"487\" data-end=\"507\">4 orificios de montaje<\/strong> para una fijaci\u00f3n segura, este asa garantiza la estabilidad incluso con cargas pesadas, por lo que resulta ideal para maletas de viaje, cajas de herramientas, estuches de instrumentos musicales y otros equipos port\u00e1tiles. La combinaci\u00f3n de correa negra y tapas plateadas met\u00e1licas le da un aspecto moderno y profesional que complementa una gran variedad de estilos de malet\u00edn.<\/p>\n<p data-start=\"825\" data-end=\"844\"><strong data-start=\"825\" data-end=\"842\">Caracter\u00edsticas principales:<\/strong><\/p>\n<ul data-start=\"845\" data-end=\"1140\">\n<li data-start=\"845\" data-end=\"870\">\n<p data-start=\"847\" data-end=\"870\">C\u00f3digo del producto: FS-2103<\/p>\n<\/li>\n<li data-start=\"871\" data-end=\"926\">\n<p data-start=\"873\" data-end=\"926\">Tipo: Asa de equipaje con extremos de aleaci\u00f3n de zinc<\/p>\n<\/li>\n<li data-start=\"927\" data-end=\"971\">\n<p data-start=\"929\" data-end=\"971\">Material: Empu\u00f1adura de pl\u00e1stico + tapas de aleaci\u00f3n de zinc<\/p>\n<\/li>\n<li data-start=\"972\" data-end=\"1013\">\n<p data-start=\"974\" data-end=\"1013\">Acabado: Mango negro con tapas plateadas<\/p>\n<\/li>\n<li data-start=\"1014\" data-end=\"1059\">\n<p data-start=\"1016\" data-end=\"1059\">Montaje: 4 orificios para una instalaci\u00f3n estable<\/p>\n<\/li>\n<li data-start=\"1060\" data-end=\"1140\">\n<p data-start=\"1062\" data-end=\"1140\">Aplicaciones: Maletas, estuches para instrumentos musicales, estuches para herramientas, cajas para equipos<\/p>\n<\/li>\n<\/ul>\n<p data-start=\"1142\" data-end=\"1315\">Tanto si desea sustituir un asa desgastada como actualizar el hardware de su maleta, la FS-2103 ofrece un agarre c\u00f3modo, una construcci\u00f3n resistente y un acabado limpio y profesional.<\/p>","protected":false},"excerpt":{"rendered":"<ul>\n<li>Asa de equipaje negra con tapa de aleaci\u00f3n de zinc plateada<\/li>\n<li>FS-2103<\/li>\n<li>Pl\u00e1stico + aleaci\u00f3n de zinc<\/li>\n<li>4 orificios de montaje<\/li>\n<\/ul>","protected":false},"featured_media":6331,"comment_status":"open","ping_status":"closed","template":"","meta":{"_acf_changed":false},"product_brand":[],"product_cat":[108,124],"product_tag":[],"class_list":{"0":"post-6330","1":"product","2":"type-product","3":"status-publish","4":"has-post-thumbnail","6":"product_cat-handles","7":"product_cat-strap-handles","8":"pa_color-black","9":"pa_material-plastic","10":"pa_material-zinc-alloy","11":"pa_parts-no-fs-2103","12":"description-off","14":"first","15":"instock","16":"shipping-taxable","17":"product-type-simple"},"acf":[],"_links":{"self":[{"href":"https:\/\/fayshing.com\/es-es\/wp-json\/wp\/v2\/product\/6330","targetHints":{"allow":["GET"]}}],"collection":[{"href":"https:\/\/fayshing.com\/es-es\/wp-json\/wp\/v2\/product"}],"about":[{"href":"https:\/\/fayshing.com\/es-es\/wp-json\/wp\/v2\/types\/product"}],"replies":[{"embeddable":true,"href":"https:\/\/fayshing.com\/es-es\/wp-json\/wp\/v2\/comments?post=6330"}],"wp:featuredmedia":[{"embeddable":true,"href":"https:\/\/fayshing.com\/es-es\/wp-json\/wp\/v2\/media\/6331"}],"wp:attachment":[{"href":"https:\/\/fayshing.com\/es-es\/wp-json\/wp\/v2\/media?parent=6330"}],"wp:term":[{"taxonomy":"product_brand","embeddable":true,"href":"https:\/\/fayshing.com\/es-es\/wp-json\/wp\/v2\/product_brand?post=6330"},{"taxonomy":"product_cat","embeddable":true,"href":"https:\/\/fayshing.com\/es-es\/wp-json\/wp\/v2\/product_cat?post=6330"},{"taxonomy":"product_tag","embeddable":true,"href":"https:\/\/fayshing.com\/es-es\/wp-json\/wp\/v2\/product_tag?post=6330"}],"curies":[{"name":"wp","href":"https:\/\/api.w.org\/{rel}","templated":true}]}}