{"id":6328,"date":"2025-06-16T10:16:08","date_gmt":"2025-06-16T02:16:08","guid":{"rendered":"https:\/\/fayshing.com\/?post_type=product&#038;p=6328"},"modified":"2025-06-16T10:21:02","modified_gmt":"2025-06-16T02:21:02","slug":"fayshing-dj-case-metal-handle-fs-2050","status":"publish","type":"product","link":"https:\/\/fayshing.com\/es-es\/product\/fayshing-dj-case-metal-handle-fs-2050\/","title":{"rendered":"Asa peque\u00f1a de montaje en superficie de 100 mm con muelle FS-2112"},"content":{"rendered":"<p><strong>Funda Dj Asa met\u00e1lica<\/strong><\/p>\n<p>Amplia aplicaci\u00f3n: ampliamente utilizado en varios tipos de cajas de embalaje, anillos de manija de caja de aluminio, manijas laterales mec\u00e1nicas, manijas de cajas de herramientas, manijas de cajas militares, varias cajas de vuelo, etc.<\/p>\n<hr \/>\n<p><strong>Descripci\u00f3n :<\/strong><\/p>\n<ul>\n<li>Las manijas de elevaci\u00f3n de la caja est\u00e1n hechas de acero inoxidable pulido, no se oxidan f\u00e1cilmente despu\u00e9s de estar expuestas a la lluvia, son de alta dureza, no se deforman f\u00e1cilmente y son anticorrosivas.<\/li>\n<li>La funda de agarre de goma negra est\u00e1 aislada y puede proteger su mano de lesiones. Las palancas y bases gruesas lo hacen m\u00e1s duradero y resistente.<\/li>\n<\/ul>\n<hr \/>\n<p><strong>Nota :<\/strong><\/p>\n<ul>\n<li>El mango acolchado suave y grueso es bueno, y el mango acolchado suave y suave se siente genial.<\/li>\n<li>Por favor, cont\u00e1ctenos para verificar cuidadosamente el tama\u00f1o de nuestro producto y lea las descripciones del tama\u00f1o del producto antes de comprar para evitar una posible experiencia de compra desagradable.<\/li>\n<\/ul>\n<p><iframe title=\"Flight Case Asas Escaparate | Resistente y Personalizable\" width=\"1200\" height=\"675\" src=\"https:\/\/www.youtube.com\/embed\/HTukBWi6wi0?feature=oembed&#038;enablejsapi=1&#038;origin=https:\/\/fayshing.com\" frameborder=\"0\" allow=\"accelerometer; autoplay; clipboard-write; encrypted-media; gyroscope; picture-in-picture; web-share\" referrerpolicy=\"strict-origin-when-cross-origin\" allowfullscreen><\/iframe><\/p>","protected":false},"excerpt":{"rendered":"<ul>\n<li>Asa peque\u00f1a de montaje en superficie de 100 mm con muelle<\/li>\n<li>FS-2112<\/li>\n<li>Peque\u00f1o<\/li>\n<li>4 orificios de montaje<\/li>\n<li>Cromo \/ Negro \/ Azul Zinc<\/li>\n<\/ul>","protected":false},"featured_media":6329,"comment_status":"open","ping_status":"closed","template":"","meta":{"_acf_changed":false},"product_brand":[],"product_cat":[108,121],"product_tag":[],"class_list":{"0":"post-6328","1":"product","2":"type-product","3":"status-publish","4":"has-post-thumbnail","6":"product_cat-handles","7":"product_cat-surface-handles","8":"pa_material-steel","9":"pa_surface-treatment-black","10":"pa_surface-treatment-blue-zinc","11":"pa_surface-treatment-chrome","12":"description-off","14":"first","15":"instock","16":"shipping-taxable","17":"product-type-simple"},"acf":[],"_links":{"self":[{"href":"https:\/\/fayshing.com\/es-es\/wp-json\/wp\/v2\/product\/6328","targetHints":{"allow":["GET"]}}],"collection":[{"href":"https:\/\/fayshing.com\/es-es\/wp-json\/wp\/v2\/product"}],"about":[{"href":"https:\/\/fayshing.com\/es-es\/wp-json\/wp\/v2\/types\/product"}],"replies":[{"embeddable":true,"href":"https:\/\/fayshing.com\/es-es\/wp-json\/wp\/v2\/comments?post=6328"}],"wp:featuredmedia":[{"embeddable":true,"href":"https:\/\/fayshing.com\/es-es\/wp-json\/wp\/v2\/media\/6329"}],"wp:attachment":[{"href":"https:\/\/fayshing.com\/es-es\/wp-json\/wp\/v2\/media?parent=6328"}],"wp:term":[{"taxonomy":"product_brand","embeddable":true,"href":"https:\/\/fayshing.com\/es-es\/wp-json\/wp\/v2\/product_brand?post=6328"},{"taxonomy":"product_cat","embeddable":true,"href":"https:\/\/fayshing.com\/es-es\/wp-json\/wp\/v2\/product_cat?post=6328"},{"taxonomy":"product_tag","embeddable":true,"href":"https:\/\/fayshing.com\/es-es\/wp-json\/wp\/v2\/product_tag?post=6328"}],"curies":[{"name":"wp","href":"https:\/\/api.w.org\/{rel}","templated":true}]}}