{"id":6239,"date":"2025-06-09T10:32:45","date_gmt":"2025-06-09T02:32:45","guid":{"rendered":"https:\/\/fayshing.com\/?post_type=product&#038;p=6239"},"modified":"2025-08-08T15:08:24","modified_gmt":"2025-08-08T07:08:24","slug":"fs-2118-small-recessed-handle-without-spring","status":"publish","type":"product","link":"https:\/\/fayshing.com\/es-es\/product\/fs-2118-small-recessed-handle-without-spring\/","title":{"rendered":"FS-2118 Asa empotrada peque\u00f1a sin muelle"},"content":{"rendered":"<p data-start=\"148\" data-end=\"461\">En <strong data-start=\"152\" data-end=\"185\">FS-2118 Asa empotrada peque\u00f1a<\/strong> es una soluci\u00f3n de herrajes compacta y pr\u00e1ctica para cajas, armarios y recintos en los que se requiere un agarre de perfil bajo. Dise\u00f1ado <strong data-start=\"314\" data-end=\"344\">sin mecanismo de resorte<\/strong>ofrece un funcionamiento suave y sencillo y un rendimiento fiable para aplicaciones de trabajo ligero a medio.<\/p>\n<p data-start=\"463\" data-end=\"754\">Medici\u00f3n <strong data-start=\"473\" data-end=\"487\">120 \u00d7 70 mm<\/strong> y acabado en elegante <strong data-start=\"510\" data-end=\"520\">cromo<\/strong>Este asa combina durabilidad con un aspecto limpio y profesional. El dise\u00f1o empotrado minimiza los enganches y protege el asa de da\u00f1os accidentales, por lo que resulta ideal para maletines port\u00e1tiles, cajas de instrumentos y unidades de almacenamiento.<\/p>\n<p data-start=\"756\" data-end=\"775\"><strong data-start=\"756\" data-end=\"773\">Caracter\u00edsticas principales:<\/strong><\/p>\n<ul data-start=\"776\" data-end=\"1108\">\n<li data-start=\"776\" data-end=\"801\">\n<p data-start=\"778\" data-end=\"801\">C\u00f3digo del producto: FS-2118<\/p>\n<\/li>\n<li data-start=\"802\" data-end=\"848\">\n<p data-start=\"804\" data-end=\"848\">Tipo: Asa empotrada peque\u00f1a sin muelle<\/p>\n<\/li>\n<li data-start=\"849\" data-end=\"869\">\n<p data-start=\"851\" data-end=\"869\">Tama\u00f1o: 120 \u00d7 70 mm<\/p>\n<\/li>\n<li data-start=\"870\" data-end=\"905\">\n<p data-start=\"872\" data-end=\"905\">Material: Acero (acabado cromado)<\/p>\n<\/li>\n<li data-start=\"906\" data-end=\"968\">\n<p data-start=\"908\" data-end=\"968\">Acabado: Cromado - resistente a la corrosi\u00f3n y aspecto profesional<\/p>\n<\/li>\n<li data-start=\"969\" data-end=\"1026\">\n<p data-start=\"971\" data-end=\"1026\">Dise\u00f1o: Empotrado para un ajuste enrasado y reducir los enganches<\/p>\n<\/li>\n<li data-start=\"1027\" data-end=\"1108\">\n<p data-start=\"1029\" data-end=\"1108\">Aplicaciones: Maletas de vuelo, cajas de instrumentos, cajas de herramientas y armarios de almacenamiento<\/p>\n<\/li>\n<\/ul>\n<p data-start=\"1110\" data-end=\"1256\">La FS-2118, una opci\u00f3n fiable para cajas y armarios compactos, ofrece funcionalidad, durabilidad y un acabado pulido en un paquete impecable.<\/p>","protected":false},"excerpt":{"rendered":"<ul>\n<li>Asa empotrada peque\u00f1a sin muelle<\/li>\n<li>FS2118<\/li>\n<li>120 \u00d7 70 mm<\/li>\n<li>Cromo<\/li>\n<\/ul>","protected":false},"featured_media":6240,"comment_status":"open","ping_status":"closed","template":"","meta":{"_acf_changed":false},"product_brand":[],"product_cat":[108,120],"product_tag":[],"class_list":{"0":"post-6239","1":"product","2":"type-product","3":"status-publish","4":"has-post-thumbnail","6":"product_cat-handles","7":"product_cat-recessed-handles","8":"pa_material-iron","9":"pa_surface-treatment-black","10":"pa_surface-treatment-blue-zinc","11":"pa_surface-treatment-chrome","12":"description-off","14":"first","15":"instock","16":"shipping-taxable","17":"product-type-simple"},"acf":[],"_links":{"self":[{"href":"https:\/\/fayshing.com\/es-es\/wp-json\/wp\/v2\/product\/6239","targetHints":{"allow":["GET"]}}],"collection":[{"href":"https:\/\/fayshing.com\/es-es\/wp-json\/wp\/v2\/product"}],"about":[{"href":"https:\/\/fayshing.com\/es-es\/wp-json\/wp\/v2\/types\/product"}],"replies":[{"embeddable":true,"href":"https:\/\/fayshing.com\/es-es\/wp-json\/wp\/v2\/comments?post=6239"}],"wp:featuredmedia":[{"embeddable":true,"href":"https:\/\/fayshing.com\/es-es\/wp-json\/wp\/v2\/media\/6240"}],"wp:attachment":[{"href":"https:\/\/fayshing.com\/es-es\/wp-json\/wp\/v2\/media?parent=6239"}],"wp:term":[{"taxonomy":"product_brand","embeddable":true,"href":"https:\/\/fayshing.com\/es-es\/wp-json\/wp\/v2\/product_brand?post=6239"},{"taxonomy":"product_cat","embeddable":true,"href":"https:\/\/fayshing.com\/es-es\/wp-json\/wp\/v2\/product_cat?post=6239"},{"taxonomy":"product_tag","embeddable":true,"href":"https:\/\/fayshing.com\/es-es\/wp-json\/wp\/v2\/product_tag?post=6239"}],"curies":[{"name":"wp","href":"https:\/\/api.w.org\/{rel}","templated":true}]}}