{"id":6236,"date":"2025-06-06T17:52:12","date_gmt":"2025-06-06T09:52:12","guid":{"rendered":"https:\/\/fayshing.com\/?post_type=product&#038;p=6236"},"modified":"2025-08-08T17:21:31","modified_gmt":"2025-08-08T09:21:31","slug":"square-concealed-embedded-spring-folding-handle-toolbox-side-black-handle-with-rubber-sleeve-fs2121","status":"publish","type":"product","link":"https:\/\/fayshing.com\/es-es\/product\/square-concealed-embedded-spring-folding-handle-toolbox-side-black-handle-with-rubber-sleeve-fs2121\/","title":{"rendered":"Mango plegable con muelle encastrado cuadrado lateral para caja de herramientas Mango negro con funda de goma FS2121"},"content":{"rendered":"<p data-start=\"171\" data-end=\"503\">En <strong data-start=\"175\" data-end=\"234\">FS-2121 Asa plegable cuadrada con muelle encastrado<\/strong> es una soluci\u00f3n de herraje resistente y ergon\u00f3mica dise\u00f1ada para cajas de herramientas, maletas para equipos, maletas de carretera y cofres de almacenamiento. Fabricada para ofrecer resistencia y comodidad, esta asa se pliega cuando no se utiliza, ofreciendo un aspecto elegante y oculto y evitando enganches accidentales.<\/p>\n<p data-start=\"505\" data-end=\"888\">Construido a partir de <strong data-start=\"522\" data-end=\"539\">acero duradero<\/strong> y disponible en <strong data-start=\"557\" data-end=\"566\">negro<\/strong>, <strong data-start=\"568\" data-end=\"578\">cromo<\/strong>o <strong data-start=\"583\" data-end=\"596\">zinc azul<\/strong> acabados, el FS-2121 cuenta con un c\u00f3modo <strong data-start=\"642\" data-end=\"664\">manguito de goma grip<\/strong> para mejorar la maniobrabilidad. Su <strong data-start=\"692\" data-end=\"716\">dise\u00f1o con resorte<\/strong> garantiza que la empu\u00f1adura vuelva autom\u00e1ticamente a la posici\u00f3n empotrada despu\u00e9s de su uso. Medici\u00f3n <strong data-start=\"804\" data-end=\"822\">155,6 \u00d7 82,8 mm<\/strong>ofrece un rendimiento robusto y una est\u00e9tica profesional.<\/p>\n<p data-start=\"890\" data-end=\"909\"><strong data-start=\"890\" data-end=\"907\">Caracter\u00edsticas principales:<\/strong><\/p>\n<ul data-start=\"910\" data-end=\"1303\">\n<li data-start=\"910\" data-end=\"935\">\n<p data-start=\"912\" data-end=\"935\">C\u00f3digo del producto: FS-2121<\/p>\n<\/li>\n<li data-start=\"936\" data-end=\"993\">\n<p data-start=\"938\" data-end=\"993\">Tipo: Asa cuadrada plegable con muelle encastrado<\/p>\n<\/li>\n<li data-start=\"994\" data-end=\"1037\">\n<p data-start=\"996\" data-end=\"1037\">Material: Acero con empu\u00f1adura de goma<\/p>\n<\/li>\n<li data-start=\"1038\" data-end=\"1084\">\n<p data-start=\"1040\" data-end=\"1084\">Opciones de acabado: Negro \/ Cromo \/ Azul Zinc<\/p>\n<\/li>\n<li data-start=\"1085\" data-end=\"1109\">\n<p data-start=\"1087\" data-end=\"1109\">Tama\u00f1o: 155,6 \u00d7 82,8 mm<\/p>\n<\/li>\n<li data-start=\"1110\" data-end=\"1156\">\n<p data-start=\"1112\" data-end=\"1156\">Dise\u00f1o plegable para ahorrar espacio y seguridad<\/p>\n<\/li>\n<li data-start=\"1157\" data-end=\"1205\">\n<p data-start=\"1159\" data-end=\"1205\">Mecanismo de resorte para el retorno autom\u00e1tico<\/p>\n<\/li>\n<li data-start=\"1206\" data-end=\"1303\">\n<p data-start=\"1208\" data-end=\"1303\">Aplicaciones: Cajas de herramientas, flight cases, maletas de carretera, cofres de almacenamiento, maletas para equipos pesados<\/p>\n<\/li>\n<\/ul>\n<p data-start=\"1305\" data-end=\"1453\">El FS-2121 combina <strong data-start=\"1326\" data-end=\"1378\">durabilidad, comodidad y un limpio dise\u00f1o empotrado<\/strong>por lo que resulta ideal para la fabricaci\u00f3n y renovaci\u00f3n de cajas profesionales.<\/p>","protected":false},"excerpt":{"rendered":"<ul>\n<li>Asa plegable cuadrada con muelle encastrado<\/li>\n<li>FS-2121<\/li>\n<li>Acero<\/li>\n<li>Negro \/ Cromo \/ Azul Zinc<\/li>\n<li>155,6 \u00d7 82,8 mm<\/li>\n<\/ul>","protected":false},"featured_media":6238,"comment_status":"open","ping_status":"closed","template":"","meta":{"_acf_changed":false},"product_brand":[],"product_cat":[108,120],"product_tag":[],"class_list":{"0":"post-6236","1":"product","2":"type-product","3":"status-publish","4":"has-post-thumbnail","6":"product_cat-handles","7":"product_cat-recessed-handles","8":"pa_material-steel","9":"pa_parts-no-fs-2121","10":"pa_surface-treatment-black","11":"description-off","13":"first","14":"instock","15":"shipping-taxable","16":"product-type-simple"},"acf":[],"_links":{"self":[{"href":"https:\/\/fayshing.com\/es-es\/wp-json\/wp\/v2\/product\/6236","targetHints":{"allow":["GET"]}}],"collection":[{"href":"https:\/\/fayshing.com\/es-es\/wp-json\/wp\/v2\/product"}],"about":[{"href":"https:\/\/fayshing.com\/es-es\/wp-json\/wp\/v2\/types\/product"}],"replies":[{"embeddable":true,"href":"https:\/\/fayshing.com\/es-es\/wp-json\/wp\/v2\/comments?post=6236"}],"wp:featuredmedia":[{"embeddable":true,"href":"https:\/\/fayshing.com\/es-es\/wp-json\/wp\/v2\/media\/6238"}],"wp:attachment":[{"href":"https:\/\/fayshing.com\/es-es\/wp-json\/wp\/v2\/media?parent=6236"}],"wp:term":[{"taxonomy":"product_brand","embeddable":true,"href":"https:\/\/fayshing.com\/es-es\/wp-json\/wp\/v2\/product_brand?post=6236"},{"taxonomy":"product_cat","embeddable":true,"href":"https:\/\/fayshing.com\/es-es\/wp-json\/wp\/v2\/product_cat?post=6236"},{"taxonomy":"product_tag","embeddable":true,"href":"https:\/\/fayshing.com\/es-es\/wp-json\/wp\/v2\/product_tag?post=6236"}],"curies":[{"name":"wp","href":"https:\/\/api.w.org\/{rel}","templated":true}]}}