{"id":6211,"date":"2025-06-02T11:38:21","date_gmt":"2025-06-02T03:38:21","guid":{"rendered":"https:\/\/fayshing.com\/?post_type=product&#038;p=6211"},"modified":"2025-08-08T15:44:49","modified_gmt":"2025-08-08T07:44:49","slug":"fs3203-medium-3-holes-flat-corner","status":"publish","type":"product","link":"https:\/\/fayshing.com\/es-es\/product\/fs3203-medium-3-holes-flat-corner\/","title":{"rendered":"FS3203 Mediana 3 Agujeros Esquina Plana"},"content":{"rendered":"<p data-start=\"538\" data-end=\"850\">En <strong data-start=\"542\" data-end=\"578\">FS3203 Esquina plana mediana de 3 agujeros<\/strong> es un protector de esquinas vers\u00e1til y funcional, ideal para flight cases, cajas de altavoces, ba\u00fales de almacenamiento y otros recintos personalizados. Fabricado con <strong data-start=\"734\" data-end=\"742\">hierro<\/strong>Esta pieza de esquina proporciona una excelente durabilidad, al tiempo que ofrece un aspecto limpio y acabado al dise\u00f1o de su caja.<\/p>\n<p data-start=\"852\" data-end=\"869\"><strong data-start=\"852\" data-end=\"869\">Caracter\u00edsticas principales:<\/strong><\/p>\n<ul data-start=\"871\" data-end=\"1444\">\n<li data-start=\"871\" data-end=\"962\">\n<p data-start=\"873\" data-end=\"962\">\ud83d\udee1\ufe0f <strong data-start=\"877\" data-end=\"902\">Material de hierro resistente:<\/strong> Construido para una protecci\u00f3n duradera y un soporte estructural.<\/p>\n<\/li>\n<li data-start=\"963\" data-end=\"1078\">\n<p data-start=\"965\" data-end=\"1078\">\ud83d\udd29 <strong data-start=\"968\" data-end=\"989\">3 Orificios de montaje:<\/strong> Dise\u00f1ado con tres orificios de 5,2 mm de di\u00e1metro para una fijaci\u00f3n segura y una instalaci\u00f3n estable.<\/p>\n<\/li>\n<li data-start=\"1079\" data-end=\"1228\">\n<p data-start=\"1081\" data-end=\"1228\">\ud83c\udfa8 <strong data-start=\"1084\" data-end=\"1116\">M\u00faltiples acabados disponibles:<\/strong> Elige entre <strong data-start=\"1129\" data-end=\"1138\">negro<\/strong>, <strong data-start=\"1140\" data-end=\"1150\">cromo<\/strong>, <strong data-start=\"1152\" data-end=\"1160\">oro<\/strong>o <strong data-start=\"1165\" data-end=\"1182\">colores personalizados<\/strong> a juego con el hardware y la est\u00e9tica de su maleta.<\/p>\n<\/li>\n<li data-start=\"1229\" data-end=\"1356\">\n<p data-start=\"1231\" data-end=\"1356\">\ud83d\udcd0 <strong data-start=\"1234\" data-end=\"1262\">Esquina plana de tama\u00f1o medio:<\/strong> Adecuado para varios tipos de cajas en las que se necesita un refuerzo moderado sin a\u00f1adir volumen.<\/p>\n<\/li>\n<li data-start=\"1357\" data-end=\"1444\">\n<p data-start=\"1359\" data-end=\"1444\">\ud83d\udee0\ufe0f <strong data-start=\"1363\" data-end=\"1385\">F\u00e1cil instalaci\u00f3n:<\/strong> Compatible con tornillos o remaches est\u00e1ndar para un montaje r\u00e1pido.<\/p>\n<\/li>\n<\/ul>\n<p data-start=\"1446\" data-end=\"1587\"><strong data-start=\"1446\" data-end=\"1463\">Aplicaciones:<\/strong><br data-start=\"1463\" data-end=\"1466\" \/>Perfecto para su uso en flight cases de uso medio, cajas de herramientas, cajas de instrumentos musicales, cajas de equipos audiovisuales, etc.<\/p>\n<p data-start=\"1589\" data-end=\"1722\">Tanto si est\u00e1 actualizando el hardware existente como construyendo una caja personalizada, la FS3203 ofrece un equilibrio entre resistencia, estilo y simplicidad.<\/p>","protected":false},"excerpt":{"rendered":"<ul>\n<li>48mm Mediana 3 Agujeros Esquina Plana<\/li>\n<li>Acero<\/li>\n<li>Di\u00e1metro del orificio 5,2 mm<\/li>\n<li>Negro \/ Cromo \/ Oro \/ Otros<\/li>\n<\/ul>","protected":false},"featured_media":6212,"comment_status":"open","ping_status":"closed","template":"","meta":{"_acf_changed":false},"product_brand":[],"product_cat":[109,127],"product_tag":[],"class_list":{"0":"post-6211","1":"product","2":"type-product","3":"status-publish","4":"has-post-thumbnail","6":"product_cat-case-corners","7":"product_cat-flat-corners","8":"pa_material-iron","9":"pa_surface-treatment-black","10":"pa_surface-treatment-chrome","11":"pa_surface-treatment-golden","12":"description-off","14":"first","15":"instock","16":"shipping-taxable","17":"product-type-simple"},"acf":[],"_links":{"self":[{"href":"https:\/\/fayshing.com\/es-es\/wp-json\/wp\/v2\/product\/6211","targetHints":{"allow":["GET"]}}],"collection":[{"href":"https:\/\/fayshing.com\/es-es\/wp-json\/wp\/v2\/product"}],"about":[{"href":"https:\/\/fayshing.com\/es-es\/wp-json\/wp\/v2\/types\/product"}],"replies":[{"embeddable":true,"href":"https:\/\/fayshing.com\/es-es\/wp-json\/wp\/v2\/comments?post=6211"}],"wp:featuredmedia":[{"embeddable":true,"href":"https:\/\/fayshing.com\/es-es\/wp-json\/wp\/v2\/media\/6212"}],"wp:attachment":[{"href":"https:\/\/fayshing.com\/es-es\/wp-json\/wp\/v2\/media?parent=6211"}],"wp:term":[{"taxonomy":"product_brand","embeddable":true,"href":"https:\/\/fayshing.com\/es-es\/wp-json\/wp\/v2\/product_brand?post=6211"},{"taxonomy":"product_cat","embeddable":true,"href":"https:\/\/fayshing.com\/es-es\/wp-json\/wp\/v2\/product_cat?post=6211"},{"taxonomy":"product_tag","embeddable":true,"href":"https:\/\/fayshing.com\/es-es\/wp-json\/wp\/v2\/product_tag?post=6211"}],"curies":[{"name":"wp","href":"https:\/\/api.w.org\/{rel}","templated":true}]}}