{"id":6207,"date":"2025-06-02T11:02:16","date_gmt":"2025-06-02T03:02:16","guid":{"rendered":"https:\/\/fayshing.com\/?post_type=product&#038;p=6207"},"modified":"2025-06-02T11:15:10","modified_gmt":"2025-06-02T03:15:10","slug":"fs3120-largest-6-hole-flat-corner","status":"publish","type":"product","link":"https:\/\/fayshing.com\/es-es\/product\/fs3120-largest-6-hole-flat-corner\/","title":{"rendered":"FS3120 Esquina plana de 6 agujeros m\u00e1s grande"},"content":{"rendered":"<p data-start=\"483\" data-end=\"775\"><strong data-start=\"483\" data-end=\"520\">La FS3120 Esquina plana de 6 orificios m\u00e1s grande<\/strong> es un protector de esquinas de primera calidad dise\u00f1ado espec\u00edficamente para flight cases, maletas de carretera, cajas de altavoces y otras soluciones de transporte o almacenamiento de gran resistencia. Su gran tama\u00f1o y <strong data-start=\"696\" data-end=\"718\">seis orificios de montaje<\/strong> garantizan un ajuste seguro y estable y una protecci\u00f3n duradera.<\/p>\n<p data-start=\"777\" data-end=\"794\"><strong data-start=\"777\" data-end=\"794\">Caracter\u00edsticas principales:<\/strong><\/p>\n<ul data-start=\"796\" data-end=\"1368\">\n<li data-start=\"796\" data-end=\"916\">\n<p data-start=\"798\" data-end=\"916\">\ud83d\udd29 <strong data-start=\"801\" data-end=\"829\">Construcci\u00f3n resistente:<\/strong> Fabricado en acero de alta resistencia para una mayor durabilidad y resistencia a los impactos.<\/p>\n<\/li>\n<li data-start=\"917\" data-end=\"1026\">\n<p data-start=\"919\" data-end=\"1026\">\ud83d\udd27 <strong data-start=\"922\" data-end=\"940\">Dise\u00f1o de 6 agujeros:<\/strong> Proporciona una mayor fuerza de sujeci\u00f3n y evita que se mueva o se desplace durante el transporte.<\/p>\n<\/li>\n<li data-start=\"1027\" data-end=\"1142\">\n<p data-start=\"1029\" data-end=\"1142\">\ud83d\udcd0 <strong data-start=\"1032\" data-end=\"1054\">Forma de esquina plana:<\/strong> Ideal para su uso en superficies planas y bordes cuadrados de cajas, ofreciendo un acabado limpio y enrasado.<\/p>\n<\/li>\n<li data-start=\"1143\" data-end=\"1262\">\n<p data-start=\"1145\" data-end=\"1262\">\ud83c\udf9b\ufe0f <strong data-start=\"1149\" data-end=\"1180\">Refuerzo y protecci\u00f3n:<\/strong> Evita el desgaste de los bordes y protege las esquinas de la funda de abolladuras, ca\u00eddas y golpes.<\/p>\n<\/li>\n<li data-start=\"1263\" data-end=\"1368\">\n<p data-start=\"1265\" data-end=\"1368\">\ud83d\udee0\ufe0f <strong data-start=\"1269\" data-end=\"1289\">F\u00e1cil de instalar:<\/strong> Compatible con remaches o tornillos est\u00e1ndar, lo que garantiza un montaje r\u00e1pido y seguro.<\/p>\n<\/li>\n<\/ul>\n<p data-start=\"1370\" data-end=\"1542\"><strong data-start=\"1370\" data-end=\"1387\">Aplicaciones:<\/strong><br data-start=\"1387\" data-end=\"1390\" \/>Perfecto para flight cases profesionales, cajas de instrumentos musicales, cajas de equipos de DJ, recintos de altavoces, maleteros utilitarios y recintos protectores personalizados.<\/p>\n<p data-start=\"1544\" data-end=\"1712\"><strong data-start=\"1544\" data-end=\"1566\">Material y acabado:<\/strong><br data-start=\"1566\" data-end=\"1569\" \/>Construcci\u00f3n de acero duradero con acabados superficiales opcionales (cincado, cromado, revestimiento negro) para adaptarse al dise\u00f1o de su caja y evitar la corrosi\u00f3n.<\/p>","protected":false},"excerpt":{"rendered":"<ul>\n<li>6 Agujeros Esquina Plana<\/li>\n<li>FS-3120<\/li>\n<li>Acero<\/li>\n<li>Acabado: Cromo \/ Oro \/ Negro<\/li>\n<\/ul>","protected":false},"featured_media":6209,"comment_status":"open","ping_status":"closed","template":"","meta":{"_acf_changed":false},"product_brand":[],"product_cat":[109,127],"product_tag":[],"class_list":{"0":"post-6207","1":"product","2":"type-product","3":"status-publish","4":"has-post-thumbnail","6":"product_cat-case-corners","7":"product_cat-flat-corners","8":"pa_material-steel","9":"description-off","11":"first","12":"instock","13":"shipping-taxable","14":"product-type-simple"},"acf":[],"_links":{"self":[{"href":"https:\/\/fayshing.com\/es-es\/wp-json\/wp\/v2\/product\/6207","targetHints":{"allow":["GET"]}}],"collection":[{"href":"https:\/\/fayshing.com\/es-es\/wp-json\/wp\/v2\/product"}],"about":[{"href":"https:\/\/fayshing.com\/es-es\/wp-json\/wp\/v2\/types\/product"}],"replies":[{"embeddable":true,"href":"https:\/\/fayshing.com\/es-es\/wp-json\/wp\/v2\/comments?post=6207"}],"wp:featuredmedia":[{"embeddable":true,"href":"https:\/\/fayshing.com\/es-es\/wp-json\/wp\/v2\/media\/6209"}],"wp:attachment":[{"href":"https:\/\/fayshing.com\/es-es\/wp-json\/wp\/v2\/media?parent=6207"}],"wp:term":[{"taxonomy":"product_brand","embeddable":true,"href":"https:\/\/fayshing.com\/es-es\/wp-json\/wp\/v2\/product_brand?post=6207"},{"taxonomy":"product_cat","embeddable":true,"href":"https:\/\/fayshing.com\/es-es\/wp-json\/wp\/v2\/product_cat?post=6207"},{"taxonomy":"product_tag","embeddable":true,"href":"https:\/\/fayshing.com\/es-es\/wp-json\/wp\/v2\/product_tag?post=6207"}],"curies":[{"name":"wp","href":"https:\/\/api.w.org\/{rel}","templated":true}]}}