{"id":6205,"date":"2025-06-02T10:51:38","date_gmt":"2025-06-02T02:51:38","guid":{"rendered":"https:\/\/fayshing.com\/?post_type=product&#038;p=6205"},"modified":"2025-06-02T10:51:39","modified_gmt":"2025-06-02T02:51:39","slug":"fs1224-compression-latch-zinc-alloy-compression-latch-adjustable-lever","status":"publish","type":"product","link":"https:\/\/fayshing.com\/es-es\/product\/fs1224-compression-latch-zinc-alloy-compression-latch-adjustable-lever\/","title":{"rendered":"FS1224 Pestillo de Compresi\u00f3n Palanca Ajustable de Aleaci\u00f3n de Zinc"},"content":{"rendered":"<p data-start=\"537\" data-end=\"790\">En <strong data-start=\"541\" data-end=\"569\">FS1224 Pestillo de compresi\u00f3n<\/strong> est\u00e1 dise\u00f1ado para ofrecer comodidad, durabilidad y est\u00e9tica. Fabricado con materiales de alta calidad <strong data-start=\"652\" data-end=\"666\">aleaci\u00f3n de zinc<\/strong>Este pestillo de palanca ajustable <strong data-start=\"707\" data-end=\"737\">discreto mecanismo de disparo<\/strong> para un funcionamiento perfecto y una presentaci\u00f3n limpia del panel.<\/p>\n<p data-start=\"792\" data-end=\"809\"><strong data-start=\"792\" data-end=\"809\">Caracter\u00edsticas principales:<\/strong><\/p>\n<ul data-start=\"811\" data-end=\"1619\">\n<li data-start=\"811\" data-end=\"962\">\n<p data-start=\"813\" data-end=\"962\">\u2705 <strong data-start=\"815\" data-end=\"843\">Empu\u00f1adura de gatillo incorporada:<\/strong> El mecanismo de gatillo discretamente montado libera f\u00e1cilmente el asa integrada, sin necesidad de herramientas ni llaves externas.<\/p>\n<\/li>\n<li data-start=\"963\" data-end=\"1080\">\n<p data-start=\"965\" data-end=\"1080\">\u2705 <strong data-start=\"967\" data-end=\"991\">Cierre de compresi\u00f3n:<\/strong> Cierra la puerta herm\u00e9ticamente sin fricci\u00f3n, reduciendo el desgaste tanto del pestillo como del marco.<\/p>\n<\/li>\n<li data-start=\"1081\" data-end=\"1226\">\n<p data-start=\"1083\" data-end=\"1226\">\u2705 <strong data-start=\"1085\" data-end=\"1111\">Rango de agarre ajustable:<\/strong> El dise\u00f1o de agarre ancho permite un f\u00e1cil ajuste para adaptarse a distintos grosores de panel y requisitos de instalaci\u00f3n.<\/p>\n<\/li>\n<li data-start=\"1227\" data-end=\"1462\">\n<p data-start=\"1229\" data-end=\"1269\">\u2705 <strong data-start=\"1231\" data-end=\"1267\">Opciones de gatillo enrasado o elevado:<\/strong><\/p>\n<ul data-start=\"1273\" data-end=\"1462\">\n<li data-start=\"1273\" data-end=\"1348\">\n<p data-start=\"1275\" data-end=\"1348\"><em data-start=\"1275\" data-end=\"1290\">Disparador de descarga<\/em> garantiza una superficie lisa y un acceso econ\u00f3mico.<\/p>\n<\/li>\n<li data-start=\"1352\" data-end=\"1462\">\n<p data-start=\"1354\" data-end=\"1462\"><em data-start=\"1354\" data-end=\"1370\">Gatillo elevado<\/em> ofrece una ergonom\u00eda mejorada y compatibilidad con opciones de cerradura\/llave para una mayor seguridad.<\/p>\n<\/li>\n<\/ul>\n<\/li>\n<li data-start=\"1463\" data-end=\"1619\">\n<p data-start=\"1465\" data-end=\"1619\">\u2705 <strong data-start=\"1467\" data-end=\"1489\">F\u00e1cil instalaci\u00f3n:<\/strong> El cierre de palanca de perfil fino es f\u00e1cil de instalar, por lo que resulta ideal para aplicaciones que requieren un aspecto profesional y de perfil bajo.<\/p>\n<\/li>\n<\/ul>\n<p data-start=\"1621\" data-end=\"1756\"><strong data-start=\"1621\" data-end=\"1638\">Aplicaciones:<\/strong><br data-start=\"1638\" data-end=\"1641\" \/>Ideal para su uso en flight cases, armarios, cajas de herramientas, armarios el\u00e9ctricos, paneles de acceso y equipos industriales.<\/p>\n<p data-start=\"1758\" data-end=\"1857\">Actualice su hardware con el FS1224, donde la funci\u00f3n se une a la forma en un dise\u00f1o compacto y f\u00e1cil de usar.<\/p>","protected":false},"excerpt":{"rendered":"<p>El pestillo de compresi\u00f3n FS1224 ofrece un dise\u00f1o elegante, sin herramientas, con empu\u00f1adura ajustable y una opci\u00f3n segura de gatillo enrasado o elevado. Perfecto para cerramientos, armarios y paneles de acceso en los que se requiere un funcionamiento suave y una est\u00e9tica limpia.<\/p>","protected":false},"featured_media":6206,"comment_status":"open","ping_status":"closed","template":"","meta":{"_acf_changed":false},"product_brand":[],"product_cat":[23,119],"product_tag":[],"class_list":{"0":"post-6205","1":"product","2":"type-product","3":"status-publish","4":"has-post-thumbnail","6":"product_cat-latches","7":"product_cat-miscellaneous-latches","8":"pa_material-zinc-alloy","9":"pa_surface-treatment-black","10":"description-off","12":"first","13":"instock","14":"shipping-taxable","15":"product-type-simple"},"acf":[],"_links":{"self":[{"href":"https:\/\/fayshing.com\/es-es\/wp-json\/wp\/v2\/product\/6205","targetHints":{"allow":["GET"]}}],"collection":[{"href":"https:\/\/fayshing.com\/es-es\/wp-json\/wp\/v2\/product"}],"about":[{"href":"https:\/\/fayshing.com\/es-es\/wp-json\/wp\/v2\/types\/product"}],"replies":[{"embeddable":true,"href":"https:\/\/fayshing.com\/es-es\/wp-json\/wp\/v2\/comments?post=6205"}],"wp:featuredmedia":[{"embeddable":true,"href":"https:\/\/fayshing.com\/es-es\/wp-json\/wp\/v2\/media\/6206"}],"wp:attachment":[{"href":"https:\/\/fayshing.com\/es-es\/wp-json\/wp\/v2\/media?parent=6205"}],"wp:term":[{"taxonomy":"product_brand","embeddable":true,"href":"https:\/\/fayshing.com\/es-es\/wp-json\/wp\/v2\/product_brand?post=6205"},{"taxonomy":"product_cat","embeddable":true,"href":"https:\/\/fayshing.com\/es-es\/wp-json\/wp\/v2\/product_cat?post=6205"},{"taxonomy":"product_tag","embeddable":true,"href":"https:\/\/fayshing.com\/es-es\/wp-json\/wp\/v2\/product_tag?post=6205"}],"curies":[{"name":"wp","href":"https:\/\/api.w.org\/{rel}","templated":true}]}}