{"id":6194,"date":"2025-05-16T11:38:31","date_gmt":"2025-05-16T03:38:31","guid":{"rendered":"https:\/\/fayshing.com\/?post_type=product&#038;p=6194"},"modified":"2025-05-16T11:38:32","modified_gmt":"2025-05-16T03:38:32","slug":"fs3215-5-holes-brace-ball-corner-with-offset","status":"publish","type":"product","link":"https:\/\/fayshing.com\/es-es\/product\/fs3215-5-holes-brace-ball-corner-with-offset\/","title":{"rendered":"FS3215 - R\u00f3tula de 5 agujeros con compensaci\u00f3n"},"content":{"rendered":"<ul>\n<li>Esquina de bola de 5 agujeros con desplazamiento<\/li>\n<li>FS3215<\/li>\n<li>Acero<\/li>\n<li>Acabado: Cromo \/ Oro \/ Negro<\/li>\n<\/ul>\n<p>Las esquinas esf\u00e9ricas est\u00e1n dise\u00f1adas para proteger los bordes y esquinas de flight cases, cajas de herramientas y cajas de instrumentos. Mejoran la durabilidad estructural, reducen los da\u00f1os por impacto durante el transporte y proporcionan un aspecto limpio y profesional. Ideales para uso intensivo en audiovisuales, giras y aplicaciones industriales.<\/p>\n<p>&nbsp;<\/p>","protected":false},"excerpt":{"rendered":"<ul>\n<li>Esquina de bola de 5 agujeros con desplazamiento<\/li>\n<li>FS3215<\/li>\n<li>Acero<\/li>\n<li>Acabado: Cromo \/ Oro \/ Negro<\/li>\n<\/ul>","protected":false},"featured_media":6195,"comment_status":"open","ping_status":"closed","template":"","meta":{"_acf_changed":false},"product_brand":[],"product_cat":[109,126],"product_tag":[],"class_list":{"0":"post-6194","1":"product","2":"type-product","3":"status-publish","4":"has-post-thumbnail","6":"product_cat-case-corners","7":"product_cat-ball-corners","8":"pa_material-steel","9":"description-off","11":"first","12":"instock","13":"shipping-taxable","14":"product-type-simple"},"acf":[],"_links":{"self":[{"href":"https:\/\/fayshing.com\/es-es\/wp-json\/wp\/v2\/product\/6194","targetHints":{"allow":["GET"]}}],"collection":[{"href":"https:\/\/fayshing.com\/es-es\/wp-json\/wp\/v2\/product"}],"about":[{"href":"https:\/\/fayshing.com\/es-es\/wp-json\/wp\/v2\/types\/product"}],"replies":[{"embeddable":true,"href":"https:\/\/fayshing.com\/es-es\/wp-json\/wp\/v2\/comments?post=6194"}],"wp:featuredmedia":[{"embeddable":true,"href":"https:\/\/fayshing.com\/es-es\/wp-json\/wp\/v2\/media\/6195"}],"wp:attachment":[{"href":"https:\/\/fayshing.com\/es-es\/wp-json\/wp\/v2\/media?parent=6194"}],"wp:term":[{"taxonomy":"product_brand","embeddable":true,"href":"https:\/\/fayshing.com\/es-es\/wp-json\/wp\/v2\/product_brand?post=6194"},{"taxonomy":"product_cat","embeddable":true,"href":"https:\/\/fayshing.com\/es-es\/wp-json\/wp\/v2\/product_cat?post=6194"},{"taxonomy":"product_tag","embeddable":true,"href":"https:\/\/fayshing.com\/es-es\/wp-json\/wp\/v2\/product_tag?post=6194"}],"curies":[{"name":"wp","href":"https:\/\/api.w.org\/{rel}","templated":true}]}}