{"id":6062,"date":"2025-02-17T14:55:34","date_gmt":"2025-02-17T06:55:34","guid":{"rendered":"https:\/\/fayshing.com\/?post_type=product&#038;p=6062"},"modified":"2025-08-08T15:28:55","modified_gmt":"2025-08-08T07:28:55","slug":"joyero-caja-pestillos-pestillo-cerradura-tono-oro-fs1093","status":"publish","type":"product","link":"https:\/\/fayshing.com\/es-es\/product\/joyero-caja-pestillos-pestillo-cerradura-tono-oro-fs1093\/","title":{"rendered":"Caja de joyer\u00eda Caso Cierres Hasp Catch Lock Gold Tone FS1093"},"content":{"rendered":"<p data-start=\"177\" data-end=\"453\">En <strong data-start=\"181\" data-end=\"225\">FS1093 Cerradura de pestillo de aldaba para joyero<\/strong> es una soluci\u00f3n de cierre compacta y elegante dise\u00f1ada para joyeros, cajas de regalo, cofres de recuerdos y otros estuches peque\u00f1os. Con su <strong data-start=\"357\" data-end=\"370\">20 \u00d7 30 mm<\/strong> de tama\u00f1o, proporciona un cierre seguro a la vez que mantiene un aspecto refinado y decorativo.<\/p>\n<p data-start=\"455\" data-end=\"691\">Fabricado en <strong data-start=\"468\" data-end=\"489\">hierro de alta calidad<\/strong> y disponible en <strong data-start=\"507\" data-end=\"517\">cromo<\/strong> o <strong data-start=\"521\" data-end=\"531\">dorado<\/strong> el FS1093 combina durabilidad con atractivo est\u00e9tico, por lo que es ideal tanto para un uso funcional como para mejorar el dise\u00f1o general de su caja o malet\u00edn.<\/p>\n<p data-start=\"693\" data-end=\"712\"><strong data-start=\"693\" data-end=\"710\">Caracter\u00edsticas principales:<\/strong><\/p>\n<ul data-start=\"713\" data-end=\"984\">\n<li data-start=\"713\" data-end=\"737\">\n<p data-start=\"715\" data-end=\"737\">C\u00f3digo del producto: FS1093<\/p>\n<\/li>\n<li data-start=\"738\" data-end=\"783\">\n<p data-start=\"740\" data-end=\"783\">Tipo: Cierre de joyero \/ cerradura de pestillo<\/p>\n<\/li>\n<li data-start=\"784\" data-end=\"826\">\n<p data-start=\"786\" data-end=\"826\">Tama\u00f1o: 20 \u00d7 30 mm - compacto y discreto<\/p>\n<\/li>\n<li data-start=\"827\" data-end=\"845\">\n<p data-start=\"829\" data-end=\"845\">Material: hierro<\/p>\n<\/li>\n<li data-start=\"846\" data-end=\"881\">\n<p data-start=\"848\" data-end=\"881\">Opciones de acabado: Cromo \/ Dorado<\/p>\n<\/li>\n<li data-start=\"882\" data-end=\"984\">\n<p data-start=\"884\" data-end=\"984\">Aplicaciones: Cajas de joyer\u00eda, cajas de regalo, cofres de recuerdos, estuches decorativos, proyectos de artesan\u00eda<\/p>\n<\/li>\n<\/ul>\n<p data-start=\"986\" data-end=\"1140\">Tanto si est\u00e1 creando un nuevo joyero como si est\u00e1 sustituyendo los herrajes antiguos, el FS1093 ofrece la combinaci\u00f3n perfecta de cierre seguro y aspecto elegante.<\/p>","protected":false},"excerpt":{"rendered":"<ul>\n<li>Caja de joyer\u00eda Caso Cierres Hasp Catch Lock Gold Tone<\/li>\n<li>Material: Hierro<\/li>\n<li>Tama\u00f1o: 20\u00d730 mm;<\/li>\n<li>Cromo \/ Dorado<\/li>\n<\/ul>","protected":false},"featured_media":6063,"comment_status":"open","ping_status":"closed","template":"","meta":{"_acf_changed":false},"product_brand":[],"product_cat":[273,23],"product_tag":[],"class_list":{"0":"post-6062","1":"product","2":"type-product","3":"status-publish","4":"has-post-thumbnail","6":"product_cat-jewelry-box-latch-hasp","7":"product_cat-latches","8":"pa_material-iron","9":"pa_surface-treatment-chrome","10":"pa_surface-treatment-golden","11":"description-off","13":"first","14":"instock","15":"shipping-taxable","16":"product-type-simple"},"acf":[],"_links":{"self":[{"href":"https:\/\/fayshing.com\/es-es\/wp-json\/wp\/v2\/product\/6062","targetHints":{"allow":["GET"]}}],"collection":[{"href":"https:\/\/fayshing.com\/es-es\/wp-json\/wp\/v2\/product"}],"about":[{"href":"https:\/\/fayshing.com\/es-es\/wp-json\/wp\/v2\/types\/product"}],"replies":[{"embeddable":true,"href":"https:\/\/fayshing.com\/es-es\/wp-json\/wp\/v2\/comments?post=6062"}],"wp:featuredmedia":[{"embeddable":true,"href":"https:\/\/fayshing.com\/es-es\/wp-json\/wp\/v2\/media\/6063"}],"wp:attachment":[{"href":"https:\/\/fayshing.com\/es-es\/wp-json\/wp\/v2\/media?parent=6062"}],"wp:term":[{"taxonomy":"product_brand","embeddable":true,"href":"https:\/\/fayshing.com\/es-es\/wp-json\/wp\/v2\/product_brand?post=6062"},{"taxonomy":"product_cat","embeddable":true,"href":"https:\/\/fayshing.com\/es-es\/wp-json\/wp\/v2\/product_cat?post=6062"},{"taxonomy":"product_tag","embeddable":true,"href":"https:\/\/fayshing.com\/es-es\/wp-json\/wp\/v2\/product_tag?post=6062"}],"curies":[{"name":"wp","href":"https:\/\/api.w.org\/{rel}","templated":true}]}}