{"id":6060,"date":"2025-02-17T14:48:55","date_gmt":"2025-02-17T06:48:55","guid":{"rendered":"https:\/\/fayshing.com\/?post_type=product&#038;p=6060"},"modified":"2025-08-08T16:11:42","modified_gmt":"2025-08-08T08:11:42","slug":"caja-de-madera-cofre-caja-rectangulo-cierre-pestillo-pestillos-fs1226","status":"publish","type":"product","link":"https:\/\/fayshing.com\/es-es\/product\/caja-de-madera-cofre-caja-rectangulo-cierre-pestillo-pestillos-fs1226\/","title":{"rendered":"Caja de madera cofre rect\u00e1ngulo cierre pestillo FS1226"},"content":{"rendered":"<p data-start=\"187\" data-end=\"498\">En <strong data-start=\"191\" data-end=\"236\">FS1226 Cierre rectangular Cierre de aldaba<\/strong> es una pieza de ferreter\u00eda pr\u00e1ctica y decorativa dise\u00f1ada para estuches de madera, arcones, cajas de almacenaje y ba\u00fales de regalo. Con su <strong data-start=\"358\" data-end=\"379\">forma rectangular<\/strong> y <strong data-start=\"384\" data-end=\"412\">4 orificios de montaje por juego<\/strong>garantiza un cierre seguro a la vez que a\u00f1ade un toque cl\u00e1sico y refinado a su proyecto.<\/p>\n<p data-start=\"500\" data-end=\"806\">Hecho de <strong data-start=\"510\" data-end=\"526\">hierro resistente<\/strong> y disponible en <strong data-start=\"544\" data-end=\"554\">cromo<\/strong> o <strong data-start=\"558\" data-end=\"568\">dorado<\/strong> acabados, la FS1226 ofrece tanto resistencia como estilo. Su dise\u00f1o compacto y de montaje en superficie facilita su instalaci\u00f3n en una gran variedad de cajas de madera o decorativas, por lo que es ideal para fabricantes de muebles, proyectos de artesan\u00eda y restauraci\u00f3n de cajas.<\/p>\n<p data-start=\"808\" data-end=\"827\"><strong data-start=\"808\" data-end=\"825\">Caracter\u00edsticas principales:<\/strong><\/p>\n<ul data-start=\"828\" data-end=\"1124\">\n<li data-start=\"828\" data-end=\"852\">\n<p data-start=\"830\" data-end=\"852\">C\u00f3digo del producto: FS1226<\/p>\n<\/li>\n<li data-start=\"853\" data-end=\"925\">\n<p data-start=\"855\" data-end=\"925\">Tipo: Pestillo de cierre rectangular para cajas y cofres de madera<\/p>\n<\/li>\n<li data-start=\"926\" data-end=\"986\">\n<p data-start=\"928\" data-end=\"986\">Cantidad de agujeros (por juego): 4 agujeros para una instalaci\u00f3n estable<\/p>\n<\/li>\n<li data-start=\"987\" data-end=\"1005\">\n<p data-start=\"989\" data-end=\"1005\">Material: hierro<\/p>\n<\/li>\n<li data-start=\"1006\" data-end=\"1041\">\n<p data-start=\"1008\" data-end=\"1041\">Opciones de acabado: Cromo \/ Dorado<\/p>\n<\/li>\n<li data-start=\"1042\" data-end=\"1124\">\n<p data-start=\"1044\" data-end=\"1124\">Aplicaciones: Cajas de madera, cofres, cajas de almacenaje, ba\u00fales de regalo, proyectos de artesan\u00eda<\/p>\n<\/li>\n<\/ul>\n<p data-start=\"1126\" data-end=\"1271\">Tanto si eres <strong data-start=\"1142\" data-end=\"1172\">construir una nueva caja de madera<\/strong> o <strong data-start=\"1176\" data-end=\"1203\">restaurar una caja antigua<\/strong>La FS1226 proporciona un cierre seguro y un aspecto limpio y pulido.<\/p>","protected":false},"excerpt":{"rendered":"<ul>\n<li>Malet\u00edn de Madera Caja Cofre Rect\u00e1ngulo Cierre Aldabilla Pestillos<\/li>\n<li>Cantidad de agujeros (por juego): 4 agujeros;<\/li>\n<li>Hierro<\/li>\n<li>Cromo \/ Dorado<\/li>\n<\/ul>","protected":false},"featured_media":6061,"comment_status":"open","ping_status":"closed","template":"","meta":{"_acf_changed":false},"product_brand":[],"product_cat":[273,23],"product_tag":[],"class_list":{"0":"post-6060","1":"product","2":"type-product","3":"status-publish","4":"has-post-thumbnail","6":"product_cat-jewelry-box-latch-hasp","7":"product_cat-latches","8":"pa_material-iron","9":"pa_surface-treatment-chrome","10":"pa_surface-treatment-golden","11":"description-off","13":"first","14":"instock","15":"shipping-taxable","16":"product-type-simple"},"acf":[],"_links":{"self":[{"href":"https:\/\/fayshing.com\/es-es\/wp-json\/wp\/v2\/product\/6060","targetHints":{"allow":["GET"]}}],"collection":[{"href":"https:\/\/fayshing.com\/es-es\/wp-json\/wp\/v2\/product"}],"about":[{"href":"https:\/\/fayshing.com\/es-es\/wp-json\/wp\/v2\/types\/product"}],"replies":[{"embeddable":true,"href":"https:\/\/fayshing.com\/es-es\/wp-json\/wp\/v2\/comments?post=6060"}],"wp:featuredmedia":[{"embeddable":true,"href":"https:\/\/fayshing.com\/es-es\/wp-json\/wp\/v2\/media\/6061"}],"wp:attachment":[{"href":"https:\/\/fayshing.com\/es-es\/wp-json\/wp\/v2\/media?parent=6060"}],"wp:term":[{"taxonomy":"product_brand","embeddable":true,"href":"https:\/\/fayshing.com\/es-es\/wp-json\/wp\/v2\/product_brand?post=6060"},{"taxonomy":"product_cat","embeddable":true,"href":"https:\/\/fayshing.com\/es-es\/wp-json\/wp\/v2\/product_cat?post=6060"},{"taxonomy":"product_tag","embeddable":true,"href":"https:\/\/fayshing.com\/es-es\/wp-json\/wp\/v2\/product_tag?post=6060"}],"curies":[{"name":"wp","href":"https:\/\/api.w.org\/{rel}","templated":true}]}}