{"id":6058,"date":"2025-02-17T14:45:02","date_gmt":"2025-02-17T06:45:02","guid":{"rendered":"https:\/\/fayshing.com\/?post_type=product&#038;p=6058"},"modified":"2025-08-08T15:17:27","modified_gmt":"2025-08-08T07:17:27","slug":"pequena-caja-de-joyeria-cierre-de-pestillo-toggle-hasp-caja-de-regalo-hardware-fs1225","status":"publish","type":"product","link":"https:\/\/fayshing.com\/es-es\/product\/pequena-caja-de-joyeria-cierre-de-pestillo-toggle-hasp-caja-de-regalo-hardware-fs1225\/","title":{"rendered":"Caja de joyer\u00eda peque\u00f1a con cierre de pestillo Toggle Hasp Caja de regalo Hardware FS1225"},"content":{"rendered":"<ul>\n<li>\n<p data-start=\"157\" data-end=\"462\">En <strong data-start=\"161\" data-end=\"201\">FS1225 Cierre de pestillo para joyero peque\u00f1o<\/strong> es un herraje delicado pero duradero dise\u00f1ado para joyeros, cajas de regalo, cofres de recuerdos y otros estuches peque\u00f1os. Con un <strong data-start=\"332\" data-end=\"347\">aldaba basculante<\/strong> mecanismo y <strong data-start=\"362\" data-end=\"390\">4 orificios de montaje por juego<\/strong>Ofrece un cierre seguro al tiempo que mantiene un aspecto elegante y refinado.<\/p>\n<p data-start=\"464\" data-end=\"764\">Fabricado en <strong data-start=\"477\" data-end=\"498\">hierro de alta calidad<\/strong> y disponible en <strong data-start=\"516\" data-end=\"526\">cromo<\/strong> o <strong data-start=\"530\" data-end=\"540\">dorado<\/strong> acabados, la FS1225 combina resistencia y estilo, lo que la hace adecuada tanto para aplicaciones funcionales como decorativas. Su tama\u00f1o compacto lo hace ideal para maletines peque\u00f1os de madera o cuero en los que la precisi\u00f3n y la est\u00e9tica importan.<\/p>\n<p data-start=\"766\" data-end=\"785\"><strong data-start=\"766\" data-end=\"783\">Caracter\u00edsticas principales:<\/strong><\/p>\n<ul data-start=\"786\" data-end=\"1084\">\n<li data-start=\"786\" data-end=\"810\">\n<p data-start=\"788\" data-end=\"810\">C\u00f3digo del producto: FS1225<\/p>\n<\/li>\n<li data-start=\"811\" data-end=\"864\">\n<p data-start=\"813\" data-end=\"864\">Tipo: Peque\u00f1a caja de joyer\u00eda cierre de pestillo \/ toggle hasp<\/p>\n<\/li>\n<li data-start=\"865\" data-end=\"921\">\n<p data-start=\"867\" data-end=\"921\">Cantidad de agujeros (por juego): 4 agujeros para un montaje seguro<\/p>\n<\/li>\n<li data-start=\"922\" data-end=\"940\">\n<p data-start=\"924\" data-end=\"940\">Material: hierro<\/p>\n<\/li>\n<li data-start=\"941\" data-end=\"976\">\n<p data-start=\"943\" data-end=\"976\">Opciones de acabado: Cromo \/ Dorado<\/p>\n<\/li>\n<li data-start=\"977\" data-end=\"1084\">\n<p data-start=\"979\" data-end=\"1084\">Aplicaciones: Joyeros, cajas de regalo, cofres de recuerdos, proyectos de artesan\u00eda, peque\u00f1os estuches de madera o cuero<\/p>\n<\/li>\n<\/ul>\n<p data-start=\"1086\" data-end=\"1251\">Tanto si est\u00e1 reparando un preciado recuerdo como creando una caja de regalo personalizada, la FS1225 ofrece la combinaci\u00f3n perfecta de cierre fiable y atractivo decorativo.<\/p>\n<\/li>\n<\/ul>","protected":false},"excerpt":{"rendered":"<ul>\n<li>Aldaba con cierre de pestillo para joyero peque\u00f1o<\/li>\n<li>Cantidad de agujeros (por juego): 4 agujeros;<\/li>\n<li>Hierro<\/li>\n<li>Cromo \/ Dorado<\/li>\n<\/ul>","protected":false},"featured_media":6059,"comment_status":"open","ping_status":"closed","template":"","meta":{"_acf_changed":false},"product_brand":[],"product_cat":[273,23],"product_tag":[],"class_list":{"0":"post-6058","1":"product","2":"type-product","3":"status-publish","4":"has-post-thumbnail","6":"product_cat-jewelry-box-latch-hasp","7":"product_cat-latches","8":"pa_material-iron","9":"pa_surface-treatment-chrome","10":"pa_surface-treatment-golden","11":"description-off","13":"first","14":"instock","15":"shipping-taxable","16":"product-type-simple"},"acf":[],"_links":{"self":[{"href":"https:\/\/fayshing.com\/es-es\/wp-json\/wp\/v2\/product\/6058","targetHints":{"allow":["GET"]}}],"collection":[{"href":"https:\/\/fayshing.com\/es-es\/wp-json\/wp\/v2\/product"}],"about":[{"href":"https:\/\/fayshing.com\/es-es\/wp-json\/wp\/v2\/types\/product"}],"replies":[{"embeddable":true,"href":"https:\/\/fayshing.com\/es-es\/wp-json\/wp\/v2\/comments?post=6058"}],"wp:featuredmedia":[{"embeddable":true,"href":"https:\/\/fayshing.com\/es-es\/wp-json\/wp\/v2\/media\/6059"}],"wp:attachment":[{"href":"https:\/\/fayshing.com\/es-es\/wp-json\/wp\/v2\/media?parent=6058"}],"wp:term":[{"taxonomy":"product_brand","embeddable":true,"href":"https:\/\/fayshing.com\/es-es\/wp-json\/wp\/v2\/product_brand?post=6058"},{"taxonomy":"product_cat","embeddable":true,"href":"https:\/\/fayshing.com\/es-es\/wp-json\/wp\/v2\/product_cat?post=6058"},{"taxonomy":"product_tag","embeddable":true,"href":"https:\/\/fayshing.com\/es-es\/wp-json\/wp\/v2\/product_tag?post=6058"}],"curies":[{"name":"wp","href":"https:\/\/api.w.org\/{rel}","templated":true}]}}