{"id":6037,"date":"2025-02-12T10:10:11","date_gmt":"2025-02-12T02:10:11","guid":{"rendered":"https:\/\/fayshing.com\/?post_type=product&#038;p=6037"},"modified":"2025-08-08T16:04:52","modified_gmt":"2025-08-08T08:04:52","slug":"caja-de-madera-aldaba-pestillo-cerradura-grande-fs1143","status":"publish","type":"product","link":"https:\/\/fayshing.com\/es-es\/product\/caja-de-madera-aldaba-pestillo-cerradura-grande-fs1143\/","title":{"rendered":"Cerradura de pestillo para caja de madera - Grande FS1143"},"content":{"rendered":"<p data-start=\"143\" data-end=\"409\">En <strong data-start=\"147\" data-end=\"184\">FS1143 Cerradura de pestillo de aldaba para caja de madera<\/strong> es una soluci\u00f3n de herraje robusta y elegante para asegurar grandes cajas de madera, cofres, cajas de almacenaje y ba\u00fales decorativos. Medidas <strong data-start=\"316\" data-end=\"329\">74 \u00d7 45 mm<\/strong>El cierre es fiable y a\u00f1ade un toque refinado a su proyecto.<\/p>\n<p data-start=\"411\" data-end=\"726\">Fabricado en <strong data-start=\"424\" data-end=\"441\">acero duradero<\/strong> y disponible en <strong data-start=\"459\" data-end=\"469\">dorado<\/strong>, <strong data-start=\"471\" data-end=\"481\">cromo<\/strong>o <strong data-start=\"486\" data-end=\"495\">negro<\/strong> acabados, el FS1143 ofrece tanto resistencia como versatilidad est\u00e9tica. Su dise\u00f1o de montaje en superficie permite una instalaci\u00f3n r\u00e1pida y sencilla en una gran variedad de materiales de caja, por lo que resulta ideal para aplicaciones funcionales y decorativas.<\/p>\n<p data-start=\"728\" data-end=\"747\"><strong data-start=\"728\" data-end=\"745\">Caracter\u00edsticas principales:<\/strong><\/p>\n<ul data-start=\"748\" data-end=\"1041\">\n<li data-start=\"748\" data-end=\"772\">\n<p data-start=\"750\" data-end=\"772\">C\u00f3digo del producto: FS1143<\/p>\n<\/li>\n<li data-start=\"773\" data-end=\"821\">\n<p data-start=\"775\" data-end=\"821\">Tipo: Cerradura de pestillo grande para cajas de madera<\/p>\n<\/li>\n<li data-start=\"822\" data-end=\"841\">\n<p data-start=\"824\" data-end=\"841\">Tama\u00f1o: 74 \u00d7 45 mm<\/p>\n<\/li>\n<li data-start=\"842\" data-end=\"861\">\n<p data-start=\"844\" data-end=\"861\">Material: Acero<\/p>\n<\/li>\n<li data-start=\"862\" data-end=\"905\">\n<p data-start=\"864\" data-end=\"905\">Opciones de acabado: Dorado \/ Cromo \/ Negro<\/p>\n<\/li>\n<li data-start=\"906\" data-end=\"947\">\n<p data-start=\"908\" data-end=\"947\">Montaje en superficie para facilitar la instalaci\u00f3n<\/p>\n<\/li>\n<li data-start=\"948\" data-end=\"1041\">\n<p data-start=\"950\" data-end=\"1041\">Aplicaciones: Ba\u00fales de madera, cajas de almacenaje, ba\u00fales de regalo, proyectos de artesan\u00eda, estuches decorativos<\/p>\n<\/li>\n<\/ul>\n<p data-start=\"1043\" data-end=\"1184\">Tanto si est\u00e1 construyendo un nuevo ba\u00fal de almacenamiento como restaurando una caja antigua, el FS1143 proporciona <strong data-start=\"1135\" data-end=\"1181\">fijaci\u00f3n segura y acabado profesional<\/strong>.<\/p>","protected":false},"excerpt":{"rendered":"<ul>\n<li>Cerradura de pestillo para caja de madera - Grande<\/li>\n<li>Acero<\/li>\n<li>Acabado: Dorado \/ Cromo \/ Negro<\/li>\n<li>Tama\u00f1o: 74 \u00d7 45 mm<\/li>\n<\/ul>","protected":false},"featured_media":6038,"comment_status":"open","ping_status":"closed","template":"","meta":{"_acf_changed":false},"product_brand":[],"product_cat":[162,23],"product_tag":[],"class_list":{"0":"post-6037","1":"product","2":"type-product","3":"status-publish","4":"has-post-thumbnail","6":"product_cat-briefcase-draw-latches","7":"product_cat-latches","8":"pa_material-steel","9":"pa_surface-treatment-blue-zinc","10":"pa_surface-treatment-chrome","11":"pa_surface-treatment-golden","12":"description-off","14":"first","15":"instock","16":"shipping-taxable","17":"product-type-simple"},"acf":[],"_links":{"self":[{"href":"https:\/\/fayshing.com\/es-es\/wp-json\/wp\/v2\/product\/6037","targetHints":{"allow":["GET"]}}],"collection":[{"href":"https:\/\/fayshing.com\/es-es\/wp-json\/wp\/v2\/product"}],"about":[{"href":"https:\/\/fayshing.com\/es-es\/wp-json\/wp\/v2\/types\/product"}],"replies":[{"embeddable":true,"href":"https:\/\/fayshing.com\/es-es\/wp-json\/wp\/v2\/comments?post=6037"}],"wp:featuredmedia":[{"embeddable":true,"href":"https:\/\/fayshing.com\/es-es\/wp-json\/wp\/v2\/media\/6038"}],"wp:attachment":[{"href":"https:\/\/fayshing.com\/es-es\/wp-json\/wp\/v2\/media?parent=6037"}],"wp:term":[{"taxonomy":"product_brand","embeddable":true,"href":"https:\/\/fayshing.com\/es-es\/wp-json\/wp\/v2\/product_brand?post=6037"},{"taxonomy":"product_cat","embeddable":true,"href":"https:\/\/fayshing.com\/es-es\/wp-json\/wp\/v2\/product_cat?post=6037"},{"taxonomy":"product_tag","embeddable":true,"href":"https:\/\/fayshing.com\/es-es\/wp-json\/wp\/v2\/product_tag?post=6037"}],"curies":[{"name":"wp","href":"https:\/\/api.w.org\/{rel}","templated":true}]}}