{"id":5595,"date":"2024-11-23T10:58:18","date_gmt":"2024-11-23T02:58:18","guid":{"rendered":"https:\/\/fayshing.com\/?post_type=product&#038;p=5595"},"modified":"2025-02-17T11:40:20","modified_gmt":"2025-02-17T03:40:20","slug":"mini-buzon-baul-pestillo-pestillo-pestillo-cierre-aldabas-fs1160","status":"publish","type":"product","link":"https:\/\/fayshing.com\/es-es\/product\/mini-buzon-baul-pestillo-pestillo-pestillo-cierre-aldabas-fs1160\/","title":{"rendered":"Mini Pestillo de Traba para Cofre de Buz\u00f3n FS1160"},"content":{"rendered":"<h2>Descripci\u00f3n del Mini Pestillo de Traba para Cofre de Buz\u00f3n<\/h2>\n<p>Presentamos el mini pestillo de traba para cofre de buz\u00f3n, un accesorio esencial para asegurar tus pertenencias. Este robusto mecanismo de pestillo est\u00e1 dise\u00f1ado para una durabilidad y funcionalidad \u00f3ptimas, lo que lo convierte en una opci\u00f3n perfecta para diversas necesidades de almacenamiento.<\/p>\n<h2>Especificaciones y Caracter\u00edsticas<\/h2>\n<p>Fabricado en hierro de alta calidad, el pestillo mide 35\u00d729mm, lo que garantiza un ajuste perfecto para la mayor\u00eda de los cofres y ba\u00fales. Los acabados disponibles incluyen elegante dorado, cromado elegante y negro cl\u00e1sico, ofreciendo versatilidad est\u00e9tica para combinar con tu decoraci\u00f3n.<\/p>\n<h2>\u00bfPor qu\u00e9 elegir nuestro pestillo de traba?<\/h2>\n<p>Con el n\u00famero de pieza FS1160, este pestillo no solo mejora la seguridad, sino que tambi\u00e9n eleva el dise\u00f1o general de tu mini buz\u00f3n o cofre. Su dise\u00f1o de cierre confiable asegura que tus pertenencias permanezcan seguras, combinando forma y funci\u00f3n en un solo producto.<\/p>","protected":false},"excerpt":{"rendered":"<ul>\n<li>Mini Pestillo de Traba para Cofre de Buz\u00f3n<\/li>\n<li>N\u00ba de pieza: FS1160;<\/li>\n<li>Material: Hierro<\/li>\n<li>Tama\u00f1o: 35\u00d729 mm;<\/li>\n<li>Acabado: Dorado, Cromo, Negro, Otro<\/li>\n<\/ul>","protected":false},"featured_media":5596,"comment_status":"open","ping_status":"closed","template":"","meta":{"_acf_changed":false},"product_brand":[],"product_cat":[273,23],"product_tag":[],"class_list":{"0":"post-5595","1":"product","2":"type-product","3":"status-publish","4":"has-post-thumbnail","6":"product_cat-jewelry-box-latch-hasp","7":"product_cat-latches","8":"pa_material-iron","9":"pa_surface-treatment-black","10":"pa_surface-treatment-chrome","11":"pa_surface-treatment-golden","12":"description-off","14":"first","15":"instock","16":"shipping-taxable","17":"product-type-simple"},"acf":[],"_links":{"self":[{"href":"https:\/\/fayshing.com\/es-es\/wp-json\/wp\/v2\/product\/5595","targetHints":{"allow":["GET"]}}],"collection":[{"href":"https:\/\/fayshing.com\/es-es\/wp-json\/wp\/v2\/product"}],"about":[{"href":"https:\/\/fayshing.com\/es-es\/wp-json\/wp\/v2\/types\/product"}],"replies":[{"embeddable":true,"href":"https:\/\/fayshing.com\/es-es\/wp-json\/wp\/v2\/comments?post=5595"}],"wp:featuredmedia":[{"embeddable":true,"href":"https:\/\/fayshing.com\/es-es\/wp-json\/wp\/v2\/media\/5596"}],"wp:attachment":[{"href":"https:\/\/fayshing.com\/es-es\/wp-json\/wp\/v2\/media?parent=5595"}],"wp:term":[{"taxonomy":"product_brand","embeddable":true,"href":"https:\/\/fayshing.com\/es-es\/wp-json\/wp\/v2\/product_brand?post=5595"},{"taxonomy":"product_cat","embeddable":true,"href":"https:\/\/fayshing.com\/es-es\/wp-json\/wp\/v2\/product_cat?post=5595"},{"taxonomy":"product_tag","embeddable":true,"href":"https:\/\/fayshing.com\/es-es\/wp-json\/wp\/v2\/product_tag?post=5595"}],"curies":[{"name":"wp","href":"https:\/\/api.w.org\/{rel}","templated":true}]}}