{"id":5580,"date":"2024-11-22T14:43:03","date_gmt":"2024-11-22T06:43:03","guid":{"rendered":"https:\/\/fayshing.com\/?post_type=product&#038;p=5580"},"modified":"2025-08-08T15:49:45","modified_gmt":"2025-08-08T07:49:45","slug":"42x46mm-cierre-basculante-pequeno-acabado-laton-cierre-fs1087","status":"publish","type":"product","link":"https:\/\/fayshing.com\/es-es\/product\/42x46mm-cierre-basculante-pequeno-acabado-laton-cierre-fs1087\/","title":{"rendered":"Pestillo peque\u00f1o con acabado en lat\u00f3n, 42\u00d746mm, con gancho de resorte FS1087"},"content":{"rendered":"<p data-start=\"162\" data-end=\"415\">En <strong data-start=\"166\" data-end=\"194\">FS1087 Pestillo de cierre giratorio<\/strong> es una soluci\u00f3n de cierre compacta y vers\u00e1til para cajas peque\u00f1as, estuches y contenedores decorativos. Medidas <strong data-start=\"308\" data-end=\"321\">42 \u00d7 46 mm<\/strong>El gancho de seguridad, que ofrece un m\u00e9todo de cierre seguro y a\u00f1ade un toque refinado y cl\u00e1sico a su proyecto.<\/p>\n<p data-start=\"417\" data-end=\"724\">Hecho de <strong data-start=\"427\" data-end=\"444\">acero duradero<\/strong> y disponible en <strong data-start=\"462\" data-end=\"470\">oro<\/strong>, <strong data-start=\"472\" data-end=\"482\">cromo<\/strong>o <strong data-start=\"487\" data-end=\"496\">negro<\/strong> acabados, el FS1087 es adecuado tanto para fines funcionales como decorativos. Su cierre basculante permite una apertura y cierre r\u00e1pidos, por lo que es ideal para joyeros, cajas de regalo, cofres de recuerdos y peque\u00f1os estuches de madera.<\/p>\n<p data-start=\"726\" data-end=\"745\"><strong data-start=\"726\" data-end=\"743\">Caracter\u00edsticas principales:<\/strong><\/p>\n<ul data-start=\"746\" data-end=\"1015\">\n<li data-start=\"746\" data-end=\"770\">\n<p data-start=\"748\" data-end=\"770\">C\u00f3digo del producto: FS1087<\/p>\n<\/li>\n<li data-start=\"771\" data-end=\"804\">\n<p data-start=\"773\" data-end=\"804\">Tipo: Peque\u00f1o pestillo basculante<\/p>\n<\/li>\n<li data-start=\"805\" data-end=\"824\">\n<p data-start=\"807\" data-end=\"824\">Tama\u00f1o: 42 \u00d7 46 mm<\/p>\n<\/li>\n<li data-start=\"825\" data-end=\"844\">\n<p data-start=\"827\" data-end=\"844\">Material: Acero<\/p>\n<\/li>\n<li data-start=\"845\" data-end=\"886\">\n<p data-start=\"847\" data-end=\"886\">Opciones de acabado: Oro \/ Cromo \/ Negro<\/p>\n<\/li>\n<li data-start=\"887\" data-end=\"933\">\n<p data-start=\"889\" data-end=\"933\">Dise\u00f1o compacto, decorativo y funcional<\/p>\n<\/li>\n<li data-start=\"934\" data-end=\"1015\">\n<p data-start=\"936\" data-end=\"1015\">Aplicaciones: Cajas de joyer\u00eda, cajas de regalo, cofres de recuerdos, peque\u00f1as cajas de almacenamiento<\/p>\n<\/li>\n<\/ul>\n<p data-start=\"1017\" data-end=\"1150\">El FS1087 es la elecci\u00f3n perfecta para a\u00f1adir tanto <strong data-start=\"1066\" data-end=\"1087\">cierre pr\u00e1ctico<\/strong> y <strong data-start=\"1092\" data-end=\"1112\">atractivo est\u00e9tico<\/strong> a peque\u00f1os proyectos de artesan\u00eda o almacenamiento.<\/p>","protected":false},"excerpt":{"rendered":"<ul>\n<li>Tama\u00f1o: 42\u00d746 mm;<\/li>\n<li>Material: Acero;<\/li>\n<li>Acabado: Oro, Cromo, Negro<\/li>\n<\/ul>","protected":false},"featured_media":5581,"comment_status":"open","ping_status":"closed","template":"","meta":{"_acf_changed":false},"product_brand":[],"product_cat":[273,23],"product_tag":[],"class_list":{"0":"post-5580","1":"product","2":"type-product","3":"status-publish","4":"has-post-thumbnail","6":"product_cat-jewelry-box-latch-hasp","7":"product_cat-latches","8":"description-off","10":"first","11":"instock","12":"shipping-taxable","13":"product-type-simple"},"acf":[],"_links":{"self":[{"href":"https:\/\/fayshing.com\/es-es\/wp-json\/wp\/v2\/product\/5580","targetHints":{"allow":["GET"]}}],"collection":[{"href":"https:\/\/fayshing.com\/es-es\/wp-json\/wp\/v2\/product"}],"about":[{"href":"https:\/\/fayshing.com\/es-es\/wp-json\/wp\/v2\/types\/product"}],"replies":[{"embeddable":true,"href":"https:\/\/fayshing.com\/es-es\/wp-json\/wp\/v2\/comments?post=5580"}],"wp:featuredmedia":[{"embeddable":true,"href":"https:\/\/fayshing.com\/es-es\/wp-json\/wp\/v2\/media\/5581"}],"wp:attachment":[{"href":"https:\/\/fayshing.com\/es-es\/wp-json\/wp\/v2\/media?parent=5580"}],"wp:term":[{"taxonomy":"product_brand","embeddable":true,"href":"https:\/\/fayshing.com\/es-es\/wp-json\/wp\/v2\/product_brand?post=5580"},{"taxonomy":"product_cat","embeddable":true,"href":"https:\/\/fayshing.com\/es-es\/wp-json\/wp\/v2\/product_cat?post=5580"},{"taxonomy":"product_tag","embeddable":true,"href":"https:\/\/fayshing.com\/es-es\/wp-json\/wp\/v2\/product_tag?post=5580"}],"curies":[{"name":"wp","href":"https:\/\/api.w.org\/{rel}","templated":true}]}}