{"id":5489,"date":"2024-11-11T16:12:16","date_gmt":"2024-11-11T08:12:16","guid":{"rendered":"https:\/\/fayshing.com\/?post_type=product&#038;p=5489"},"modified":"2025-08-08T16:00:51","modified_gmt":"2025-08-08T08:00:51","slug":"bisagra-de-piano-pequena-para-joyero-fs5063","status":"publish","type":"product","link":"https:\/\/fayshing.com\/es-es\/product\/bisagra-de-piano-pequena-para-joyero-fs5063\/","title":{"rendered":"Bisagra de piano peque\u00f1a para caja de joyas FS5063"},"content":{"rendered":"<p data-start=\"148\" data-end=\"444\">En <strong data-start=\"152\" data-end=\"180\">FS5063 Bisagra de piano peque\u00f1a<\/strong> es una soluci\u00f3n de bisagra elegante y duradera dise\u00f1ada para joyeros, cajas de regalo, cofres de recuerdos y otros peque\u00f1os estuches de madera. Medidas <strong data-start=\"316\" data-end=\"329\">100 \u00d7 9 mm<\/strong> y con <strong data-start=\"344\" data-end=\"369\">6 agujeros espaciados uniformemente<\/strong>El sistema de alineaci\u00f3n de tapas y puertas proporciona un funcionamiento suave y una alineaci\u00f3n fiable.<\/p>\n<p data-start=\"446\" data-end=\"729\">Hecho de <strong data-start=\"456\" data-end=\"478\">acero de alta calidad<\/strong> y disponible en <strong data-start=\"496\" data-end=\"506\">cromo<\/strong>, <strong data-start=\"508\" data-end=\"516\">oro<\/strong>o <strong data-start=\"521\" data-end=\"530\">negro<\/strong> acabados, la FS5063 ofrece tanto resistencia como estilo para adaptarse a una gran variedad de dise\u00f1os de cajas. Su tama\u00f1o compacto la hace perfecta para proyectos delicados en los que la precisi\u00f3n y la est\u00e9tica son igual de importantes.<\/p>\n<p data-start=\"731\" data-end=\"750\"><strong data-start=\"731\" data-end=\"748\">Caracter\u00edsticas principales:<\/strong><\/p>\n<ul data-start=\"751\" data-end=\"1051\">\n<li data-start=\"751\" data-end=\"775\">\n<p data-start=\"753\" data-end=\"775\">C\u00f3digo del producto: FS5063<\/p>\n<\/li>\n<li data-start=\"776\" data-end=\"821\">\n<p data-start=\"778\" data-end=\"821\">Tipo: Bisagra de piano peque\u00f1a para joyeros<\/p>\n<\/li>\n<li data-start=\"822\" data-end=\"841\">\n<p data-start=\"824\" data-end=\"841\">Tama\u00f1o: 100 \u00d7 9 mm<\/p>\n<\/li>\n<li data-start=\"842\" data-end=\"892\">\n<p data-start=\"844\" data-end=\"892\">Cantidad de agujeros: 6 agujeros para una instalaci\u00f3n segura<\/p>\n<\/li>\n<li data-start=\"893\" data-end=\"912\">\n<p data-start=\"895\" data-end=\"912\">Material: Acero<\/p>\n<\/li>\n<li data-start=\"913\" data-end=\"954\">\n<p data-start=\"915\" data-end=\"954\">Opciones de acabado: Cromo \/ Oro \/ Negro<\/p>\n<\/li>\n<li data-start=\"955\" data-end=\"1051\">\n<p data-start=\"957\" data-end=\"1051\">Aplicaciones: Cajas de joyer\u00eda, cajas de regalo, cofres de recuerdos, proyectos de artesan\u00eda, peque\u00f1os estuches de madera<\/p>\n<\/li>\n<\/ul>\n<p data-start=\"1053\" data-end=\"1195\">El FS5063 es ideal tanto para <strong data-start=\"1082\" data-end=\"1106\">nueva construcci\u00f3n de cajas<\/strong> y <strong data-start=\"1111\" data-end=\"1131\">trabajos de restauraci\u00f3n<\/strong>combinando funcionalidad con un acabado refinado y profesional.<\/p>","protected":false},"excerpt":{"rendered":"<ul>\n<li>6 agujeros, bisagra de piano peque\u00f1a para caja de joyas<\/li>\n<li>100 x 9 mm<\/li>\n<li>cromo \/ oro \/ negro<\/li>\n<li>Acero<\/li>\n<\/ul>","protected":false},"featured_media":5490,"comment_status":"open","ping_status":"closed","template":"","meta":{"_acf_changed":false},"product_brand":[],"product_cat":[114,131],"product_tag":[],"class_list":{"0":"post-5489","1":"product","2":"type-product","3":"status-publish","4":"has-post-thumbnail","6":"product_cat-hinges-lid-stays","7":"product_cat-rectangle-hinges","8":"pa_material-iron","9":"pa_parts-no-fs5063","10":"pa_surface-treatment-black","11":"pa_surface-treatment-chrome","12":"pa_surface-treatment-golden","13":"description-off","15":"first","16":"instock","17":"shipping-taxable","18":"product-type-simple"},"acf":[],"_links":{"self":[{"href":"https:\/\/fayshing.com\/es-es\/wp-json\/wp\/v2\/product\/5489","targetHints":{"allow":["GET"]}}],"collection":[{"href":"https:\/\/fayshing.com\/es-es\/wp-json\/wp\/v2\/product"}],"about":[{"href":"https:\/\/fayshing.com\/es-es\/wp-json\/wp\/v2\/types\/product"}],"replies":[{"embeddable":true,"href":"https:\/\/fayshing.com\/es-es\/wp-json\/wp\/v2\/comments?post=5489"}],"wp:featuredmedia":[{"embeddable":true,"href":"https:\/\/fayshing.com\/es-es\/wp-json\/wp\/v2\/media\/5490"}],"wp:attachment":[{"href":"https:\/\/fayshing.com\/es-es\/wp-json\/wp\/v2\/media?parent=5489"}],"wp:term":[{"taxonomy":"product_brand","embeddable":true,"href":"https:\/\/fayshing.com\/es-es\/wp-json\/wp\/v2\/product_brand?post=5489"},{"taxonomy":"product_cat","embeddable":true,"href":"https:\/\/fayshing.com\/es-es\/wp-json\/wp\/v2\/product_cat?post=5489"},{"taxonomy":"product_tag","embeddable":true,"href":"https:\/\/fayshing.com\/es-es\/wp-json\/wp\/v2\/product_tag?post=5489"}],"curies":[{"name":"wp","href":"https:\/\/api.w.org\/{rel}","templated":true}]}}