{"id":4839,"date":"2024-06-07T11:23:28","date_gmt":"2024-06-07T03:23:28","guid":{"rendered":"https:\/\/fayshing.com\/?post_type=product&#038;p=4839"},"modified":"2025-08-05T13:41:09","modified_gmt":"2025-08-05T05:41:09","slug":"metal-small-wooden-box-hinges-180-degree-fs-5002","status":"publish","type":"product","link":"https:\/\/fayshing.com\/es-es\/product\/metal-small-wooden-box-hinges-180-degree-fs-5002\/","title":{"rendered":"Bisagras de metal para caja de madera peque\u00f1a 180 grados FS-5002"},"content":{"rendered":"<p data-start=\"129\" data-end=\"476\">A\u00f1ada un refinado toque final a sus cajas artesanales con el <strong data-start=\"194\" data-end=\"241\">FS-5002 Bisagras met\u00e1licas para cajas de madera peque\u00f1as<\/strong>. Dise\u00f1adas pensando tanto en la forma como en la funcionalidad, estas compactas <strong data-start=\"303\" data-end=\"324\">Bisagras de 180 grados<\/strong> ofrecen un funcionamiento suave y un amplio \u00e1ngulo de apertura, por lo que son ideales para joyeros, cofres de recuerdos, cajas de regalo y otros recipientes peque\u00f1os de madera.<\/p>\n<p data-start=\"478\" data-end=\"833\">Medici\u00f3n justa <strong data-start=\"493\" data-end=\"525\">26,5\u00d721 mm (1,04\u00d70,83 pulgadas)<\/strong>Estas bisagras est\u00e1n fabricadas con <strong data-start=\"562\" data-end=\"570\">hierro<\/strong> y est\u00e1n disponibles en tres elegantes acabados: <strong data-start=\"616\" data-end=\"626\">cromo<\/strong>, <strong data-start=\"628\" data-end=\"636\">oro<\/strong>, y <strong data-start=\"642\" data-end=\"651\">negro<\/strong>para adaptarse a una gran variedad de est\u00e9ticas de dise\u00f1o. Tanto si desea restaurar una caja antigua como crear una nueva, estas <strong data-start=\"765\" data-end=\"798\">bisagras para cajas de madera peque\u00f1as<\/strong> ofrecen tanto estabilidad como elegancia.<\/p>\n<p data-start=\"835\" data-end=\"852\"><strong data-start=\"835\" data-end=\"852\">Caracter\u00edsticas principales:<\/strong><\/p>\n<ul data-start=\"853\" data-end=\"1096\">\n<li data-start=\"853\" data-end=\"878\">\n<p data-start=\"855\" data-end=\"878\">C\u00f3digo del producto: FS-5002<\/p>\n<\/li>\n<li data-start=\"879\" data-end=\"925\">\n<p data-start=\"881\" data-end=\"925\">Aplicaci\u00f3n: Bisagras para peque\u00f1as cajas de madera<\/p>\n<\/li>\n<li data-start=\"926\" data-end=\"944\">\n<p data-start=\"928\" data-end=\"944\">Material: hierro<\/p>\n<\/li>\n<li data-start=\"945\" data-end=\"984\">\n<p data-start=\"947\" data-end=\"984\">Opciones de acabado: Cromo, Oro, Negro<\/p>\n<\/li>\n<li data-start=\"985\" data-end=\"1021\">\n<p data-start=\"987\" data-end=\"1021\">Tama\u00f1o: 26,5\u00d721 mm \/ 1,04\u00d70,83 pulgadas<\/p>\n<\/li>\n<li data-start=\"1022\" data-end=\"1045\">\n<p data-start=\"1024\" data-end=\"1045\">\u00c1ngulo de apertura: 180<\/p>\n<\/li>\n<li data-start=\"1046\" data-end=\"1096\">\n<p data-start=\"1048\" data-end=\"1096\">Dise\u00f1o elegante y compacto para una instalaci\u00f3n precisa<\/p>\n<\/li>\n<\/ul>\n<p data-start=\"1098\" data-end=\"1235\">Perfecta para proyectos de bricolaje, artesan\u00eda o fabricaci\u00f3n profesional de cajas, la FS-5002 proporciona una soluci\u00f3n de bisagra fiable y visualmente atractiva.<\/p>","protected":false},"excerpt":{"rendered":"<ul>\n<li>bisagras para cajas de madera peque\u00f1as<\/li>\n<li>Sitio: 26,5 \u00d7 21 mm \/ 1,04 \u00d7 0,83 pulgadas<\/li>\n<li>Material: hierro<\/li>\n<li>Cromo: Cromo\/oro\/negro<\/li>\n<li>180 grados<\/li>\n<\/ul>","protected":false},"featured_media":4840,"comment_status":"open","ping_status":"closed","template":"","meta":{"_acf_changed":false},"product_brand":[],"product_cat":[114,130],"product_tag":[],"class_list":{"0":"post-4839","1":"product","2":"type-product","3":"status-publish","4":"has-post-thumbnail","6":"product_cat-hinges-lid-stays","7":"product_cat-plum-shaped-hinges","8":"description-off","10":"first","11":"instock","12":"shipping-taxable","13":"product-type-simple"},"acf":[],"_links":{"self":[{"href":"https:\/\/fayshing.com\/es-es\/wp-json\/wp\/v2\/product\/4839","targetHints":{"allow":["GET"]}}],"collection":[{"href":"https:\/\/fayshing.com\/es-es\/wp-json\/wp\/v2\/product"}],"about":[{"href":"https:\/\/fayshing.com\/es-es\/wp-json\/wp\/v2\/types\/product"}],"replies":[{"embeddable":true,"href":"https:\/\/fayshing.com\/es-es\/wp-json\/wp\/v2\/comments?post=4839"}],"wp:featuredmedia":[{"embeddable":true,"href":"https:\/\/fayshing.com\/es-es\/wp-json\/wp\/v2\/media\/4840"}],"wp:attachment":[{"href":"https:\/\/fayshing.com\/es-es\/wp-json\/wp\/v2\/media?parent=4839"}],"wp:term":[{"taxonomy":"product_brand","embeddable":true,"href":"https:\/\/fayshing.com\/es-es\/wp-json\/wp\/v2\/product_brand?post=4839"},{"taxonomy":"product_cat","embeddable":true,"href":"https:\/\/fayshing.com\/es-es\/wp-json\/wp\/v2\/product_cat?post=4839"},{"taxonomy":"product_tag","embeddable":true,"href":"https:\/\/fayshing.com\/es-es\/wp-json\/wp\/v2\/product_tag?post=4839"}],"curies":[{"name":"wp","href":"https:\/\/api.w.org\/{rel}","templated":true}]}}