{"id":4164,"date":"2022-07-27T15:10:39","date_gmt":"2022-07-27T07:10:39","guid":{"rendered":"https:\/\/fayshing.com\/?post_type=product&#038;p=4164"},"modified":"2025-08-07T09:40:13","modified_gmt":"2025-08-07T01:40:13","slug":"eva-pinhole-cotton-40-degrees-thick-20mm","status":"publish","type":"product","link":"https:\/\/fayshing.com\/es-es\/product\/eva-pinhole-cotton-40-degrees-thick-20mm\/","title":{"rendered":"EVA Flightcase Espuma pinhole algod\u00f3n 20mm espesor FS-C014"},"content":{"rendered":"<p><strong>EVA Flightcase Espuma pinhole algod\u00f3n 20mm espesor FS-C014<\/strong><\/p>\n<ol>\n<li>Tama\u00f1o: 1000*2000*20mm o personalizado;<\/li>\n<li>Material: EVA<\/li>\n<li>Ventajas: La espuma de densidad media ofrece una excelente protecci\u00f3n, f\u00e1cil de instalar en estuches de vuelo compatibles \/ varios estuches;<\/li>\n<li>Utilizado: Espuma de flight case, espuma de trolly case, decoraci\u00f3n de muebles, etc.<\/li>\n<\/ol>\n<p>El juego de espuma para estuches de vuelo est\u00e1 dise\u00f1ado para proporcionar protecci\u00f3n adicional en estuches de vuelo compatibles. Los paneles de espuma de densidad media aseguran y protegen, manteniendo en su lugar y absorbiendo los golpes para proteger equipos delicados durante el tr\u00e1nsito.<\/p>\n<p>Con los insertos de espuma para estuches de vuelo, puedes personalizar r\u00e1pidamente la forma de la protecci\u00f3n de espuma seg\u00fan tus necesidades. Con cubos de espuma precortados que se pueden quitar sin herramientas, todo lo que necesitas hacer es quitar una secci\u00f3n adecuada a la forma de tu equipo.<\/p>","protected":false},"excerpt":{"rendered":"<ol>\n<li>Tama\u00f1o: 1000*2000*20mm o personalizado;<\/li>\n<li>Material: EVA<\/li>\n<li>Ventajas: La espuma de densidad media ofrece una excelente protecci\u00f3n, f\u00e1cil de instalar en estuches de vuelo compatibles \/ varios estuches;<\/li>\n<li>Utilizado: Espuma de flight case, espuma de trolly case, decoraci\u00f3n de muebles, etc.<\/li>\n<\/ol>","protected":false},"featured_media":4166,"comment_status":"closed","ping_status":"closed","template":"","meta":{"_acf_changed":false},"product_brand":[],"product_cat":[110],"product_tag":[],"class_list":{"0":"post-4164","1":"product","2":"type-product","3":"status-publish","4":"has-post-thumbnail","6":"product_cat-panels-and-laminates","7":"pa_application-flight-case-trolly-case-furniture-decoration-etc","8":"pa_delivery-time-please-contact-sales-staff","9":"pa_material-eva","10":"description-off","12":"first","13":"instock","14":"shipping-taxable","15":"product-type-simple"},"acf":[],"_links":{"self":[{"href":"https:\/\/fayshing.com\/es-es\/wp-json\/wp\/v2\/product\/4164","targetHints":{"allow":["GET"]}}],"collection":[{"href":"https:\/\/fayshing.com\/es-es\/wp-json\/wp\/v2\/product"}],"about":[{"href":"https:\/\/fayshing.com\/es-es\/wp-json\/wp\/v2\/types\/product"}],"replies":[{"embeddable":true,"href":"https:\/\/fayshing.com\/es-es\/wp-json\/wp\/v2\/comments?post=4164"}],"wp:featuredmedia":[{"embeddable":true,"href":"https:\/\/fayshing.com\/es-es\/wp-json\/wp\/v2\/media\/4166"}],"wp:attachment":[{"href":"https:\/\/fayshing.com\/es-es\/wp-json\/wp\/v2\/media?parent=4164"}],"wp:term":[{"taxonomy":"product_brand","embeddable":true,"href":"https:\/\/fayshing.com\/es-es\/wp-json\/wp\/v2\/product_brand?post=4164"},{"taxonomy":"product_cat","embeddable":true,"href":"https:\/\/fayshing.com\/es-es\/wp-json\/wp\/v2\/product_cat?post=4164"},{"taxonomy":"product_tag","embeddable":true,"href":"https:\/\/fayshing.com\/es-es\/wp-json\/wp\/v2\/product_tag?post=4164"}],"curies":[{"name":"wp","href":"https:\/\/api.w.org\/{rel}","templated":true}]}}