{"id":4161,"date":"2022-07-27T14:59:58","date_gmt":"2022-07-27T06:59:58","guid":{"rendered":"https:\/\/fayshing.com\/?post_type=product&#038;p=4161"},"modified":"2025-08-07T09:34:18","modified_gmt":"2025-08-07T01:34:18","slug":"high-density-eva-egg-crate-foam-insert","status":"publish","type":"product","link":"https:\/\/fayshing.com\/es-es\/product\/high-density-eva-egg-crate-foam-insert\/","title":{"rendered":"Comstom Alta Densidad Flight Case Espuma EVA Inserto"},"content":{"rendered":"<ol>\n<li>Tama\u00f1o: 1500*3000*20mm o personalizado;<\/li>\n<li>Material: EVA<\/li>\n<li>Ventajas: Espuma de alta densidad flight case ofrece una excelente protecci\u00f3n, F\u00e1cil de instalar en el inserto de espuma flight case compatible \/ varios casos inserto de espuma;<\/li>\n<li>Usado en: estuches de vuelo, estuches de carrito, decoraci\u00f3n de muebles, etc.<\/li>\n<\/ol>\n<p>El juego de insertos de espuma de alta densidad para estuches de vuelo est\u00e1 dise\u00f1ado para proporcionar protecci\u00f3n adicional en estuches de vuelo compatibles. Los paneles de espuma de densidad media aseguran y protegen, manteniendo en su lugar y absorbiendo los golpes para proteger equipos delicados durante el tr\u00e1nsito.<\/p>\n<p>Con los insertos de espuma para estuches de vuelo, puedes personalizar r\u00e1pidamente la forma de la protecci\u00f3n de espuma seg\u00fan tus necesidades. Con cubos de espuma precortados que se pueden quitar sin herramientas, todo lo que necesitas hacer es quitar una secci\u00f3n adecuada a la forma de tu equipo.<\/p>","protected":false},"excerpt":{"rendered":"<ol>\n<li>Tama\u00f1o: 1500*3000*20mm o personalizado;<\/li>\n<li>Material: EVA<\/li>\n<li>Ventajas: La espuma de alta densidad ofrece una excelente protecci\u00f3n, f\u00e1cil de instalar en estuches de vuelo compatibles \/ varios estuches;<\/li>\n<li>Usado en: estuches de vuelo, estuches de carrito, decoraci\u00f3n de muebles, etc.<\/li>\n<\/ol>","protected":false},"featured_media":4163,"comment_status":"closed","ping_status":"closed","template":"","meta":{"_acf_changed":false},"product_brand":[],"product_cat":[110],"product_tag":[],"class_list":{"0":"post-4161","1":"product","2":"type-product","3":"status-publish","4":"has-post-thumbnail","6":"product_cat-panels-and-laminates","7":"pa_application-flight-case-trolly-case-furniture-decoration-etc","8":"pa_delivery-time-please-contact-sales-staff","9":"pa_material-eva","10":"description-off","12":"first","13":"instock","14":"shipping-taxable","15":"product-type-simple"},"acf":[],"_links":{"self":[{"href":"https:\/\/fayshing.com\/es-es\/wp-json\/wp\/v2\/product\/4161","targetHints":{"allow":["GET"]}}],"collection":[{"href":"https:\/\/fayshing.com\/es-es\/wp-json\/wp\/v2\/product"}],"about":[{"href":"https:\/\/fayshing.com\/es-es\/wp-json\/wp\/v2\/types\/product"}],"replies":[{"embeddable":true,"href":"https:\/\/fayshing.com\/es-es\/wp-json\/wp\/v2\/comments?post=4161"}],"wp:featuredmedia":[{"embeddable":true,"href":"https:\/\/fayshing.com\/es-es\/wp-json\/wp\/v2\/media\/4163"}],"wp:attachment":[{"href":"https:\/\/fayshing.com\/es-es\/wp-json\/wp\/v2\/media?parent=4161"}],"wp:term":[{"taxonomy":"product_brand","embeddable":true,"href":"https:\/\/fayshing.com\/es-es\/wp-json\/wp\/v2\/product_brand?post=4161"},{"taxonomy":"product_cat","embeddable":true,"href":"https:\/\/fayshing.com\/es-es\/wp-json\/wp\/v2\/product_cat?post=4161"},{"taxonomy":"product_tag","embeddable":true,"href":"https:\/\/fayshing.com\/es-es\/wp-json\/wp\/v2\/product_tag?post=4161"}],"curies":[{"name":"wp","href":"https:\/\/api.w.org\/{rel}","templated":true}]}}