{"id":4114,"date":"2022-07-27T10:41:29","date_gmt":"2022-07-27T02:41:29","guid":{"rendered":"https:\/\/fayshing.com\/?post_type=product&#038;p=4114"},"modified":"2025-01-10T13:55:51","modified_gmt":"2025-01-10T05:55:51","slug":"camouflage-pattern-panels-fs8031","status":"publish","type":"product","link":"https:\/\/fayshing.com\/es-es\/product\/camouflage-pattern-panels-fs8031\/","title":{"rendered":"Paneles con patr\u00f3n de camuflaje FS8031"},"content":{"rendered":"<ol>\n<li>Tama\u00f1o: 1220*2440mm o personalizado;<\/li>\n<li>Material: Eucalipto + aluminio + fen\u00f3lico;<\/li>\n<li>Ventajas: Textura de gusano gris plateado;<\/li>\n<li>Usado en: estuches de vuelo, estuches de carrito, decoraci\u00f3n de muebles, etc.<\/li>\n<\/ol>\n<p>Ventajas:<\/p>\n<ul>\n<li>Peso ligero: elegimos el eucalipto y el \u00e1lamo de alta calidad como material b\u00e1sico, que son muy ligeros.<\/li>\n<li>F\u00e1cil de cortar: el contrachapado es f\u00e1cil de cortar, por lo que seg\u00fan la construcci\u00f3n, el encofrado se puede cortar en los tama\u00f1os requeridos.<\/li>\n<li>Sin deformaci\u00f3n: el contrachapado enchapado con pel\u00edcula tambi\u00e9n es s\u00f3lido y no se deforma ni se astilla despu\u00e9s de 72 horas de cocci\u00f3n en agua hirviendo.<\/li>\n<li>Pel\u00edcula de alta calidad: el contrachapado enchapado con pel\u00edcula est\u00e1 recubierto con una pel\u00edcula Dynea importada de Finlandia, que protege la superficie del encofrado de la corrosi\u00f3n y hace que el encofrado sea duradero, mejora la planitud de la superficie de hormig\u00f3n y hace que la superficie de hormig\u00f3n ahorre el revoque de segunda vez, por lo que podr\u00eda ahorrar mucho construcci\u00f3n.<\/li>\n<li>Impermeable, ign\u00edfugo y capacidad antimanchas, resistente al roce<\/li>\n<\/ul>","protected":false},"excerpt":{"rendered":"<ol>\n<li>Tama\u00f1o: 1220*2440mm o personalizado;<\/li>\n<li>Material: Eucalipto + aluminio + fen\u00f3lico;<\/li>\n<li>Ventajas: Textura de gusano gris plateado;<\/li>\n<li>Usado en: estuches de vuelo, estuches de carrito, decoraci\u00f3n de muebles, etc.<\/li>\n<\/ol>","protected":false},"featured_media":4116,"comment_status":"closed","ping_status":"closed","template":"","meta":{"_acf_changed":false},"product_brand":[],"product_cat":[110],"product_tag":[],"class_list":{"0":"post-4114","1":"product","2":"type-product","3":"status-publish","4":"has-post-thumbnail","6":"product_cat-panels-and-laminates","7":"pa_application-flight-case-trolly-case-furniture-decoration-etc","8":"pa_delivery-time-please-contact-sales-staff","9":"pa_material-eucalyptus-alluminum-phenolic","10":"pa_parts-no-fs8031","11":"description-off","13":"first","14":"instock","15":"shipping-taxable","16":"product-type-simple"},"acf":[],"_links":{"self":[{"href":"https:\/\/fayshing.com\/es-es\/wp-json\/wp\/v2\/product\/4114","targetHints":{"allow":["GET"]}}],"collection":[{"href":"https:\/\/fayshing.com\/es-es\/wp-json\/wp\/v2\/product"}],"about":[{"href":"https:\/\/fayshing.com\/es-es\/wp-json\/wp\/v2\/types\/product"}],"replies":[{"embeddable":true,"href":"https:\/\/fayshing.com\/es-es\/wp-json\/wp\/v2\/comments?post=4114"}],"wp:featuredmedia":[{"embeddable":true,"href":"https:\/\/fayshing.com\/es-es\/wp-json\/wp\/v2\/media\/4116"}],"wp:attachment":[{"href":"https:\/\/fayshing.com\/es-es\/wp-json\/wp\/v2\/media?parent=4114"}],"wp:term":[{"taxonomy":"product_brand","embeddable":true,"href":"https:\/\/fayshing.com\/es-es\/wp-json\/wp\/v2\/product_brand?post=4114"},{"taxonomy":"product_cat","embeddable":true,"href":"https:\/\/fayshing.com\/es-es\/wp-json\/wp\/v2\/product_cat?post=4114"},{"taxonomy":"product_tag","embeddable":true,"href":"https:\/\/fayshing.com\/es-es\/wp-json\/wp\/v2\/product_tag?post=4114"}],"curies":[{"name":"wp","href":"https:\/\/api.w.org\/{rel}","templated":true}]}}