{"id":3424,"date":"2022-06-06T09:48:35","date_gmt":"2022-06-06T01:48:35","guid":{"rendered":"https:\/\/fayshing.com\/?post_type=product&#038;p=3424"},"modified":"2025-01-10T11:52:49","modified_gmt":"2025-01-10T03:52:49","slug":"single-angle-extrusion-leg-length%ef%bc%9a9mm-0-35","status":"publish","type":"product","link":"https:\/\/fayshing.com\/es-es\/product\/single-angle-extrusion-leg-length%ef%bc%9a9mm-0-35\/","title":{"rendered":"Extrusi\u00f3n de \u00e1ngulo simple Longitud de la pata 9mm 0.35\u2033 FS-A001"},"content":{"rendered":"<p>Material: Aluminio<\/p>\n<p>Sitio\uff1a9mm<\/p>\n<p>Tratamiento de superficie: Blanco plateado, Mate<\/p>\n<p>Aplicaci\u00f3n:Estuche de maquillaje,Caja militar,Caja de aluminio,Caja m\u00e9dica<\/p>","protected":false},"excerpt":{"rendered":"<p>Extrusi\u00f3n de aluminio de \u00e1ngulo \u00fanico de 9 mm<\/p>","protected":false},"featured_media":3435,"comment_status":"closed","ping_status":"closed","template":"","meta":{"_acf_changed":false},"product_brand":[],"product_cat":[111],"product_tag":[],"class_list":{"0":"post-3424","1":"product","2":"type-product","3":"status-publish","4":"has-post-thumbnail","6":"product_cat-extrusion","7":"pa_application-air-boxmilitary-boxaluminum-boxmedical-box","8":"pa_material-aluminium","9":"pa_surface-treatment-silvery-white-matte","10":"description-off","12":"first","13":"instock","14":"shipping-taxable","15":"product-type-simple"},"acf":[],"_links":{"self":[{"href":"https:\/\/fayshing.com\/es-es\/wp-json\/wp\/v2\/product\/3424","targetHints":{"allow":["GET"]}}],"collection":[{"href":"https:\/\/fayshing.com\/es-es\/wp-json\/wp\/v2\/product"}],"about":[{"href":"https:\/\/fayshing.com\/es-es\/wp-json\/wp\/v2\/types\/product"}],"replies":[{"embeddable":true,"href":"https:\/\/fayshing.com\/es-es\/wp-json\/wp\/v2\/comments?post=3424"}],"wp:featuredmedia":[{"embeddable":true,"href":"https:\/\/fayshing.com\/es-es\/wp-json\/wp\/v2\/media\/3435"}],"wp:attachment":[{"href":"https:\/\/fayshing.com\/es-es\/wp-json\/wp\/v2\/media?parent=3424"}],"wp:term":[{"taxonomy":"product_brand","embeddable":true,"href":"https:\/\/fayshing.com\/es-es\/wp-json\/wp\/v2\/product_brand?post=3424"},{"taxonomy":"product_cat","embeddable":true,"href":"https:\/\/fayshing.com\/es-es\/wp-json\/wp\/v2\/product_cat?post=3424"},{"taxonomy":"product_tag","embeddable":true,"href":"https:\/\/fayshing.com\/es-es\/wp-json\/wp\/v2\/product_tag?post=3424"}],"curies":[{"name":"wp","href":"https:\/\/api.w.org\/{rel}","templated":true}]}}