{"id":3240,"date":"2022-05-17T10:15:44","date_gmt":"2022-05-17T02:15:44","guid":{"rendered":"https:\/\/fayshing.com\/index.php\/product\/fayshing-6034-5mm-lockable-latch-hasp-fs-1133\/"},"modified":"2024-08-27T15:49:20","modified_gmt":"2024-08-27T07:49:20","slug":"fayshing-6034-5mm-lockable-latch-hasp-fs-1133","status":"publish","type":"product","link":"https:\/\/fayshing.com\/es-es\/product\/fayshing-6034-5mm-lockable-latch-hasp-fs-1133\/","title":{"rendered":"Aldaba con pestillo para malet\u00edn FS-1147"},"content":{"rendered":"<h5>Disponemos de hebillas y cerraduras para cajas\/estuches en diferentes formas y colores para satisfacer sus diversas necesidades. Todo tipo de bonitos dise\u00f1os, protegiendo tu caja y decorando tambi\u00e9n tu caja\/estuche.<\/h5>\n<p>[Dimensi\u00f3n del producto]: 60*34,5 mm.<br \/>\n[F\u00e1cil de usar]: Basta con levantar el brazo tirador para abrir.<br \/>\n[Varias aplicaciones]: estuche de guitarra, estuche de instrumento musical, equipaje, estuche de carretera, caja de herramientas, caja de madera, caja de equipo, etc.<br \/>\n[Caracter\u00edstica del producto]: Con fuerza de tracci\u00f3n, estructura simple, f\u00e1cil de instalar, duradero.<br \/>\n[Instalaci\u00f3n]: De acuerdo con las especificaciones del producto, fijado un buen tama\u00f1o, a continuaci\u00f3n, utilizar remache \/ tornillo \/ operaciones de soldadura por puntos.<\/p>","protected":false},"excerpt":{"rendered":"<ul>\n<li>Tama\u00f1o: 60*34,5 mm<\/li>\n<li>Material: Chapa fr\u00eda\/ Alambre de hierro<\/li>\n<li>Acabados: Dorado, Cromo, Negro<\/li>\n<li>Descripci\u00f3n: Lado Superior<\/li>\n<li>Plato desplazado: 13 mm<\/li>\n<li>Bloqueo Bloqueo<\/li>\n<li>Cilindro de Cerradura: Negro, Pl\u00e1stico<\/li>\n<\/ul>","protected":false},"featured_media":5271,"comment_status":"closed","ping_status":"closed","template":"","meta":{"_acf_changed":false},"product_brand":[],"product_cat":[162,23],"product_tag":[],"class_list":{"0":"post-3240","1":"product","2":"type-product","3":"status-publish","4":"has-post-thumbnail","6":"product_cat-briefcase-draw-latches","7":"product_cat-latches","8":"description-off","10":"first","11":"instock","12":"shipping-taxable","13":"product-type-simple"},"acf":[],"_links":{"self":[{"href":"https:\/\/fayshing.com\/es-es\/wp-json\/wp\/v2\/product\/3240","targetHints":{"allow":["GET"]}}],"collection":[{"href":"https:\/\/fayshing.com\/es-es\/wp-json\/wp\/v2\/product"}],"about":[{"href":"https:\/\/fayshing.com\/es-es\/wp-json\/wp\/v2\/types\/product"}],"replies":[{"embeddable":true,"href":"https:\/\/fayshing.com\/es-es\/wp-json\/wp\/v2\/comments?post=3240"}],"wp:featuredmedia":[{"embeddable":true,"href":"https:\/\/fayshing.com\/es-es\/wp-json\/wp\/v2\/media\/5271"}],"wp:attachment":[{"href":"https:\/\/fayshing.com\/es-es\/wp-json\/wp\/v2\/media?parent=3240"}],"wp:term":[{"taxonomy":"product_brand","embeddable":true,"href":"https:\/\/fayshing.com\/es-es\/wp-json\/wp\/v2\/product_brand?post=3240"},{"taxonomy":"product_cat","embeddable":true,"href":"https:\/\/fayshing.com\/es-es\/wp-json\/wp\/v2\/product_cat?post=3240"},{"taxonomy":"product_tag","embeddable":true,"href":"https:\/\/fayshing.com\/es-es\/wp-json\/wp\/v2\/product_tag?post=3240"}],"curies":[{"name":"wp","href":"https:\/\/api.w.org\/{rel}","templated":true}]}}