{"id":3239,"date":"2022-05-17T10:15:43","date_gmt":"2022-05-17T02:15:43","guid":{"rendered":"https:\/\/fayshing.com\/index.php\/product\/fayshing-6034-5mm-lockable-latch-hasp-fs-1134\/"},"modified":"2025-06-23T11:31:55","modified_gmt":"2025-06-23T03:31:55","slug":"fayshing-6034-5mm-lockable-latch-hasp-fs-1134","status":"publish","type":"product","link":"https:\/\/fayshing.com\/es-es\/product\/fayshing-6034-5mm-lockable-latch-hasp-fs-1134\/","title":{"rendered":"Aldaba con pestillo para malet\u00edn FS-1146"},"content":{"rendered":"<p><strong>Aldaba con pestillo para malet\u00edn FS-1146<\/strong><\/p>\n<p>Disponemos de hebillas y cerraduras para cajas\/estuches en diferentes formas y colores para satisfacer sus diversas necesidades. Todo tipo de bonitos dise\u00f1os, protegiendo tu caja y decorando tambi\u00e9n tu caja\/estuche.<\/p>\n<p>[Dimensi\u00f3n del producto]: 60*34,5 mm.<br \/>\n[F\u00e1cil de usar]: Basta con levantar el brazo tirador para abrir.<br \/>\n[Varias aplicaciones]: Se utiliza para cajas de aluminio, cajas de herramientas, maletas, cofres, cajas de baratijas y mucho m\u00e1s.<br \/>\n[Caracter\u00edstica del producto]: Con fuerza de tracci\u00f3n, estructura simple, f\u00e1cil de instalar, duradero.<br \/>\n[Instalaci\u00f3n]: De acuerdo con las especificaciones del producto, fijado un buen tama\u00f1o, a continuaci\u00f3n, utilizar remache \/ tornillo \/ operaciones de soldadura por puntos.<\/p>","protected":false},"excerpt":{"rendered":"<ul>\n<li>Tama\u00f1o: 60*34,5 mm<\/li>\n<li>Material: Chapa fr\u00eda\/ Alambre de hierro<\/li>\n<li>Acabados: Dorado, Cromo, Negro<\/li>\n<li>Descripci\u00f3n: Lado Superior<\/li>\n<li>Plato desplazado: 13 mm<\/li>\n<li>Bloqueo Bloqueo<\/li>\n<li>Cilindro de Cerradura: Amarillo, Pl\u00e1stico<\/li>\n<\/ul>","protected":false},"featured_media":5276,"comment_status":"closed","ping_status":"closed","template":"","meta":{"_acf_changed":false},"product_brand":[],"product_cat":[23,162],"product_tag":[],"class_list":{"0":"post-3239","1":"product","2":"type-product","3":"status-publish","4":"has-post-thumbnail","6":"product_cat-latches","7":"product_cat-briefcase-draw-latches","8":"description-off","10":"first","11":"instock","12":"shipping-taxable","13":"product-type-simple"},"acf":[],"_links":{"self":[{"href":"https:\/\/fayshing.com\/es-es\/wp-json\/wp\/v2\/product\/3239","targetHints":{"allow":["GET"]}}],"collection":[{"href":"https:\/\/fayshing.com\/es-es\/wp-json\/wp\/v2\/product"}],"about":[{"href":"https:\/\/fayshing.com\/es-es\/wp-json\/wp\/v2\/types\/product"}],"replies":[{"embeddable":true,"href":"https:\/\/fayshing.com\/es-es\/wp-json\/wp\/v2\/comments?post=3239"}],"wp:featuredmedia":[{"embeddable":true,"href":"https:\/\/fayshing.com\/es-es\/wp-json\/wp\/v2\/media\/5276"}],"wp:attachment":[{"href":"https:\/\/fayshing.com\/es-es\/wp-json\/wp\/v2\/media?parent=3239"}],"wp:term":[{"taxonomy":"product_brand","embeddable":true,"href":"https:\/\/fayshing.com\/es-es\/wp-json\/wp\/v2\/product_brand?post=3239"},{"taxonomy":"product_cat","embeddable":true,"href":"https:\/\/fayshing.com\/es-es\/wp-json\/wp\/v2\/product_cat?post=3239"},{"taxonomy":"product_tag","embeddable":true,"href":"https:\/\/fayshing.com\/es-es\/wp-json\/wp\/v2\/product_tag?post=3239"}],"curies":[{"name":"wp","href":"https:\/\/api.w.org\/{rel}","templated":true}]}}