{"id":3238,"date":"2022-05-17T10:15:43","date_gmt":"2022-05-17T02:15:43","guid":{"rendered":"https:\/\/fayshing.com\/index.php\/product\/fayshing-5534mm-latch-hasp-fs-1149\/"},"modified":"2025-08-18T10:40:28","modified_gmt":"2025-08-18T02:40:28","slug":"fayshing-5534mm-latch-hasp-fs-1149","status":"publish","type":"product","link":"https:\/\/fayshing.com\/es-es\/product\/fayshing-5534mm-latch-hasp-fs-1149\/","title":{"rendered":"Aldaba de pestillo para malet\u00edn FS1149"},"content":{"rendered":"<p data-start=\"177\" data-end=\"456\">En <strong data-start=\"181\" data-end=\"213\">Aldaba con pestillo para malet\u00edn FS-1149<\/strong> es un cierre sin cierre, resistente y pr\u00e1ctico, dise\u00f1ado para maletines, cajas de almacenamiento y cajas de herramientas. Con una forma ovalada compacta, fondo plano y plato desplazado, proporciona un cierre fiable a la vez que mantiene un aspecto limpio y profesional.<\/p>\n<h3 data-start=\"458\" data-end=\"489\">Especificaciones del producto<\/h3>\n<ul data-start=\"490\" data-end=\"714\">\n<li data-start=\"490\" data-end=\"512\">\n<p data-start=\"492\" data-end=\"512\"><strong data-start=\"492\" data-end=\"502\">Modelo:<\/strong> FS-1149<\/p>\n<\/li>\n<li data-start=\"513\" data-end=\"537\">\n<p data-start=\"515\" data-end=\"537\"><strong data-start=\"515\" data-end=\"524\">Tama\u00f1o:<\/strong> 55 \u00d7 34 mm<\/p>\n<\/li>\n<li data-start=\"538\" data-end=\"578\">\n<p data-start=\"540\" data-end=\"578\"><strong data-start=\"540\" data-end=\"553\">Material:<\/strong> Plancha fr\u00eda \/ Alambre de hierro<\/p>\n<\/li>\n<li data-start=\"579\" data-end=\"637\">\n<p data-start=\"581\" data-end=\"637\"><strong data-start=\"581\" data-end=\"592\">Dise\u00f1o:<\/strong> Forma ovalada, fondo plano, plato desplazado 13 mm<\/p>\n<\/li>\n<li data-start=\"638\" data-end=\"683\">\n<p data-start=\"640\" data-end=\"683\"><strong data-start=\"640\" data-end=\"659\">Opciones de acabado:<\/strong> Dorado, Cromo, Negro<\/p>\n<\/li>\n<li data-start=\"684\" data-end=\"714\">\n<p data-start=\"686\" data-end=\"714\"><strong data-start=\"686\" data-end=\"700\">Tipo de cerradura:<\/strong> Sin bloqueo<\/p>\n<\/li>\n<\/ul>\n<h3 data-start=\"716\" data-end=\"748\">Principales caracter\u00edsticas y ventajas<\/h3>\n<ul data-start=\"749\" data-end=\"1266\">\n<li data-start=\"749\" data-end=\"876\">\n<p data-start=\"751\" data-end=\"876\"><strong data-start=\"751\" data-end=\"776\">Construcci\u00f3n duradera:<\/strong> Fabricado con chapa de acero en fr\u00edo y alambre de hierro reforzado para ofrecer una excelente resistencia y una larga vida \u00fatil.<\/p>\n<\/li>\n<li data-start=\"877\" data-end=\"964\">\n<p data-start=\"879\" data-end=\"964\"><strong data-start=\"879\" data-end=\"902\">Forma ovalada compacta:<\/strong> Tama\u00f1o de 55\u00d734 mm, con una base plana para facilitar la instalaci\u00f3n de la carcasa.<\/p>\n<\/li>\n<li data-start=\"965\" data-end=\"1066\">\n<p data-start=\"967\" data-end=\"1066\"><strong data-start=\"967\" data-end=\"990\">Dise\u00f1o sin bloqueo:<\/strong> Funci\u00f3n sencilla de apertura y cierre para aplicaciones en las que se necesita un acceso r\u00e1pido.<\/p>\n<\/li>\n<li data-start=\"1067\" data-end=\"1161\">\n<p data-start=\"1069\" data-end=\"1161\"><strong data-start=\"1069\" data-end=\"1085\">Plato desplazado:<\/strong> El desplazamiento de 13 mm proporciona un ajuste estable y un acabado enrasado en las superficies de la caja.<\/p>\n<\/li>\n<li data-start=\"1162\" data-end=\"1266\">\n<p data-start=\"1164\" data-end=\"1266\"><strong data-start=\"1164\" data-end=\"1187\">Acabados vers\u00e1tiles:<\/strong> Disponible en <strong data-start=\"1201\" data-end=\"1230\">Dorado, cromado y negro<\/strong> para adaptarse a los diferentes herrajes de las cajas.<\/p>\n<\/li>\n<\/ul>\n<h3 data-start=\"1268\" data-end=\"1289\">Aplicaciones<\/h3>\n<p data-start=\"1290\" data-end=\"1373\">El cierre de aldaba para malet\u00edn FS-1149 es adecuado para una amplia gama de usos, entre los que se incluyen:<\/p>\n<ul data-start=\"1374\" data-end=\"1530\">\n<li data-start=\"1374\" data-end=\"1416\">\n<p data-start=\"1376\" data-end=\"1416\">Maletines profesionales y portadocumentos<\/p>\n<\/li>\n<li data-start=\"1417\" data-end=\"1457\">\n<p data-start=\"1419\" data-end=\"1457\">Cajas de herramientas port\u00e1tiles y cajas de almacenamiento<\/p>\n<\/li>\n<li data-start=\"1458\" data-end=\"1486\">\n<p data-start=\"1460\" data-end=\"1486\">Estuches para instrumentos musicales<\/p>\n<\/li>\n<li data-start=\"1487\" data-end=\"1530\">\n<p data-start=\"1489\" data-end=\"1530\">Maletas, maletines a medida y flight cases<\/p>\n<\/li>\n<\/ul>\n<h3 data-start=\"1532\" data-end=\"1560\">\u00bfPor qu\u00e9 elegir FS-1149?<\/h3>\n<ul data-start=\"1561\" data-end=\"1885\">\n<li data-start=\"1561\" data-end=\"1649\">\n<p data-start=\"1563\" data-end=\"1649\">Excelente opci\u00f3n de sustituci\u00f3n para los <strong data-start=\"1615\" data-end=\"1647\">cierres de malet\u00edn<\/strong><\/p>\n<\/li>\n<li data-start=\"1650\" data-end=\"1734\">\n<p data-start=\"1652\" data-end=\"1734\">Opciones de acabado de calidad profesional tanto para la producci\u00f3n OEM como para la reparaci\u00f3n posventa<\/p>\n<\/li>\n<li data-start=\"1735\" data-end=\"1808\">\n<p data-start=\"1737\" data-end=\"1808\">F\u00e1cil instalaci\u00f3n con un dise\u00f1o compacto para cajas peque\u00f1as y medianas<\/p>\n<\/li>\n<li data-start=\"1809\" data-end=\"1885\">\n<p data-start=\"1811\" data-end=\"1885\">Disponible para <strong data-start=\"1825\" data-end=\"1883\">compra a granel, suministro al por mayor y personalizaci\u00f3n OEM<\/strong><\/p>\n<\/li>\n<\/ul>","protected":false},"excerpt":{"rendered":"<p>Tama\u00f1o: 55*34 mm<br \/>\nMaterial: Chapa fr\u00eda\/ Alambre de hierro<br \/>\nAcabados: Dorado, Cromo, Negro<br \/>\nDescripci\u00f3n: Oval, Oval, Fondo plano<br \/>\nPlato desplazado: 13 mm<br \/>\nCerradura: Sin bloqueo<\/p>","protected":false},"featured_media":5275,"comment_status":"closed","ping_status":"closed","template":"","meta":{"_acf_changed":false},"product_brand":[],"product_cat":[23,162],"product_tag":[],"class_list":{"0":"post-3238","1":"product","2":"type-product","3":"status-publish","4":"has-post-thumbnail","6":"product_cat-latches","7":"product_cat-briefcase-draw-latches","8":"description-off","10":"first","11":"instock","12":"shipping-taxable","13":"product-type-simple"},"acf":[],"_links":{"self":[{"href":"https:\/\/fayshing.com\/es-es\/wp-json\/wp\/v2\/product\/3238","targetHints":{"allow":["GET"]}}],"collection":[{"href":"https:\/\/fayshing.com\/es-es\/wp-json\/wp\/v2\/product"}],"about":[{"href":"https:\/\/fayshing.com\/es-es\/wp-json\/wp\/v2\/types\/product"}],"replies":[{"embeddable":true,"href":"https:\/\/fayshing.com\/es-es\/wp-json\/wp\/v2\/comments?post=3238"}],"wp:featuredmedia":[{"embeddable":true,"href":"https:\/\/fayshing.com\/es-es\/wp-json\/wp\/v2\/media\/5275"}],"wp:attachment":[{"href":"https:\/\/fayshing.com\/es-es\/wp-json\/wp\/v2\/media?parent=3238"}],"wp:term":[{"taxonomy":"product_brand","embeddable":true,"href":"https:\/\/fayshing.com\/es-es\/wp-json\/wp\/v2\/product_brand?post=3238"},{"taxonomy":"product_cat","embeddable":true,"href":"https:\/\/fayshing.com\/es-es\/wp-json\/wp\/v2\/product_cat?post=3238"},{"taxonomy":"product_tag","embeddable":true,"href":"https:\/\/fayshing.com\/es-es\/wp-json\/wp\/v2\/product_tag?post=3238"}],"curies":[{"name":"wp","href":"https:\/\/api.w.org\/{rel}","templated":true}]}}