{"id":3237,"date":"2022-05-17T10:15:43","date_gmt":"2022-05-17T02:15:43","guid":{"rendered":"https:\/\/fayshing.com\/index.php\/product\/fayshing-5534mm-latch-hasp-fs-1148\/"},"modified":"2025-06-23T11:29:00","modified_gmt":"2025-06-23T03:29:00","slug":"fayshing-5534mm-latch-hasp-fs-1148","status":"publish","type":"product","link":"https:\/\/fayshing.com\/es-es\/product\/fayshing-5534mm-latch-hasp-fs-1148\/","title":{"rendered":"Pestillo de malet\u00edn FS1150"},"content":{"rendered":"<h5>Disponemos de hebillas y cerraduras para cajas\/estuches en diferentes formas y colores para satisfacer sus diversas necesidades. Todo tipo de bonitos dise\u00f1os, protegiendo tu caja y decorando tambi\u00e9n tu caja\/estuche.<\/h5>\n<p>\u2605 Tama\u00f1o: 55*34 mm.<br \/>\n\u2605 Calidad: 100% a estrenar, con un dise\u00f1o exquisito y bonito.<br \/>\n\u2605 Material: Hecho de hierro bueno, fuerte y duradero de usar, no es f\u00e1cil de oxidar.<br \/>\nAplicaci\u00f3n: El pestillo de palanca suele utilizar en caja de aluminio, caja de herramientas, maleta, malet\u00edn, caja de maquillaje, caja de joyas, etc.<br \/>\n\u2605 Nota: Todos los tama\u00f1os son s\u00f3lo para su referencia. Se permite un error de datos de 1 ~ 2 mm. Gracias por su comprensi\u00f3n.<\/p>","protected":false},"excerpt":{"rendered":"<p>Tama\u00f1o: 55*34 mm<br \/>\nMaterial: Chapa fr\u00eda\/ Alambre de hierro<br \/>\nAcabados: Dorado, Cromo, Negro<br \/>\nDescripci\u00f3n: Oval<br \/>\nPlato desplazado: 13 mm<br \/>\nCerradura: Sin bloqueo<\/p>","protected":false},"featured_media":5274,"comment_status":"closed","ping_status":"closed","template":"","meta":{"_acf_changed":false},"product_brand":[],"product_cat":[23,162],"product_tag":[],"class_list":{"0":"post-3237","1":"product","2":"type-product","3":"status-publish","4":"has-post-thumbnail","6":"product_cat-latches","7":"product_cat-briefcase-draw-latches","8":"description-off","10":"first","11":"instock","12":"shipping-taxable","13":"product-type-simple"},"acf":[],"_links":{"self":[{"href":"https:\/\/fayshing.com\/es-es\/wp-json\/wp\/v2\/product\/3237","targetHints":{"allow":["GET"]}}],"collection":[{"href":"https:\/\/fayshing.com\/es-es\/wp-json\/wp\/v2\/product"}],"about":[{"href":"https:\/\/fayshing.com\/es-es\/wp-json\/wp\/v2\/types\/product"}],"replies":[{"embeddable":true,"href":"https:\/\/fayshing.com\/es-es\/wp-json\/wp\/v2\/comments?post=3237"}],"wp:featuredmedia":[{"embeddable":true,"href":"https:\/\/fayshing.com\/es-es\/wp-json\/wp\/v2\/media\/5274"}],"wp:attachment":[{"href":"https:\/\/fayshing.com\/es-es\/wp-json\/wp\/v2\/media?parent=3237"}],"wp:term":[{"taxonomy":"product_brand","embeddable":true,"href":"https:\/\/fayshing.com\/es-es\/wp-json\/wp\/v2\/product_brand?post=3237"},{"taxonomy":"product_cat","embeddable":true,"href":"https:\/\/fayshing.com\/es-es\/wp-json\/wp\/v2\/product_cat?post=3237"},{"taxonomy":"product_tag","embeddable":true,"href":"https:\/\/fayshing.com\/es-es\/wp-json\/wp\/v2\/product_tag?post=3237"}],"curies":[{"name":"wp","href":"https:\/\/api.w.org\/{rel}","templated":true}]}}