{"id":3234,"date":"2022-05-17T10:15:42","date_gmt":"2022-05-17T02:15:42","guid":{"rendered":"https:\/\/fayshing.com\/index.php\/product\/fayshing-5534mm-latch-hasp-fs-1038\/"},"modified":"2025-08-18T10:33:44","modified_gmt":"2025-08-18T02:33:44","slug":"fayshing-5534mm-latch-hasp-fs-1038","status":"publish","type":"product","link":"https:\/\/fayshing.com\/es-es\/product\/fayshing-5534mm-latch-hasp-fs-1038\/","title":{"rendered":"Aldaba con pestillo para malet\u00edn FS-1038"},"content":{"rendered":"<p data-start=\"131\" data-end=\"438\">En <strong data-start=\"135\" data-end=\"167\">Aldaba con pestillo para malet\u00edn FS-1038<\/strong> es un accesorio de ferreter\u00eda duradero y pr\u00e1ctico dise\u00f1ado para asegurar maletines, equipajes, cajas de herramientas y cajas de almacenamiento. Con un dise\u00f1o ovalado compacto y una funci\u00f3n sin bloqueo, este pestillo de aldaba ofrece fiabilidad y comodidad para el uso diario y las aplicaciones industriales.<\/p>\n<h3 data-start=\"440\" data-end=\"471\">Especificaciones del producto<\/h3>\n<ul data-start=\"472\" data-end=\"696\">\n<li data-start=\"472\" data-end=\"494\">\n<p data-start=\"474\" data-end=\"494\"><strong data-start=\"474\" data-end=\"484\">Modelo:<\/strong> FS-1038<\/p>\n<\/li>\n<li data-start=\"495\" data-end=\"519\">\n<p data-start=\"497\" data-end=\"519\"><strong data-start=\"497\" data-end=\"506\">Tama\u00f1o:<\/strong> 55 \u00d7 34 mm<\/p>\n<\/li>\n<li data-start=\"520\" data-end=\"560\">\n<p data-start=\"522\" data-end=\"560\"><strong data-start=\"522\" data-end=\"535\">Material:<\/strong> Plancha fr\u00eda \/ Alambre de hierro<\/p>\n<\/li>\n<li data-start=\"561\" data-end=\"619\">\n<p data-start=\"563\" data-end=\"619\"><strong data-start=\"563\" data-end=\"574\">Dise\u00f1o:<\/strong> Forma ovalada, fondo plano, plato desplazado 13 mm<\/p>\n<\/li>\n<li data-start=\"620\" data-end=\"665\">\n<p data-start=\"622\" data-end=\"665\"><strong data-start=\"622\" data-end=\"641\">Opciones de acabado:<\/strong> Dorado, Cromo, Negro<\/p>\n<\/li>\n<li data-start=\"666\" data-end=\"696\">\n<p data-start=\"668\" data-end=\"696\"><strong data-start=\"668\" data-end=\"682\">Tipo de cerradura:<\/strong> Sin bloqueo<\/p>\n<\/li>\n<\/ul>\n<h3 data-start=\"698\" data-end=\"730\">Principales caracter\u00edsticas y ventajas<\/h3>\n<ul data-start=\"731\" data-end=\"1309\">\n<li data-start=\"731\" data-end=\"867\">\n<p data-start=\"733\" data-end=\"867\"><strong data-start=\"733\" data-end=\"755\">Fuerte y fiable:<\/strong> Fabricado en chapa de acero en fr\u00edo de alta calidad con alambre de hierro reforzado, lo que garantiza un rendimiento duradero.<\/p>\n<\/li>\n<li data-start=\"868\" data-end=\"971\">\n<p data-start=\"870\" data-end=\"971\"><strong data-start=\"870\" data-end=\"889\">Dise\u00f1o compacto:<\/strong> Tama\u00f1o de 55\u00d734 mm con una cuidada forma ovalada, adecuada para cajas peque\u00f1as y medianas.<\/p>\n<\/li>\n<li data-start=\"972\" data-end=\"1087\">\n<p data-start=\"974\" data-end=\"1087\"><strong data-start=\"974\" data-end=\"996\">F\u00e1cil instalaci\u00f3n:<\/strong> El dise\u00f1o est\u00e1ndar del plato desplazado (13 mm) facilita el montaje en diferentes superficies de la carcasa.<\/p>\n<\/li>\n<li data-start=\"1088\" data-end=\"1191\">\n<p data-start=\"1090\" data-end=\"1191\"><strong data-start=\"1090\" data-end=\"1113\">Acceso sin bloqueo:<\/strong> Conveniente para aplicaciones en las que se prefiere una funci\u00f3n r\u00e1pida de apertura\/cierre.<\/p>\n<\/li>\n<li data-start=\"1192\" data-end=\"1309\">\n<p data-start=\"1194\" data-end=\"1309\"><strong data-start=\"1194\" data-end=\"1216\">M\u00faltiples acabados:<\/strong> Disponible en <strong data-start=\"1230\" data-end=\"1259\">Dorado, cromado y negro<\/strong> para adaptarse a diferentes dise\u00f1os de cajas y est\u00e9ticas.<\/p>\n<\/li>\n<\/ul>\n<h3 data-start=\"1311\" data-end=\"1332\">Aplicaciones<\/h3>\n<p data-start=\"1333\" data-end=\"1427\">La aldaba de pestillo FS-1038 se utiliza ampliamente en distintos sectores y tipos de cajas, entre ellos:<\/p>\n<ul data-start=\"1428\" data-end=\"1590\">\n<li data-start=\"1428\" data-end=\"1470\">\n<p data-start=\"1430\" data-end=\"1470\">Maletines profesionales y portadocumentos<\/p>\n<\/li>\n<li data-start=\"1471\" data-end=\"1511\">\n<p data-start=\"1473\" data-end=\"1511\">Cajas de almacenamiento y cajas de herramientas port\u00e1tiles<\/p>\n<\/li>\n<li data-start=\"1512\" data-end=\"1540\">\n<p data-start=\"1514\" data-end=\"1540\">Estuches para instrumentos musicales<\/p>\n<\/li>\n<li data-start=\"1541\" data-end=\"1590\">\n<p data-start=\"1543\" data-end=\"1590\">Maletas, flight cases y maletines a medida<\/p>\n<\/li>\n<\/ul>\n<h3 data-start=\"1592\" data-end=\"1620\">\u00bfPor qu\u00e9 elegir FS-1038?<\/h3>\n<ul data-start=\"1621\" data-end=\"2001\">\n<li data-start=\"1621\" data-end=\"1700\">\n<p data-start=\"1623\" data-end=\"1700\">Soluci\u00f3n de sustituci\u00f3n para roturas o ausencias <strong data-start=\"1666\" data-end=\"1698\">cierres de malet\u00edn<\/strong><\/p>\n<\/li>\n<li data-start=\"1701\" data-end=\"1802\">\n<p data-start=\"1703\" data-end=\"1802\">Compatible con una gran variedad de dise\u00f1os de cajas, lo que lo hace vers\u00e1til para fabricantes y talleres de reparaci\u00f3n.<\/p>\n<\/li>\n<li data-start=\"1803\" data-end=\"1884\">\n<p data-start=\"1805\" data-end=\"1884\">Opciones de acabado profesional adecuadas tanto para el mercado de consumo como para el comercial<\/p>\n<\/li>\n<li data-start=\"1885\" data-end=\"2001\">\n<p data-start=\"1887\" data-end=\"2001\">Compra al por mayor y personalizaci\u00f3n OEM disponible para <strong data-start=\"1937\" data-end=\"1999\">fabricantes de cajas, distribuidores de herrajes y mayoristas<\/strong><\/p>\n<\/li>\n<\/ul>","protected":false},"excerpt":{"rendered":"<ul>\n<li>Tama\u00f1o: 55*34 mm<\/li>\n<li>Material: Chapa fr\u00eda\/ Alambre de hierro<\/li>\n<li>Acabados: Dorado, Cromo, Negro<\/li>\n<li>Descripci\u00f3n: Oval, fondo plano<\/li>\n<li>Plato desplazado: 13 mm<\/li>\n<li>Cerradura: Sin bloqueo<\/li>\n<\/ul>","protected":false},"featured_media":5244,"comment_status":"closed","ping_status":"closed","template":"","meta":{"_acf_changed":false},"product_brand":[],"product_cat":[23,162],"product_tag":[],"class_list":{"0":"post-3234","1":"product","2":"type-product","3":"status-publish","4":"has-post-thumbnail","6":"product_cat-latches","7":"product_cat-briefcase-draw-latches","8":"description-off","10":"first","11":"instock","12":"shipping-taxable","13":"product-type-simple"},"acf":[],"_links":{"self":[{"href":"https:\/\/fayshing.com\/es-es\/wp-json\/wp\/v2\/product\/3234","targetHints":{"allow":["GET"]}}],"collection":[{"href":"https:\/\/fayshing.com\/es-es\/wp-json\/wp\/v2\/product"}],"about":[{"href":"https:\/\/fayshing.com\/es-es\/wp-json\/wp\/v2\/types\/product"}],"replies":[{"embeddable":true,"href":"https:\/\/fayshing.com\/es-es\/wp-json\/wp\/v2\/comments?post=3234"}],"wp:featuredmedia":[{"embeddable":true,"href":"https:\/\/fayshing.com\/es-es\/wp-json\/wp\/v2\/media\/5244"}],"wp:attachment":[{"href":"https:\/\/fayshing.com\/es-es\/wp-json\/wp\/v2\/media?parent=3234"}],"wp:term":[{"taxonomy":"product_brand","embeddable":true,"href":"https:\/\/fayshing.com\/es-es\/wp-json\/wp\/v2\/product_brand?post=3234"},{"taxonomy":"product_cat","embeddable":true,"href":"https:\/\/fayshing.com\/es-es\/wp-json\/wp\/v2\/product_cat?post=3234"},{"taxonomy":"product_tag","embeddable":true,"href":"https:\/\/fayshing.com\/es-es\/wp-json\/wp\/v2\/product_tag?post=3234"}],"curies":[{"name":"wp","href":"https:\/\/api.w.org\/{rel}","templated":true}]}}