{"id":3228,"date":"2022-05-17T10:15:39","date_gmt":"2022-05-17T02:15:39","guid":{"rendered":"https:\/\/fayshing.com\/index.php\/product\/fayshing-6034-5mm-latch-hasp-fs-1032\/"},"modified":"2025-08-08T14:46:19","modified_gmt":"2025-08-08T06:46:19","slug":"fayshing-6034-5mm-latch-hasp-fs-1032","status":"publish","type":"product","link":"https:\/\/fayshing.com\/es-es\/product\/fayshing-6034-5mm-latch-hasp-fs-1032\/","title":{"rendered":"Aldaba con pestillo para malet\u00edn FS-1032"},"content":{"rendered":"<p data-start=\"117\" data-end=\"398\">En <strong data-start=\"121\" data-end=\"153\">FS-1032 Aldaba de pestillo para malet\u00edn<\/strong> es una soluci\u00f3n de cierre compacta y duradera dise\u00f1ada para maletines, cajas de instrumentos y peque\u00f1as cajas de almacenamiento. Con un <strong data-start=\"273\" data-end=\"288\">lado m\u00e1s alto<\/strong> perfil y <strong data-start=\"301\" data-end=\"321\">Plato desplazado de 13 mm<\/strong>Este cierre proporciona un ajuste seguro al tiempo que permite una apertura y cierre suaves.<\/p>\n<p data-start=\"400\" data-end=\"753\">Fabricado a partir de <strong data-start=\"418\" data-end=\"459\">chapa de acero laminada en fr\u00edo y alambre de hierro<\/strong>La FS-1032 combina resistencia con un aspecto limpio y profesional. Disponible en <strong data-start=\"537\" data-end=\"547\">dorado<\/strong>, <strong data-start=\"549\" data-end=\"559\">cromo<\/strong>o <strong data-start=\"564\" data-end=\"573\">negro<\/strong> acabados, puede combinar con una gran variedad de dise\u00f1os de cajas. Este <strong data-start=\"629\" data-end=\"644\">sin bloqueo<\/strong> es ideal para aplicaciones en las que se prefiere un acceso r\u00e1pido sin comprometer la fiabilidad del cierre.<\/p>\n<p data-start=\"755\" data-end=\"772\"><strong data-start=\"755\" data-end=\"772\">Caracter\u00edsticas principales:<\/strong><\/p>\n<ul data-start=\"773\" data-end=\"1102\">\n<li data-start=\"773\" data-end=\"798\">\n<p data-start=\"775\" data-end=\"798\">C\u00f3digo del producto: FS-1032<\/p>\n<\/li>\n<li data-start=\"799\" data-end=\"829\">\n<p data-start=\"801\" data-end=\"829\">Tipo: Cierre de malet\u00edn<\/p>\n<\/li>\n<li data-start=\"830\" data-end=\"851\">\n<p data-start=\"832\" data-end=\"851\">Tama\u00f1o: 60 \u00d7 34,5 mm<\/p>\n<\/li>\n<li data-start=\"852\" data-end=\"888\">\n<p data-start=\"854\" data-end=\"888\">Material: Chapa fr\u00eda y alambre de hierro<\/p>\n<\/li>\n<li data-start=\"889\" data-end=\"926\">\n<p data-start=\"891\" data-end=\"926\">Acabados: Dorado \/ Cromo \/ Negro<\/p>\n<\/li>\n<li data-start=\"927\" data-end=\"980\">\n<p data-start=\"929\" data-end=\"980\">Dise\u00f1o: Perfil lateral m\u00e1s alto con plato desplazado de 13 mm<\/p>\n<\/li>\n<li data-start=\"981\" data-end=\"1020\">\n<p data-start=\"983\" data-end=\"1020\">Bloqueo: Sin bloqueo - acceso r\u00e1pido<\/p>\n<\/li>\n<li data-start=\"1021\" data-end=\"1102\">\n<p data-start=\"1023\" data-end=\"1102\">Aplicaciones: Maletines, maletines para instrumentos, maletines para herramientas y cajas a medida<\/p>\n<\/li>\n<\/ul>\n<p data-start=\"1104\" data-end=\"1243\">La FS-1032 es una opci\u00f3n de herraje fiable y elegante para un cierre seguro y c\u00f3modo, perfecta tanto para fabricantes de cajas como para proyectos de reparaci\u00f3n.<\/p>","protected":false},"excerpt":{"rendered":"<ul>\n<li>Tama\u00f1o: 60*34,5 mm<\/li>\n<li>Material: Chapa fr\u00eda\/ Alambre de hierro<\/li>\n<li>Acabados: Dorado, Cromo, Negro<\/li>\n<li>Descripci\u00f3n: Lado Superior<\/li>\n<li>Plato desplazado: 13 mm<\/li>\n<li>Cerradura: Sin bloqueo<\/li>\n<\/ul>","protected":false},"featured_media":6381,"comment_status":"closed","ping_status":"closed","template":"","meta":{"_acf_changed":false},"product_brand":[],"product_cat":[23,162],"product_tag":[],"class_list":{"0":"post-3228","1":"product","2":"type-product","3":"status-publish","4":"has-post-thumbnail","6":"product_cat-latches","7":"product_cat-briefcase-draw-latches","8":"description-off","10":"first","11":"instock","12":"shipping-taxable","13":"product-type-simple"},"acf":[],"_links":{"self":[{"href":"https:\/\/fayshing.com\/es-es\/wp-json\/wp\/v2\/product\/3228","targetHints":{"allow":["GET"]}}],"collection":[{"href":"https:\/\/fayshing.com\/es-es\/wp-json\/wp\/v2\/product"}],"about":[{"href":"https:\/\/fayshing.com\/es-es\/wp-json\/wp\/v2\/types\/product"}],"replies":[{"embeddable":true,"href":"https:\/\/fayshing.com\/es-es\/wp-json\/wp\/v2\/comments?post=3228"}],"wp:featuredmedia":[{"embeddable":true,"href":"https:\/\/fayshing.com\/es-es\/wp-json\/wp\/v2\/media\/6381"}],"wp:attachment":[{"href":"https:\/\/fayshing.com\/es-es\/wp-json\/wp\/v2\/media?parent=3228"}],"wp:term":[{"taxonomy":"product_brand","embeddable":true,"href":"https:\/\/fayshing.com\/es-es\/wp-json\/wp\/v2\/product_brand?post=3228"},{"taxonomy":"product_cat","embeddable":true,"href":"https:\/\/fayshing.com\/es-es\/wp-json\/wp\/v2\/product_cat?post=3228"},{"taxonomy":"product_tag","embeddable":true,"href":"https:\/\/fayshing.com\/es-es\/wp-json\/wp\/v2\/product_tag?post=3228"}],"curies":[{"name":"wp","href":"https:\/\/api.w.org\/{rel}","templated":true}]}}