{"id":3226,"date":"2022-05-17T10:15:37","date_gmt":"2022-05-17T02:15:37","guid":{"rendered":"https:\/\/fayshing.com\/index.php\/product\/fayshing-6034-5mm-latch-hasp-fs-1030\/"},"modified":"2025-01-06T10:09:13","modified_gmt":"2025-01-06T02:09:13","slug":"fayshing-6034-5mm-latch-hasp-fs-1030","status":"publish","type":"product","link":"https:\/\/fayshing.com\/es-es\/product\/fayshing-6034-5mm-latch-hasp-fs-1030\/","title":{"rendered":"Pestillo para malet\u00edn FS-1030"},"content":{"rendered":"<h5>Disponemos de hebillas y cerraduras para cajas\/estuches en diferentes formas y colores para satisfacer sus diversas necesidades. Todo tipo de bonitos dise\u00f1os, protegiendo tu caja y decorando tambi\u00e9n tu caja\/estuche.<\/h5>\n<p>\u2605 Tama\u00f1o: 60*34,5 mm.<br \/>\n\u2605 Calidad: 100% a estrenar, con un dise\u00f1o exquisito y bonito.<br \/>\n\u2605 Material: Hecho de hierro bueno, fuerte y duradero de usar, no es f\u00e1cil de oxidar.<br \/>\nAplicaci\u00f3n: El pestillo de palanca suele utilizar en caja de aluminio, caja de herramientas, maleta, malet\u00edn, caja de maquillaje, caja de joyas, etc.<br \/>\n\u2605 Nota: Todos los tama\u00f1os son s\u00f3lo para su referencia. Se permite un error de datos de 1 ~ 2 mm. Gracias por su comprensi\u00f3n.<\/p>","protected":false},"excerpt":{"rendered":"<ul>\n<li>Tama\u00f1o: 60*34,5 mm<\/li>\n<li>Material: Chapa fr\u00eda\/ Alambre de hierro<\/li>\n<li>Acabados: Dorado, Cromo, Negro<\/li>\n<li>Descripci\u00f3n: Lado Superior<\/li>\n<li>Plato desplazado: -<\/li>\n<li>Cerradura: Sin bloqueo<\/li>\n<\/ul>","protected":false},"featured_media":3290,"comment_status":"closed","ping_status":"closed","template":"","meta":{"_acf_changed":false},"product_brand":[],"product_cat":[23,162],"product_tag":[],"class_list":{"0":"post-3226","1":"product","2":"type-product","3":"status-publish","4":"has-post-thumbnail","6":"product_cat-latches","7":"product_cat-briefcase-draw-latches","8":"description-off","10":"first","11":"instock","12":"shipping-taxable","13":"product-type-simple"},"acf":[],"_links":{"self":[{"href":"https:\/\/fayshing.com\/es-es\/wp-json\/wp\/v2\/product\/3226","targetHints":{"allow":["GET"]}}],"collection":[{"href":"https:\/\/fayshing.com\/es-es\/wp-json\/wp\/v2\/product"}],"about":[{"href":"https:\/\/fayshing.com\/es-es\/wp-json\/wp\/v2\/types\/product"}],"replies":[{"embeddable":true,"href":"https:\/\/fayshing.com\/es-es\/wp-json\/wp\/v2\/comments?post=3226"}],"wp:featuredmedia":[{"embeddable":true,"href":"https:\/\/fayshing.com\/es-es\/wp-json\/wp\/v2\/media\/3290"}],"wp:attachment":[{"href":"https:\/\/fayshing.com\/es-es\/wp-json\/wp\/v2\/media?parent=3226"}],"wp:term":[{"taxonomy":"product_brand","embeddable":true,"href":"https:\/\/fayshing.com\/es-es\/wp-json\/wp\/v2\/product_brand?post=3226"},{"taxonomy":"product_cat","embeddable":true,"href":"https:\/\/fayshing.com\/es-es\/wp-json\/wp\/v2\/product_cat?post=3226"},{"taxonomy":"product_tag","embeddable":true,"href":"https:\/\/fayshing.com\/es-es\/wp-json\/wp\/v2\/product_tag?post=3226"}],"curies":[{"name":"wp","href":"https:\/\/api.w.org\/{rel}","templated":true}]}}