{"id":3218,"date":"2022-05-17T10:15:30","date_gmt":"2022-05-17T02:15:30","guid":{"rendered":"https:\/\/fayshing.com\/index.php\/product\/fayshing-6333-5mm-latch-hasp-fs-1022\/"},"modified":"2025-08-08T17:24:54","modified_gmt":"2025-08-08T09:24:54","slug":"fayshing-6333-5mm-latch-hasp-fs-1022","status":"publish","type":"product","link":"https:\/\/fayshing.com\/es-es\/product\/fayshing-6333-5mm-latch-hasp-fs-1022\/","title":{"rendered":"Aldaba con pestillo para malet\u00edn FS-1022"},"content":{"rendered":"<p data-start=\"116\" data-end=\"374\">En <strong data-start=\"120\" data-end=\"152\">FS-1022 Aldaba de pestillo para malet\u00edn<\/strong> es una soluci\u00f3n de cierre compacta y fiable dise\u00f1ada para maletines, maletines de instrumentos, maletines de herramientas y cajas de almacenamiento. Medici\u00f3n <strong data-start=\"277\" data-end=\"292\">63 \u00d7 33,5 mm<\/strong>cuenta con un <strong data-start=\"308\" data-end=\"328\">Plato desplazado de 13 mm<\/strong> para una alineaci\u00f3n precisa y una fijaci\u00f3n segura.<\/p>\n<p data-start=\"376\" data-end=\"740\">Fabricado en <strong data-start=\"389\" data-end=\"416\">chapa de acero laminada en fr\u00edo<\/strong> y <strong data-start=\"421\" data-end=\"434\">alambre de hierro<\/strong>La FS-1022 ofrece durabilidad y un rendimiento duradero. Disponible en <strong data-start=\"509\" data-end=\"519\">dorado<\/strong>, <strong data-start=\"521\" data-end=\"531\">cromo<\/strong>o <strong data-start=\"536\" data-end=\"545\">negro<\/strong> combina funcionalidad y aspecto profesional. Este <strong data-start=\"619\" data-end=\"634\">sin bloqueo<\/strong> garantiza un acceso r\u00e1pido y c\u00f3modo, por lo que es ideal para aplicaciones en las que la velocidad es una prioridad.<\/p>\n<p data-start=\"742\" data-end=\"761\"><strong data-start=\"742\" data-end=\"759\">Caracter\u00edsticas principales:<\/strong><\/p>\n<ul data-start=\"762\" data-end=\"1070\">\n<li data-start=\"762\" data-end=\"787\">\n<p data-start=\"764\" data-end=\"787\">C\u00f3digo del producto: FS-1022<\/p>\n<\/li>\n<li data-start=\"788\" data-end=\"818\">\n<p data-start=\"790\" data-end=\"818\">Tipo: Cierre de malet\u00edn<\/p>\n<\/li>\n<li data-start=\"819\" data-end=\"840\">\n<p data-start=\"821\" data-end=\"840\">Tama\u00f1o: 63 \u00d7 33,5 mm<\/p>\n<\/li>\n<li data-start=\"841\" data-end=\"877\">\n<p data-start=\"843\" data-end=\"877\">Material: Chapa fr\u00eda y alambre de hierro<\/p>\n<\/li>\n<li data-start=\"878\" data-end=\"921\">\n<p data-start=\"880\" data-end=\"921\">Opciones de acabado: Dorado \/ Cromo \/ Negro<\/p>\n<\/li>\n<li data-start=\"922\" data-end=\"943\">\n<p data-start=\"924\" data-end=\"943\">Plato desplazado: 13 mm<\/p>\n<\/li>\n<li data-start=\"944\" data-end=\"996\">\n<p data-start=\"946\" data-end=\"996\">Cierre: Sin bloqueo: acceso r\u00e1pido sin llaves<\/p>\n<\/li>\n<li data-start=\"997\" data-end=\"1070\">\n<p data-start=\"999\" data-end=\"1070\">Aplicaciones: Maletines, maletines para instrumentos, maletines para herramientas, cajas de almacenamiento<\/p>\n<\/li>\n<\/ul>\n<p data-start=\"1072\" data-end=\"1219\">El FS-1022 ofrece <strong data-start=\"1093\" data-end=\"1145\">cierre seguro, f\u00e1cil manejo y aspecto limpio<\/strong>por lo que resulta adecuado tanto para la construcci\u00f3n de nuevas cajas como para su uso como repuesto.<\/p>","protected":false},"excerpt":{"rendered":"<ul>\n<li>Tama\u00f1o: 63*33,5 mm<\/li>\n<li>Material: Chapa fr\u00eda\/ Alambre de hierro<\/li>\n<li>Acabados: Dorado, Cromo, Negro<\/li>\n<li>Plato desplazado: 13 mm<\/li>\n<li>Cerradura: Sin bloqueo<\/li>\n<\/ul>","protected":false},"featured_media":3342,"comment_status":"closed","ping_status":"closed","template":"","meta":{"_acf_changed":false},"product_brand":[],"product_cat":[23,162],"product_tag":[],"class_list":{"0":"post-3218","1":"product","2":"type-product","3":"status-publish","4":"has-post-thumbnail","6":"product_cat-latches","7":"product_cat-briefcase-draw-latches","8":"description-off","10":"first","11":"instock","12":"shipping-taxable","13":"product-type-simple"},"acf":[],"_links":{"self":[{"href":"https:\/\/fayshing.com\/es-es\/wp-json\/wp\/v2\/product\/3218","targetHints":{"allow":["GET"]}}],"collection":[{"href":"https:\/\/fayshing.com\/es-es\/wp-json\/wp\/v2\/product"}],"about":[{"href":"https:\/\/fayshing.com\/es-es\/wp-json\/wp\/v2\/types\/product"}],"replies":[{"embeddable":true,"href":"https:\/\/fayshing.com\/es-es\/wp-json\/wp\/v2\/comments?post=3218"}],"wp:featuredmedia":[{"embeddable":true,"href":"https:\/\/fayshing.com\/es-es\/wp-json\/wp\/v2\/media\/3342"}],"wp:attachment":[{"href":"https:\/\/fayshing.com\/es-es\/wp-json\/wp\/v2\/media?parent=3218"}],"wp:term":[{"taxonomy":"product_brand","embeddable":true,"href":"https:\/\/fayshing.com\/es-es\/wp-json\/wp\/v2\/product_brand?post=3218"},{"taxonomy":"product_cat","embeddable":true,"href":"https:\/\/fayshing.com\/es-es\/wp-json\/wp\/v2\/product_cat?post=3218"},{"taxonomy":"product_tag","embeddable":true,"href":"https:\/\/fayshing.com\/es-es\/wp-json\/wp\/v2\/product_tag?post=3218"}],"curies":[{"name":"wp","href":"https:\/\/api.w.org\/{rel}","templated":true}]}}