{"id":3199,"date":"2022-05-17T10:09:06","date_gmt":"2022-05-17T02:09:06","guid":{"rendered":"https:\/\/fayshing.com\/index.php\/product\/fayshing-6535mm-small-draw-latch-with-padlock-ring-fs-1016\/"},"modified":"2025-01-08T11:43:30","modified_gmt":"2025-01-08T03:43:30","slug":"fayshing-6535mm-small-draw-latch-with-padlock-ring-fs-1016","status":"publish","type":"product","link":"https:\/\/fayshing.com\/es-es\/product\/fayshing-6535mm-small-draw-latch-with-padlock-ring-fs-1016\/","title":{"rendered":"Fayshing 65*35mm Pestillo Peque\u00f1o con Anillo para Candado FS-1016"},"content":{"rendered":"<p>Dimensiones del producto: 65*35 mm.<br \/>\nMaterial del pestillo: El pestillo de la aldaba hecho del hierro de la buena calidad, y la superficie es galjanoplastia de cromo, con las propiedades anticorrosi\u00f3n excelentes, robustas y durables para el tiempo largo usando.<br \/>\n\u2606 Aplicaci\u00f3n: Pestillo de la aldaba conveniente para el caj\u00f3n, el gabinete, la caja ordinaria, los casos del instrumento, el etc.<br \/>\nF\u00e1cil instalaci\u00f3n: Destacado con estructura simple, simplemente levante el brazo de tracci\u00f3n para abrir, f\u00e1cil de instalar y utilizar.<br \/>\nConsejos: Almacenar en un lugar seco, no apilar en un lugar h\u00famedo y fr\u00edo, para evitar el \u00f3xido o la oxidaci\u00f3n del producto.<\/p>","protected":false},"excerpt":{"rendered":"<p>Disponemos de hebillas y cerraduras para cajas\/estuches en diferentes formas y colores para satisfacer sus diversas necesidades. Todo tipo de bonitos dise\u00f1os, protegiendo tu caja y decorando tambi\u00e9n tu caja\/estuche.<\/p>","protected":false},"featured_media":3380,"comment_status":"open","ping_status":"closed","template":"","meta":{"_acf_changed":false},"product_brand":[],"product_cat":[162],"product_tag":[],"class_list":{"0":"post-3199","1":"product","2":"type-product","3":"status-publish","4":"has-post-thumbnail","6":"product_cat-briefcase-draw-latches","7":"description-off","9":"first","10":"instock","11":"shipping-taxable","12":"product-type-simple"},"acf":[],"_links":{"self":[{"href":"https:\/\/fayshing.com\/es-es\/wp-json\/wp\/v2\/product\/3199","targetHints":{"allow":["GET"]}}],"collection":[{"href":"https:\/\/fayshing.com\/es-es\/wp-json\/wp\/v2\/product"}],"about":[{"href":"https:\/\/fayshing.com\/es-es\/wp-json\/wp\/v2\/types\/product"}],"replies":[{"embeddable":true,"href":"https:\/\/fayshing.com\/es-es\/wp-json\/wp\/v2\/comments?post=3199"}],"wp:featuredmedia":[{"embeddable":true,"href":"https:\/\/fayshing.com\/es-es\/wp-json\/wp\/v2\/media\/3380"}],"wp:attachment":[{"href":"https:\/\/fayshing.com\/es-es\/wp-json\/wp\/v2\/media?parent=3199"}],"wp:term":[{"taxonomy":"product_brand","embeddable":true,"href":"https:\/\/fayshing.com\/es-es\/wp-json\/wp\/v2\/product_brand?post=3199"},{"taxonomy":"product_cat","embeddable":true,"href":"https:\/\/fayshing.com\/es-es\/wp-json\/wp\/v2\/product_cat?post=3199"},{"taxonomy":"product_tag","embeddable":true,"href":"https:\/\/fayshing.com\/es-es\/wp-json\/wp\/v2\/product_tag?post=3199"}],"curies":[{"name":"wp","href":"https:\/\/api.w.org\/{rel}","templated":true}]}}