{"id":3198,"date":"2022-05-17T10:09:05","date_gmt":"2022-05-17T02:09:05","guid":{"rendered":"https:\/\/fayshing.com\/index.php\/product\/fayshing-6138mm-small-lockable-draw-latch-fs-1015\/"},"modified":"2025-01-08T10:45:31","modified_gmt":"2025-01-08T02:45:31","slug":"fayshing-6138mm-small-lockable-draw-latch-fs-1015","status":"publish","type":"product","link":"https:\/\/fayshing.com\/es-es\/product\/fayshing-6138mm-small-lockable-draw-latch-fs-1015\/","title":{"rendered":"Fayshing 61*38mm Cerradura Peque\u00f1a FS-1015"},"content":{"rendered":"<p>\u3010Dimensi\u00f3n del producto\u3011 61*38mm.<br \/>\n\u3010Material de alta calidad\u3011 Hecho de hierro de buena calidad, lo que hace que su apariencia sea m\u00e1s elegante, anticorrosi\u00f3n y buena resistencia al desgaste.<br \/>\n\u3010Caracter\u00edsticas del producto\u3011 La hebilla tiene un dise\u00f1o exquisito y una mano de obra exquisita. Los orificios para tornillos reservados son f\u00e1ciles de instalar. Despu\u00e9s de arreglarla, tu caja se ver\u00e1 m\u00e1s hermosa.<br \/>\nAmplias aplicaciones: el pestillo de palanca generalmente se usa en cajas de herramientas, cajones, estuches, joyeros u otros accesorios.<br \/>\n\u3010El cliente es lo primero\u3011Hacemos todo lo posible para fabricar productos de buena calidad y esperamos su satisfacci\u00f3n con el 100%. Cualquier pregunta no dude en hac\u00e9rnoslo saber.<\/p>","protected":false},"excerpt":{"rendered":"<ul>\n<li>Pestillo de tracci\u00f3n<\/li>\n<li>Material: Acero<\/li>\n<li>Acabado: Oro \/ Cromo \/ Negro<\/li>\n<\/ul>","protected":false},"featured_media":3383,"comment_status":"open","ping_status":"closed","template":"","meta":{"_acf_changed":false},"product_brand":[],"product_cat":[162,23],"product_tag":[],"class_list":{"0":"post-3198","1":"product","2":"type-product","3":"status-publish","4":"has-post-thumbnail","6":"product_cat-briefcase-draw-latches","7":"product_cat-latches","8":"description-off","10":"first","11":"instock","12":"shipping-taxable","13":"product-type-simple"},"acf":[],"_links":{"self":[{"href":"https:\/\/fayshing.com\/es-es\/wp-json\/wp\/v2\/product\/3198","targetHints":{"allow":["GET"]}}],"collection":[{"href":"https:\/\/fayshing.com\/es-es\/wp-json\/wp\/v2\/product"}],"about":[{"href":"https:\/\/fayshing.com\/es-es\/wp-json\/wp\/v2\/types\/product"}],"replies":[{"embeddable":true,"href":"https:\/\/fayshing.com\/es-es\/wp-json\/wp\/v2\/comments?post=3198"}],"wp:featuredmedia":[{"embeddable":true,"href":"https:\/\/fayshing.com\/es-es\/wp-json\/wp\/v2\/media\/3383"}],"wp:attachment":[{"href":"https:\/\/fayshing.com\/es-es\/wp-json\/wp\/v2\/media?parent=3198"}],"wp:term":[{"taxonomy":"product_brand","embeddable":true,"href":"https:\/\/fayshing.com\/es-es\/wp-json\/wp\/v2\/product_brand?post=3198"},{"taxonomy":"product_cat","embeddable":true,"href":"https:\/\/fayshing.com\/es-es\/wp-json\/wp\/v2\/product_cat?post=3198"},{"taxonomy":"product_tag","embeddable":true,"href":"https:\/\/fayshing.com\/es-es\/wp-json\/wp\/v2\/product_tag?post=3198"}],"curies":[{"name":"wp","href":"https:\/\/api.w.org\/{rel}","templated":true}]}}