{"id":3196,"date":"2022-05-17T10:09:04","date_gmt":"2022-05-17T02:09:04","guid":{"rendered":"https:\/\/fayshing.com\/index.php\/product\/fayshing-8850mm-large-lockable-draw-latch-fs-1013\/"},"modified":"2025-01-10T10:30:09","modified_gmt":"2025-01-10T02:30:09","slug":"fayshing-8850mm-large-lockable-draw-latch-fs-1013","status":"publish","type":"product","link":"https:\/\/fayshing.com\/es-es\/product\/fayshing-8850mm-large-lockable-draw-latch-fs-1013\/","title":{"rendered":"Fayshing 88*50mm Cerradura Grande FS-1013"},"content":{"rendered":"<p>\u3010Dimensi\u00f3n del producto\u3011 88*50mm.<br \/>\n\u3010Material de alta calidad\u3011 Hecho de hierro de buena calidad, lo que hace que su apariencia sea m\u00e1s elegante, anticorrosi\u00f3n y buena resistencia al desgaste.<br \/>\n\u3010Caracter\u00edsticas del producto\u3011 La hebilla tiene un dise\u00f1o exquisito y una mano de obra exquisita. Los orificios para tornillos reservados son f\u00e1ciles de instalar. Despu\u00e9s de arreglarla, tu caja se ver\u00e1 m\u00e1s hermosa.<br \/>\nAmplias aplicaciones: el pestillo de palanca generalmente se usa en cajas de herramientas, cajones, estuches, joyeros u otros accesorios.<br \/>\n\u3010El cliente es lo primero\u3011Hacemos todo lo posible para fabricar productos de buena calidad y esperamos su satisfacci\u00f3n con el 100%. Cualquier pregunta no dude en hac\u00e9rnoslo saber.<\/p>","protected":false},"excerpt":{"rendered":"<p>Disponemos de hebillas y cerraduras para cajas\/estuches en diferentes formas y colores para satisfacer sus diversas necesidades. Todo tipo de bonitos dise\u00f1os, protegiendo tu caja y decorando tambi\u00e9n tu caja\/estuche.<\/p>","protected":false},"featured_media":3386,"comment_status":"open","ping_status":"closed","template":"","meta":{"_acf_changed":false},"product_brand":[],"product_cat":[162,23],"product_tag":[],"class_list":{"0":"post-3196","1":"product","2":"type-product","3":"status-publish","4":"has-post-thumbnail","6":"product_cat-briefcase-draw-latches","7":"product_cat-latches","8":"description-off","10":"first","11":"instock","12":"shipping-taxable","13":"product-type-simple"},"acf":[],"_links":{"self":[{"href":"https:\/\/fayshing.com\/es-es\/wp-json\/wp\/v2\/product\/3196","targetHints":{"allow":["GET"]}}],"collection":[{"href":"https:\/\/fayshing.com\/es-es\/wp-json\/wp\/v2\/product"}],"about":[{"href":"https:\/\/fayshing.com\/es-es\/wp-json\/wp\/v2\/types\/product"}],"replies":[{"embeddable":true,"href":"https:\/\/fayshing.com\/es-es\/wp-json\/wp\/v2\/comments?post=3196"}],"wp:featuredmedia":[{"embeddable":true,"href":"https:\/\/fayshing.com\/es-es\/wp-json\/wp\/v2\/media\/3386"}],"wp:attachment":[{"href":"https:\/\/fayshing.com\/es-es\/wp-json\/wp\/v2\/media?parent=3196"}],"wp:term":[{"taxonomy":"product_brand","embeddable":true,"href":"https:\/\/fayshing.com\/es-es\/wp-json\/wp\/v2\/product_brand?post=3196"},{"taxonomy":"product_cat","embeddable":true,"href":"https:\/\/fayshing.com\/es-es\/wp-json\/wp\/v2\/product_cat?post=3196"},{"taxonomy":"product_tag","embeddable":true,"href":"https:\/\/fayshing.com\/es-es\/wp-json\/wp\/v2\/product_tag?post=3196"}],"curies":[{"name":"wp","href":"https:\/\/api.w.org\/{rel}","templated":true}]}}