{"id":3157,"date":"2022-05-17T09:59:09","date_gmt":"2022-05-17T01:59:09","guid":{"rendered":"https:\/\/fayshing.com\/index.php\/product\/fayshing-7245mm-draw-latch-fs-1002-2\/"},"modified":"2025-08-05T13:48:43","modified_gmt":"2025-08-05T05:48:43","slug":"fayshing-7245mm-draw-latch-fs-1002","status":"publish","type":"product","link":"https:\/\/fayshing.com\/es-es\/product\/fayshing-7245mm-draw-latch-fs-1002\/","title":{"rendered":"Pestillo de extracci\u00f3n Fayshing 72 * 45 mm FS-1002"},"content":{"rendered":"<p>Dimensi\u00f3n del producto: 72*45 mm.<br \/>\nMaterial del pestillo: El pestillo de la aldaba hecho del hierro de la buena calidad, y la superficie es galjanoplastia de cromo, con las propiedades anticorrosi\u00f3n excelentes, robustas y durables para el tiempo largo usando.<br \/>\n\u2606 Aplicaci\u00f3n: Pestillo de la aldaba conveniente para el caj\u00f3n, el gabinete, la caja ordinaria, los casos del instrumento, el etc.<br \/>\nF\u00e1cil instalaci\u00f3n: Destacado con estructura simple, simplemente levante el brazo de tracci\u00f3n para abrir, f\u00e1cil de instalar y utilizar.<br \/>\nConsejos: Almacenar en un lugar seco, no apilar en un lugar h\u00famedo y fr\u00edo, para evitar el \u00f3xido o la oxidaci\u00f3n del producto.<\/p>","protected":false},"excerpt":{"rendered":"<ul>\n<li>Pestillo de tracci\u00f3n<\/li>\n<li>Material: Acero<\/li>\n<li>Acabado: Oro \/ Cromo \/ Negro<\/li>\n<\/ul>","protected":false},"featured_media":5248,"comment_status":"open","ping_status":"closed","template":"","meta":{"_acf_changed":false},"product_brand":[],"product_cat":[162],"product_tag":[],"class_list":{"0":"post-3157","1":"product","2":"type-product","3":"status-publish","4":"has-post-thumbnail","6":"product_cat-briefcase-draw-latches","7":"description-off","9":"first","10":"instock","11":"shipping-taxable","12":"product-type-simple"},"acf":[],"_links":{"self":[{"href":"https:\/\/fayshing.com\/es-es\/wp-json\/wp\/v2\/product\/3157","targetHints":{"allow":["GET"]}}],"collection":[{"href":"https:\/\/fayshing.com\/es-es\/wp-json\/wp\/v2\/product"}],"about":[{"href":"https:\/\/fayshing.com\/es-es\/wp-json\/wp\/v2\/types\/product"}],"replies":[{"embeddable":true,"href":"https:\/\/fayshing.com\/es-es\/wp-json\/wp\/v2\/comments?post=3157"}],"wp:featuredmedia":[{"embeddable":true,"href":"https:\/\/fayshing.com\/es-es\/wp-json\/wp\/v2\/media\/5248"}],"wp:attachment":[{"href":"https:\/\/fayshing.com\/es-es\/wp-json\/wp\/v2\/media?parent=3157"}],"wp:term":[{"taxonomy":"product_brand","embeddable":true,"href":"https:\/\/fayshing.com\/es-es\/wp-json\/wp\/v2\/product_brand?post=3157"},{"taxonomy":"product_cat","embeddable":true,"href":"https:\/\/fayshing.com\/es-es\/wp-json\/wp\/v2\/product_cat?post=3157"},{"taxonomy":"product_tag","embeddable":true,"href":"https:\/\/fayshing.com\/es-es\/wp-json\/wp\/v2\/product_tag?post=3157"}],"curies":[{"name":"wp","href":"https:\/\/api.w.org\/{rel}","templated":true}]}}