{"id":2966,"date":"2022-05-11T15:39:14","date_gmt":"2022-05-11T07:39:14","guid":{"rendered":"https:\/\/fayshing.com\/?post_type=product&#038;p=2966"},"modified":"2025-08-08T14:35:52","modified_gmt":"2025-08-08T06:35:52","slug":"fayshing-chrome-plating-lift-off-hinge-door-hinges-chrome-fs-5086","status":"publish","type":"product","link":"https:\/\/fayshing.com\/es-es\/product\/fayshing-chrome-plating-lift-off-hinge-door-hinges-chrome-fs-5086\/","title":{"rendered":"Fayshing Cromado Levante Bisagra Bisagras de puerta FS-5030"},"content":{"rendered":"<p><strong>Fayshing Cromado Levantar Bisagra Bisagras de puerta Cromo FS-5086<\/strong><\/p>\n<p>Amplia Aplicaci\u00f3n: Ampliamente utilizado en armarios, puertas, cajas de herramientas, flight cases, estuches de cosm\u00e9ticos, etc.<\/p>\n<hr \/>\n<p><strong>Descripci\u00f3n :<\/strong><\/p>\n<ul>\n<li>Fabricado en acero inoxidable de alta calidad con acabado galvanizado, duradero, a prueba de \u00f3xido y resistente a la corrosi\u00f3n.<\/li>\n<li>Act\u00faa como una bisagra pero permite retirar r\u00e1pidamente las cubiertas o tapas delantera y trasera de una aplicaci\u00f3n.<\/li>\n<\/ul>\n<hr \/>\n<p><strong>Nota :<\/strong><\/p>\n<ul>\n<li>Debido a la medici\u00f3n manual, permita una desviaci\u00f3n de 1 a 2 mm. La luz de la fotograf\u00eda y los diferentes monitores pueden hacer que el color del producto en la imagen sea ligeramente diferente al producto real.<\/li>\n<li>P\u00f3ngase en contacto con nosotros, compruebe cuidadosamente la talla de nuestros productos y lea las descripciones de las tallas antes de comprar para evitar posibles experiencias de compra desagradables.<\/li>\n<\/ul>","protected":false},"excerpt":{"rendered":"<p>Bisagras elevables de alta calidad, adecuadas para puertas de armarios, puertas de armarios, cajas, etc.<\/p>","protected":false},"featured_media":3413,"comment_status":"open","ping_status":"closed","template":"","meta":{"_acf_changed":false},"product_brand":[],"product_cat":[114,133],"product_tag":[],"class_list":{"0":"post-2966","1":"product","2":"type-product","3":"status-publish","4":"has-post-thumbnail","6":"product_cat-hinges-lid-stays","7":"product_cat-lift-off-hinges","8":"pa_application-cabinet-door-toolbox-flight-case","9":"pa_delivery-time-please-contact-sales-staff","10":"pa_material-cold-plate","11":"pa_surface-treatment-chrome-golden-black","12":"description-off","14":"first","15":"instock","16":"shipping-taxable","17":"product-type-simple"},"acf":[],"_links":{"self":[{"href":"https:\/\/fayshing.com\/es-es\/wp-json\/wp\/v2\/product\/2966","targetHints":{"allow":["GET"]}}],"collection":[{"href":"https:\/\/fayshing.com\/es-es\/wp-json\/wp\/v2\/product"}],"about":[{"href":"https:\/\/fayshing.com\/es-es\/wp-json\/wp\/v2\/types\/product"}],"replies":[{"embeddable":true,"href":"https:\/\/fayshing.com\/es-es\/wp-json\/wp\/v2\/comments?post=2966"}],"wp:featuredmedia":[{"embeddable":true,"href":"https:\/\/fayshing.com\/es-es\/wp-json\/wp\/v2\/media\/3413"}],"wp:attachment":[{"href":"https:\/\/fayshing.com\/es-es\/wp-json\/wp\/v2\/media?parent=2966"}],"wp:term":[{"taxonomy":"product_brand","embeddable":true,"href":"https:\/\/fayshing.com\/es-es\/wp-json\/wp\/v2\/product_brand?post=2966"},{"taxonomy":"product_cat","embeddable":true,"href":"https:\/\/fayshing.com\/es-es\/wp-json\/wp\/v2\/product_cat?post=2966"},{"taxonomy":"product_tag","embeddable":true,"href":"https:\/\/fayshing.com\/es-es\/wp-json\/wp\/v2\/product_tag?post=2966"}],"curies":[{"name":"wp","href":"https:\/\/api.w.org\/{rel}","templated":true}]}}