{"id":2958,"date":"2022-05-11T15:01:38","date_gmt":"2022-05-11T07:01:38","guid":{"rendered":"https:\/\/fayshing.com\/?post_type=product&#038;p=2958"},"modified":"2025-08-08T14:29:54","modified_gmt":"2025-08-08T06:29:54","slug":"fayshing-right-detachable-slip-joint-flag-hinges-fs-5031","status":"publish","type":"product","link":"https:\/\/fayshing.com\/es-es\/product\/fayshing-right-detachable-slip-joint-flag-hinges-fs-5031\/","title":{"rendered":"Bisagras de bandera con junta deslizante desmontable derecha Fayshing FS-5031"},"content":{"rendered":"<p><strong>Bisagras de bandera con junta deslizante desmontable derecha Fayshing FS-5031<\/strong><\/p>\n<p>Amplia aplicaci\u00f3n: Ampliamente utilizado en varios tipos de puertas de armarios, puertas de armarios, puertas de taquillas, cajas, armarios, etc.<\/p>\n<hr \/>\n<p><strong>Descripci\u00f3n :<\/strong><\/p>\n<ul>\n<li>Fabricado en acero inoxidable de alta calidad con acabado galvanizado, duradero, a prueba de \u00f3xido y resistente a la corrosi\u00f3n.<\/li>\n<li>Los pasadores de las bisagras est\u00e1n protegidos con lubricante, son herm\u00e9ticos y no traquetean, lo que crea un entorno de aplicaci\u00f3n silencioso y suave.<\/li>\n<\/ul>\n<hr \/>\n<p><strong>Nota :<\/strong><\/p>\n<ul>\n<li>Debido a la medici\u00f3n manual, permita una desviaci\u00f3n de 1 a 2 mm. La luz de la fotograf\u00eda y los diferentes monitores pueden hacer que el color del producto en la imagen sea ligeramente diferente al producto real.<\/li>\n<li>Por favor, cont\u00e1ctenos para verificar cuidadosamente el tama\u00f1o de nuestro producto y lea las descripciones del tama\u00f1o del producto antes de comprar para evitar una posible experiencia de compra desagradable.<\/li>\n<\/ul>","protected":false},"excerpt":{"rendered":"<p>Bisagras elevables de alta calidad, adecuadas para puertas de armarios, puertas de armarios, cajas, etc.<\/p>","protected":false},"featured_media":0,"comment_status":"open","ping_status":"closed","template":"","meta":{"_acf_changed":false},"product_brand":[],"product_cat":[114,133],"product_tag":[],"class_list":{"0":"post-2958","1":"product","2":"type-product","3":"status-publish","5":"product_cat-hinges-lid-stays","6":"product_cat-lift-off-hinges","7":"pa_application-cabinet-door-closet-door-box","8":"pa_delivery-time-please-contact-sales-staff","9":"pa_material-cold-plate","10":"pa_surface-treatment-chrome-golden-black","11":"description-off","13":"first","14":"instock","15":"shipping-taxable","16":"product-type-simple"},"acf":[],"_links":{"self":[{"href":"https:\/\/fayshing.com\/es-es\/wp-json\/wp\/v2\/product\/2958","targetHints":{"allow":["GET"]}}],"collection":[{"href":"https:\/\/fayshing.com\/es-es\/wp-json\/wp\/v2\/product"}],"about":[{"href":"https:\/\/fayshing.com\/es-es\/wp-json\/wp\/v2\/types\/product"}],"replies":[{"embeddable":true,"href":"https:\/\/fayshing.com\/es-es\/wp-json\/wp\/v2\/comments?post=2958"}],"wp:attachment":[{"href":"https:\/\/fayshing.com\/es-es\/wp-json\/wp\/v2\/media?parent=2958"}],"wp:term":[{"taxonomy":"product_brand","embeddable":true,"href":"https:\/\/fayshing.com\/es-es\/wp-json\/wp\/v2\/product_brand?post=2958"},{"taxonomy":"product_cat","embeddable":true,"href":"https:\/\/fayshing.com\/es-es\/wp-json\/wp\/v2\/product_cat?post=2958"},{"taxonomy":"product_tag","embeddable":true,"href":"https:\/\/fayshing.com\/es-es\/wp-json\/wp\/v2\/product_tag?post=2958"}],"curies":[{"name":"wp","href":"https:\/\/api.w.org\/{rel}","templated":true}]}}