{"id":2957,"date":"2022-05-11T14:29:51","date_gmt":"2022-05-11T06:29:51","guid":{"rendered":"https:\/\/fayshing.com\/?post_type=product&#038;p=2957"},"modified":"2025-04-07T16:58:22","modified_gmt":"2025-04-07T08:58:22","slug":"fayshing-decorative-wooden-box-hinges-jewelry-box-butterfly-hinges-fs-5075","status":"publish","type":"product","link":"https:\/\/fayshing.com\/es-es\/product\/fayshing-decorative-wooden-box-hinges-jewelry-box-butterfly-hinges-fs-5075\/","title":{"rendered":"Fayshing 90 Grados Caja de Madera Decorativa Bisagras Joyero Mariposa Bisagras FS-5075"},"content":{"rendered":"<p><strong>Fayshing 90 Grados Caja de Madera Decorativa Bisagras Joyero Mariposa Bisagras FS-5075<\/strong><\/p>\n<p>Amplia aplicaci\u00f3n: Disponible para peque\u00f1os proyectos de bricolaje, cajas de joyas, cajas de regalo, peque\u00f1os armarios, cajones, cofres y otros art\u00edculos m\u00e1s peque\u00f1os.<\/p>\n<hr \/>\n<p><strong>Descripci\u00f3n :<\/strong><\/p>\n<ul>\n<li>Por su aspecto antiguo, su magn\u00edfica elaboraci\u00f3n y su excelente calidad, es una mezcla de vintage y moderno.<\/li>\n<li>Hecho de material de hierro de alta calidad, mano de obra exquisita, robusto y duradero, y se puede utilizar durante mucho tiempo.<\/li>\n<\/ul>\n<hr \/>\n<p><strong>Nota :<\/strong><\/p>\n<ul>\n<li>Debido a la medici\u00f3n manual, permita una desviaci\u00f3n de 1 a 2 mm. La luz de la fotograf\u00eda y los diferentes monitores pueden hacer que el color del producto en la imagen sea ligeramente diferente al producto real.<\/li>\n<li>Por favor, cont\u00e1ctenos para verificar cuidadosamente el tama\u00f1o de nuestro producto y lea las descripciones del tama\u00f1o del producto antes de comprar para evitar una posible experiencia de compra desagradable.<\/li>\n<\/ul>","protected":false},"excerpt":{"rendered":"<ul>\n<li>Bisagras peque\u00f1as de 90 grados<\/li>\n<li>Bisagras con desplazamiento<\/li>\n<li>Bisagras de mariposa peque\u00f1as<\/li>\n<li>Material : Hierro<\/li>\n<li>Acabados: Cromo \/ Dorado \/ Negro \/ Otro<\/li>\n<li>El grosor es de 1,2 mm<\/li>\n<li>31\u00d727 mm<\/li>\n<\/ul>","protected":false},"featured_media":3415,"comment_status":"open","ping_status":"closed","template":"","meta":{"_acf_changed":false},"product_brand":[],"product_cat":[114,130],"product_tag":[],"class_list":{"0":"post-2957","1":"product","2":"type-product","3":"status-publish","4":"has-post-thumbnail","6":"product_cat-hinges-lid-stays","7":"product_cat-plum-shaped-hinges","8":"pa_application-jewelry-box-gift-box","9":"pa_delivery-time-please-contact-sales-staff","10":"pa_material-cold-plate","11":"pa_surface-treatment-chrome-golden-black","12":"description-off","14":"first","15":"instock","16":"shipping-taxable","17":"product-type-simple"},"acf":[],"_links":{"self":[{"href":"https:\/\/fayshing.com\/es-es\/wp-json\/wp\/v2\/product\/2957","targetHints":{"allow":["GET"]}}],"collection":[{"href":"https:\/\/fayshing.com\/es-es\/wp-json\/wp\/v2\/product"}],"about":[{"href":"https:\/\/fayshing.com\/es-es\/wp-json\/wp\/v2\/types\/product"}],"replies":[{"embeddable":true,"href":"https:\/\/fayshing.com\/es-es\/wp-json\/wp\/v2\/comments?post=2957"}],"wp:featuredmedia":[{"embeddable":true,"href":"https:\/\/fayshing.com\/es-es\/wp-json\/wp\/v2\/media\/3415"}],"wp:attachment":[{"href":"https:\/\/fayshing.com\/es-es\/wp-json\/wp\/v2\/media?parent=2957"}],"wp:term":[{"taxonomy":"product_brand","embeddable":true,"href":"https:\/\/fayshing.com\/es-es\/wp-json\/wp\/v2\/product_brand?post=2957"},{"taxonomy":"product_cat","embeddable":true,"href":"https:\/\/fayshing.com\/es-es\/wp-json\/wp\/v2\/product_cat?post=2957"},{"taxonomy":"product_tag","embeddable":true,"href":"https:\/\/fayshing.com\/es-es\/wp-json\/wp\/v2\/product_tag?post=2957"}],"curies":[{"name":"wp","href":"https:\/\/api.w.org\/{rel}","templated":true}]}}