{"id":2577,"date":"2022-05-10T10:09:28","date_gmt":"2022-05-10T02:09:28","guid":{"rendered":"https:\/\/fayshing.com\/?post_type=product&#038;p=2577"},"modified":"2025-08-08T09:33:34","modified_gmt":"2025-08-08T01:33:34","slug":"fayshing-large-size-surface-mounted-chest-ring-pull-handle-fs-2060","status":"publish","type":"product","link":"https:\/\/fayshing.com\/es-es\/product\/fayshing-large-size-surface-mounted-chest-ring-pull-handle-fs-2060\/","title":{"rendered":"Tirador de anillo de pecho montado en superficie de gran tama\u00f1o Fayshing FS-2060"},"content":{"rendered":"<p><strong>Tirador de anillo de pecho montado en superficie de gran tama\u00f1o Fayshing FS-2060<\/strong><\/p>\n<p>Amplia aplicaci\u00f3n: Ampliamente utilizado para los muebles caseros, tales como gabinete, puerta del armario, aparador, caj\u00f3n, pecho, caja, caso etc.<\/p>\n<hr \/>\n<p><strong>Descripci\u00f3n :<\/strong><\/p>\n<ul>\n<li>Hecho de material de acero inoxidable de buena calidad con acabado de pintura en aerosol, liso sin rebabas, duradero para uso a largo plazo.<\/li>\n<li>Tiradores de estilo moderno, muy adecuados para su instalaci\u00f3n en el lateral o la parte superior de la caja para facilitar su movimiento o manejo.<\/li>\n<\/ul>\n<hr \/>\n<p><strong>Nota :<\/strong><\/p>\n<ul>\n<li>Debido a la medici\u00f3n manual, permita una desviaci\u00f3n de 1 a 3 mm. El color puede ser diferente debido a la diferencia de visualizaci\u00f3n, por favor comprenda.<\/li>\n<li>Si el producto que recibes tiene alg\u00fan problema, no te preocupes. Simplemente cont\u00e1ctenos y le ofreceremos una soluci\u00f3n satisfactoria. No dude en contactarnos si tiene alguna pregunta. Estaremos aqu\u00ed para ti todo el tiempo.<\/li>\n<\/ul>","protected":false},"excerpt":{"rendered":"<p>Perfecto para soportar armarios, cajas, cofres, etc.<\/p>","protected":false},"featured_media":2913,"comment_status":"open","ping_status":"closed","template":"","meta":{"_acf_changed":false},"product_brand":[],"product_cat":[108,122],"product_tag":[],"class_list":{"0":"post-2577","1":"product","2":"type-product","3":"status-publish","4":"has-post-thumbnail","6":"product_cat-handles","7":"product_cat-chest-handles","8":"pa_application-cabinet-closet-door-dresser-drawer","9":"pa_delivery-time-please-contact-sales-staff","10":"pa_material-cold-plate-iron-wire","11":"pa_surface-treatment-chrome","12":"description-off","14":"first","15":"instock","16":"shipping-taxable","17":"product-type-simple"},"acf":[],"_links":{"self":[{"href":"https:\/\/fayshing.com\/es-es\/wp-json\/wp\/v2\/product\/2577","targetHints":{"allow":["GET"]}}],"collection":[{"href":"https:\/\/fayshing.com\/es-es\/wp-json\/wp\/v2\/product"}],"about":[{"href":"https:\/\/fayshing.com\/es-es\/wp-json\/wp\/v2\/types\/product"}],"replies":[{"embeddable":true,"href":"https:\/\/fayshing.com\/es-es\/wp-json\/wp\/v2\/comments?post=2577"}],"wp:featuredmedia":[{"embeddable":true,"href":"https:\/\/fayshing.com\/es-es\/wp-json\/wp\/v2\/media\/2913"}],"wp:attachment":[{"href":"https:\/\/fayshing.com\/es-es\/wp-json\/wp\/v2\/media?parent=2577"}],"wp:term":[{"taxonomy":"product_brand","embeddable":true,"href":"https:\/\/fayshing.com\/es-es\/wp-json\/wp\/v2\/product_brand?post=2577"},{"taxonomy":"product_cat","embeddable":true,"href":"https:\/\/fayshing.com\/es-es\/wp-json\/wp\/v2\/product_cat?post=2577"},{"taxonomy":"product_tag","embeddable":true,"href":"https:\/\/fayshing.com\/es-es\/wp-json\/wp\/v2\/product_tag?post=2577"}],"curies":[{"name":"wp","href":"https:\/\/api.w.org\/{rel}","templated":true}]}}