{"id":2576,"date":"2022-05-09T17:47:41","date_gmt":"2022-05-09T09:47:41","guid":{"rendered":"https:\/\/fayshing.com\/?post_type=product&#038;p=2576"},"modified":"2025-01-14T11:02:15","modified_gmt":"2025-01-14T03:02:15","slug":"fayshing-external-telescoping-luggage-handle-fs-th-015","status":"publish","type":"product","link":"https:\/\/fayshing.com\/es-es\/product\/fayshing-external-telescoping-luggage-handle-fs-th-015\/","title":{"rendered":"Asa telesc\u00f3pica externa para equipaje Fayshing FS-D002"},"content":{"rendered":"<p><strong>Asa telesc\u00f3pica externa para equipaje Fayshing FS-D002<\/strong><\/p>\n<p>Amplia aplicaci\u00f3n: ampliamente utilizado en equipaje, maleta, caja de madera, etc.<\/p>\n<hr \/>\n<p><strong>Descripci\u00f3n :<\/strong><\/p>\n<ul>\n<li>Hecho de metal de alta calidad, muy robusto y bien construido.<\/li>\n<li>Resistente al desgaste, adecuado para el uso de la caja de equipaje ordinario, y la necesidad de tener una fuerte habilidad en bricolaje.<\/li>\n<\/ul>\n<hr \/>\n<p><strong>Nota :<\/strong><\/p>\n<ul>\n<li>Debido a la medici\u00f3n manual, permita una desviaci\u00f3n de 1 a 3 mm. El color puede ser diferente debido a la diferencia de visualizaci\u00f3n, por favor comprenda.<\/li>\n<li>Si el producto que recibes tiene alg\u00fan problema, no te preocupes. Simplemente cont\u00e1ctenos y le ofreceremos una soluci\u00f3n satisfactoria. No dude en contactarnos si tiene alguna pregunta. Estaremos aqu\u00ed para ti todo el tiempo.<\/li>\n<\/ul>","protected":false},"excerpt":{"rendered":"<p>Funciona perfectamente para una barra de manija extra\u00edble de repuesto para su equipaje.<\/p>","protected":false},"featured_media":3627,"comment_status":"closed","ping_status":"closed","template":"","meta":{"_acf_changed":false},"product_brand":[],"product_cat":[108,125],"product_tag":[],"class_list":{"0":"post-2576","1":"product","2":"type-product","3":"status-publish","4":"has-post-thumbnail","6":"product_cat-handles","7":"product_cat-pull-out-handles","8":"pa_application-luggage-suitcase-wooden-case","9":"pa_delivery-time-please-contact-sales-staff","10":"pa_material-cold-plate-iron-wire","11":"pa_surface-treatment-golden","12":"description-off","14":"first","15":"instock","16":"shipping-taxable","17":"product-type-simple"},"acf":[],"_links":{"self":[{"href":"https:\/\/fayshing.com\/es-es\/wp-json\/wp\/v2\/product\/2576","targetHints":{"allow":["GET"]}}],"collection":[{"href":"https:\/\/fayshing.com\/es-es\/wp-json\/wp\/v2\/product"}],"about":[{"href":"https:\/\/fayshing.com\/es-es\/wp-json\/wp\/v2\/types\/product"}],"replies":[{"embeddable":true,"href":"https:\/\/fayshing.com\/es-es\/wp-json\/wp\/v2\/comments?post=2576"}],"wp:featuredmedia":[{"embeddable":true,"href":"https:\/\/fayshing.com\/es-es\/wp-json\/wp\/v2\/media\/3627"}],"wp:attachment":[{"href":"https:\/\/fayshing.com\/es-es\/wp-json\/wp\/v2\/media?parent=2576"}],"wp:term":[{"taxonomy":"product_brand","embeddable":true,"href":"https:\/\/fayshing.com\/es-es\/wp-json\/wp\/v2\/product_brand?post=2576"},{"taxonomy":"product_cat","embeddable":true,"href":"https:\/\/fayshing.com\/es-es\/wp-json\/wp\/v2\/product_cat?post=2576"},{"taxonomy":"product_tag","embeddable":true,"href":"https:\/\/fayshing.com\/es-es\/wp-json\/wp\/v2\/product_tag?post=2576"}],"curies":[{"name":"wp","href":"https:\/\/api.w.org\/{rel}","templated":true}]}}