{"id":2574,"date":"2022-05-09T17:24:57","date_gmt":"2022-05-09T09:24:57","guid":{"rendered":"https:\/\/fayshing.com\/?post_type=product&#038;p=2574"},"modified":"2025-08-08T14:26:17","modified_gmt":"2025-08-08T06:26:17","slug":"fayshing-travel-suitcase-telescopic-handle-spare-parts-suitcase-pull-drag-rod-fs-th-002","status":"publish","type":"product","link":"https:\/\/fayshing.com\/es-es\/product\/fayshing-travel-suitcase-telescopic-handle-spare-parts-suitcase-pull-drag-rod-fs-th-002\/","title":{"rendered":"Fayshing-maleta de viaje con mango telesc\u00f3pico, repuestos, varilla de arrastre para maleta, FS-D003"},"content":{"rendered":"<p><strong>Fayshing Maleta de Viaje Asa Telesc\u00f3pica Repuestos Maleta Tirar Arrastrar Varilla FS-FS-D003<\/strong><\/p>\n<p>Amplia aplicaci\u00f3n: ampliamente utilizado en equipaje, maleta, caja de madera, etc.<\/p>\n<hr \/>\n<p><strong>Descripci\u00f3n :<\/strong><\/p>\n<ul>\n<li>Puede sustituir f\u00e1cilmente el asa telesc\u00f3pica de la nevera. La alta compatibilidad de estas piezas le permite utilizarlas e instalarlas r\u00e1pidamente, sin compras engorrosas, y puede conservarlas como repuestos.<\/li>\n<li>Muy f\u00e1cil de encajar en su lugar. Perfect match and Good Choice for Direct replacement of original parts and Fixes the following symptoms: handle got stuck, Broken Telescoping handle. La calidad supera los requisitos de OEM.<\/li>\n<\/ul>\n<hr \/>\n<p><strong>Nota :<\/strong><\/p>\n<ul>\n<li>Debido a la medici\u00f3n manual, permita una desviaci\u00f3n de 1 a 3 mm. El color puede ser diferente debido a la diferencia de visualizaci\u00f3n, por favor comprenda.<\/li>\n<li>Si el producto que recibes tiene alg\u00fan problema, no te preocupes. Simplemente cont\u00e1ctenos y le ofreceremos una soluci\u00f3n satisfactoria. No dude en contactarnos si tiene alguna pregunta. Estaremos aqu\u00ed para ti todo el tiempo.<\/li>\n<\/ul>","protected":false},"excerpt":{"rendered":"<p>Funciona perfectamente para una barra de manija extra\u00edble de repuesto para su equipaje.<\/p>","protected":false},"featured_media":3632,"comment_status":"closed","ping_status":"closed","template":"","meta":{"_acf_changed":false},"product_brand":[],"product_cat":[108,125],"product_tag":[],"class_list":{"0":"post-2574","1":"product","2":"type-product","3":"status-publish","4":"has-post-thumbnail","6":"product_cat-handles","7":"product_cat-pull-out-handles","8":"pa_application-luggage-suitcase-wooden-case","9":"pa_delivery-time-please-contact-sales-staff","10":"pa_material-cold-plate-iron-wire","11":"pa_surface-treatment-golden","12":"description-off","14":"first","15":"instock","16":"shipping-taxable","17":"product-type-simple"},"acf":[],"_links":{"self":[{"href":"https:\/\/fayshing.com\/es-es\/wp-json\/wp\/v2\/product\/2574","targetHints":{"allow":["GET"]}}],"collection":[{"href":"https:\/\/fayshing.com\/es-es\/wp-json\/wp\/v2\/product"}],"about":[{"href":"https:\/\/fayshing.com\/es-es\/wp-json\/wp\/v2\/types\/product"}],"replies":[{"embeddable":true,"href":"https:\/\/fayshing.com\/es-es\/wp-json\/wp\/v2\/comments?post=2574"}],"wp:featuredmedia":[{"embeddable":true,"href":"https:\/\/fayshing.com\/es-es\/wp-json\/wp\/v2\/media\/3632"}],"wp:attachment":[{"href":"https:\/\/fayshing.com\/es-es\/wp-json\/wp\/v2\/media?parent=2574"}],"wp:term":[{"taxonomy":"product_brand","embeddable":true,"href":"https:\/\/fayshing.com\/es-es\/wp-json\/wp\/v2\/product_brand?post=2574"},{"taxonomy":"product_cat","embeddable":true,"href":"https:\/\/fayshing.com\/es-es\/wp-json\/wp\/v2\/product_cat?post=2574"},{"taxonomy":"product_tag","embeddable":true,"href":"https:\/\/fayshing.com\/es-es\/wp-json\/wp\/v2\/product_tag?post=2574"}],"curies":[{"name":"wp","href":"https:\/\/api.w.org\/{rel}","templated":true}]}}