{"id":2567,"date":"2022-05-09T16:20:09","date_gmt":"2022-05-09T08:20:09","guid":{"rendered":"https:\/\/fayshing.com\/?post_type=product&#038;p=2567"},"modified":"2025-04-28T09:00:57","modified_gmt":"2025-04-28T01:00:57","slug":"56x39mm-stainless-steel-padlockable-surface-mount-butterfly-twist-latch-and-keeper-fs-1130","status":"publish","type":"product","link":"https:\/\/fayshing.com\/es-es\/product\/56x39mm-stainless-steel-padlockable-surface-mount-butterfly-twist-latch-and-keeper-fs-1130\/","title":{"rendered":"Pestillo giratorio de mariposa de montaje en superficie con candado de acero inoxidable y ret\u00e9n FS1130"},"content":{"rendered":"<p>\u3010Dimension\u3011: 56 \u00d7 39 \u00d7 17mm (L \u00d7 W \u00d7 H)<br \/>\n\u3010Alta Calidad\u3011: Hecho de acero inoxidable 304, es duradero, estable y resistente a la oxidaci\u00f3n.<br \/>\n\u3010Amplia Aplicaci\u00f3n\u3011: Puede ser ampliamente utilizado en casos de vuelo, casos multifunci\u00f3n, cajas de madera y etc.<br \/>\n\u3010F\u00e1cil uso\u3011: el pestillo tiene una acci\u00f3n de giro muy suave, simplemente coloque los sujetadores bloqueados planos sobre la caja y bloquee el ala.<br \/>\n\u3010Caracter\u00edsticas\u3011: El pestillo tiene las caracter\u00edsticas de gran fuerza de tracci\u00f3n, carga de trabajo pesada, f\u00e1cil uso, resistencia al impacto, etc., lo que puede garantizar un agarre firme sin deslizarse.<\/p>","protected":false},"excerpt":{"rendered":"<ul>\n<li><strong>Tipo de producto:\u00a0<\/strong>Capturas;<\/li>\n<li><strong>Tipo:<\/strong>Pestillos de mariposa;<\/li>\n<li><strong>Material:<\/strong>Acero inoxidable\uff1b<\/li>\n<li><strong>Superficie:\u00a0<\/strong>Cromo;<\/li>\n<li><strong>Bloqueable:<\/strong>S\u00ed;<\/li>\n<\/ul>","protected":false},"featured_media":2920,"comment_status":"closed","ping_status":"closed","template":"","meta":{"_acf_changed":false},"product_brand":[],"product_cat":[117],"product_tag":[],"class_list":{"0":"post-2567","1":"product","2":"type-product","3":"status-publish","4":"has-post-thumbnail","6":"product_cat-surface-mount-twist-latches","7":"pa_material-steel","8":"pa_surface-treatment-black","9":"pa_surface-treatment-blue-zinc","10":"pa_surface-treatment-chrome","11":"description-off","13":"first","14":"instock","15":"shipping-taxable","16":"product-type-simple"},"acf":[],"_links":{"self":[{"href":"https:\/\/fayshing.com\/es-es\/wp-json\/wp\/v2\/product\/2567","targetHints":{"allow":["GET"]}}],"collection":[{"href":"https:\/\/fayshing.com\/es-es\/wp-json\/wp\/v2\/product"}],"about":[{"href":"https:\/\/fayshing.com\/es-es\/wp-json\/wp\/v2\/types\/product"}],"replies":[{"embeddable":true,"href":"https:\/\/fayshing.com\/es-es\/wp-json\/wp\/v2\/comments?post=2567"}],"wp:featuredmedia":[{"embeddable":true,"href":"https:\/\/fayshing.com\/es-es\/wp-json\/wp\/v2\/media\/2920"}],"wp:attachment":[{"href":"https:\/\/fayshing.com\/es-es\/wp-json\/wp\/v2\/media?parent=2567"}],"wp:term":[{"taxonomy":"product_brand","embeddable":true,"href":"https:\/\/fayshing.com\/es-es\/wp-json\/wp\/v2\/product_brand?post=2567"},{"taxonomy":"product_cat","embeddable":true,"href":"https:\/\/fayshing.com\/es-es\/wp-json\/wp\/v2\/product_cat?post=2567"},{"taxonomy":"product_tag","embeddable":true,"href":"https:\/\/fayshing.com\/es-es\/wp-json\/wp\/v2\/product_tag?post=2567"}],"curies":[{"name":"wp","href":"https:\/\/api.w.org\/{rel}","templated":true}]}}