{"id":2565,"date":"2022-05-09T16:16:00","date_gmt":"2022-05-09T08:16:00","guid":{"rendered":"https:\/\/fayshing.com\/?post_type=product&#038;p=2565"},"modified":"2025-04-28T09:04:40","modified_gmt":"2025-04-28T01:04:40","slug":"72x68mm-medium-spring-loaded-surface-mount-butterfly-twist-latch-and-keeper-fs-1129","status":"publish","type":"product","link":"https:\/\/fayshing.com\/es-es\/product\/72x68mm-medium-spring-loaded-surface-mount-butterfly-twist-latch-and-keeper-fs-1129\/","title":{"rendered":"Cierre giratorio de mariposa de montaje en superficie con muelle mediano FS1129"},"content":{"rendered":"<p>\u3010Dimension\u3011: 72 \u00d7 68 \u00d7 20mm (L \u00d7 W \u00d7 H)<br \/>\n\u3010Alta calidad\u3011: Fabricado con hierro, con alta dureza y resistencia al desgaste, lo que lo hace m\u00e1s duradero, anticorrosi\u00f3n y antioxidante.<br \/>\n\u3010Amplia aplicaci\u00f3n\u3011: Puede ser ampliamente utilizado en estuches de vuelo, estuches multifunci\u00f3n, cajas de madera, cajas de equipos, etc.<br \/>\n\u3010F\u00e1cil uso\u3011: el pestillo tiene una acci\u00f3n de giro muy suave, simplemente coloque los sujetadores bloqueados planos sobre la caja y bloquee el ala.<br \/>\n\u3010Caracter\u00edsticas\u3011: El pestillo tiene las caracter\u00edsticas de gran fuerza de tracci\u00f3n, carga de trabajo pesada, f\u00e1cil uso, resistencia al impacto, etc., lo que puede garantizar un agarre firme sin deslizarse.<\/p>","protected":false},"excerpt":{"rendered":"<ul>\n<li><strong>Tipo de producto:\u00a0<\/strong>Capturas;<\/li>\n<li><strong>Tipo:<\/strong>Pestillos de mariposa;<\/li>\n<li><strong>Material:<\/strong>Acero hierro;<\/li>\n<li><strong>Superficie:\u00a0<\/strong>Cromo;<\/li>\n<li><strong>Bloqueable:<\/strong>No;<\/li>\n<\/ul>","protected":false},"featured_media":2921,"comment_status":"closed","ping_status":"closed","template":"","meta":{"_acf_changed":false},"product_brand":[],"product_cat":[23,117],"product_tag":[],"class_list":{"0":"post-2565","1":"product","2":"type-product","3":"status-publish","4":"has-post-thumbnail","6":"product_cat-latches","7":"product_cat-surface-mount-twist-latches","8":"pa_material-steel","9":"pa_surface-treatment-black","10":"pa_surface-treatment-blue-zinc","11":"pa_surface-treatment-chrome","12":"description-off","14":"first","15":"instock","16":"shipping-taxable","17":"product-type-simple"},"acf":[],"_links":{"self":[{"href":"https:\/\/fayshing.com\/es-es\/wp-json\/wp\/v2\/product\/2565","targetHints":{"allow":["GET"]}}],"collection":[{"href":"https:\/\/fayshing.com\/es-es\/wp-json\/wp\/v2\/product"}],"about":[{"href":"https:\/\/fayshing.com\/es-es\/wp-json\/wp\/v2\/types\/product"}],"replies":[{"embeddable":true,"href":"https:\/\/fayshing.com\/es-es\/wp-json\/wp\/v2\/comments?post=2565"}],"wp:featuredmedia":[{"embeddable":true,"href":"https:\/\/fayshing.com\/es-es\/wp-json\/wp\/v2\/media\/2921"}],"wp:attachment":[{"href":"https:\/\/fayshing.com\/es-es\/wp-json\/wp\/v2\/media?parent=2565"}],"wp:term":[{"taxonomy":"product_brand","embeddable":true,"href":"https:\/\/fayshing.com\/es-es\/wp-json\/wp\/v2\/product_brand?post=2565"},{"taxonomy":"product_cat","embeddable":true,"href":"https:\/\/fayshing.com\/es-es\/wp-json\/wp\/v2\/product_cat?post=2565"},{"taxonomy":"product_tag","embeddable":true,"href":"https:\/\/fayshing.com\/es-es\/wp-json\/wp\/v2\/product_tag?post=2565"}],"curies":[{"name":"wp","href":"https:\/\/api.w.org\/{rel}","templated":true}]}}