{"id":2562,"date":"2022-05-09T15:54:35","date_gmt":"2022-05-09T07:54:35","guid":{"rendered":"https:\/\/fayshing.com\/?post_type=product&#038;p=2562"},"modified":"2025-04-28T09:13:24","modified_gmt":"2025-04-28T01:13:24","slug":"72x68mm-padlockable-medium-spring-loaded-surface-mount-butterfly-twist-latch-and-keeper-fs-1126","status":"publish","type":"product","link":"https:\/\/fayshing.com\/es-es\/product\/72x68mm-padlockable-medium-spring-loaded-surface-mount-butterfly-twist-latch-and-keeper-fs-1126\/","title":{"rendered":"Pestillo giratorio de mariposa de montaje en superficie con resorte mediano, con candado y retenedor FS1126"},"content":{"rendered":"<p>\u3010Dimension\u3011: 72 \u00d7 68 \u00d7 20mm (L \u00d7 W \u00d7 H)<br \/>\n\u3010Buena Calidad\u3011: Hecho de hierro de buena calidad, y la superficie es cromado, con excelentes propiedades anti-corrosi\u00f3n, resistente y duradero para el uso de largo tiempo.<br \/>\n\u3010Amplio Uso\u3011: Puede ser ampliamente utilizado en caja de carretera, caja de herramientas de aluminio, caja de equipo fotogr\u00e1fico, etc.<br \/>\n\u3010F\u00e1cil Operaci\u00f3n\u3011: Accionado por la presi\u00f3n de los dedos en el ala - Giro de 180 grados bloquea y desbloquea la unidad.<br \/>\n\u3010Caracter\u00edsticas\u3011: Tener tensi\u00f3n pesada, altas cargas de trabajo, f\u00e1cil de usar, s\u00f3lo hay que poner sujetadores bloqueados plana a la caja y se bloquea el ala.<\/p>","protected":false},"excerpt":{"rendered":"<ul>\n<li><strong>Tipo de producto:\u00a0<\/strong>Capturas;<\/li>\n<li><strong>Tipo:<\/strong>Pestillos de mariposa;<\/li>\n<li><strong>Material:<\/strong>Acero hierro;<\/li>\n<li><strong>Superficie:\u00a0<\/strong>Cromo;<\/li>\n<li><strong>Bloqueable:<\/strong>S\u00ed;<\/li>\n<\/ul>","protected":false},"featured_media":2928,"comment_status":"closed","ping_status":"closed","template":"","meta":{"_acf_changed":false},"product_brand":[],"product_cat":[117],"product_tag":[],"class_list":{"0":"post-2562","1":"product","2":"type-product","3":"status-publish","4":"has-post-thumbnail","6":"product_cat-surface-mount-twist-latches","7":"pa_material-steel","8":"pa_surface-treatment-black","9":"pa_surface-treatment-blue-zinc","10":"pa_surface-treatment-chrome","11":"description-off","13":"first","14":"instock","15":"shipping-taxable","16":"product-type-simple"},"acf":[],"_links":{"self":[{"href":"https:\/\/fayshing.com\/es-es\/wp-json\/wp\/v2\/product\/2562","targetHints":{"allow":["GET"]}}],"collection":[{"href":"https:\/\/fayshing.com\/es-es\/wp-json\/wp\/v2\/product"}],"about":[{"href":"https:\/\/fayshing.com\/es-es\/wp-json\/wp\/v2\/types\/product"}],"replies":[{"embeddable":true,"href":"https:\/\/fayshing.com\/es-es\/wp-json\/wp\/v2\/comments?post=2562"}],"wp:featuredmedia":[{"embeddable":true,"href":"https:\/\/fayshing.com\/es-es\/wp-json\/wp\/v2\/media\/2928"}],"wp:attachment":[{"href":"https:\/\/fayshing.com\/es-es\/wp-json\/wp\/v2\/media?parent=2562"}],"wp:term":[{"taxonomy":"product_brand","embeddable":true,"href":"https:\/\/fayshing.com\/es-es\/wp-json\/wp\/v2\/product_brand?post=2562"},{"taxonomy":"product_cat","embeddable":true,"href":"https:\/\/fayshing.com\/es-es\/wp-json\/wp\/v2\/product_cat?post=2562"},{"taxonomy":"product_tag","embeddable":true,"href":"https:\/\/fayshing.com\/es-es\/wp-json\/wp\/v2\/product_tag?post=2562"}],"curies":[{"name":"wp","href":"https:\/\/api.w.org\/{rel}","templated":true}]}}