{"id":2560,"date":"2022-05-09T15:38:54","date_gmt":"2022-05-09T07:38:54","guid":{"rendered":"https:\/\/fayshing.com\/?post_type=product&#038;p=2560"},"modified":"2025-09-25T10:43:27","modified_gmt":"2025-09-25T02:43:27","slug":"55x51mm-padlockable-spring-loaded-surface-mount-butterfly-twist-latch-and-keeper-fs-1124","status":"publish","type":"product","link":"https:\/\/fayshing.com\/es-es\/product\/55x51mm-padlockable-spring-loaded-surface-mount-butterfly-twist-latch-and-keeper-fs-1124\/","title":{"rendered":"Pestillo giratorio de mariposa de montaje en superficie con candado y resorte FS1124"},"content":{"rendered":"<ul>\n<li><strong>Tipo de producto:\u00a0<\/strong>Capturas;<\/li>\n<li><strong>Tipo:<\/strong>Pestillos de mariposa;<\/li>\n<li><strong>Material:<\/strong>Acero\uff1b<\/li>\n<li><strong>Superficie:\u00a0<\/strong>Cromo;<\/li>\n<li><strong>Bloqueable:<\/strong>S\u00ed;<\/li>\n<\/ul>\n<p>\u3010Dimension\u3011: 55 \u00d7 51 \u00d7 14mm (L \u00d7 W \u00d7 H)<br \/>\n\u3010Buena Calidad\u3011: Hecho de hierro de buena calidad, y la superficie es cromado, con excelentes propiedades anti-corrosi\u00f3n, resistente y duradero para el uso de largo tiempo.<br \/>\n\u3010Amplio Uso\u3011: Puede ser ampliamente utilizado en caja de carretera, caja de herramientas de aluminio, caja de equipo fotogr\u00e1fico, etc.<br \/>\n\u3010F\u00e1cil Operaci\u00f3n\u3011: Accionado por la presi\u00f3n de los dedos en el ala - Giro de 180 grados bloquea y desbloquea la unidad.<br \/>\n\u3010Caracter\u00edsticas\u3011: Tener tensi\u00f3n pesada, altas cargas de trabajo, f\u00e1cil de usar, s\u00f3lo hay que poner sujetadores bloqueados plana a la caja y se bloquea el ala.<\/p>\n<h3>FS1124 Dibujos CAD detallados<\/h3>\n<p><a href=\"https:\/\/fayshing.com\/wp-content\/uploads\/FS1124.png\"><img decoding=\"async\" class=\"alignnone size-medium wp-image-5610\" src=\"https:\/\/fayshing.com\/wp-content\/uploads\/FS1124-300x128.png\" alt=\"FS1124 Dibujos CAD detallados\" width=\"300\" height=\"128\" title=\"\" srcset=\"https:\/\/fayshing.com\/wp-content\/uploads\/FS1124-300x128.png 300w, https:\/\/fayshing.com\/wp-content\/uploads\/FS1124-600x255.png 600w, https:\/\/fayshing.com\/wp-content\/uploads\/FS1124-64x27.png 64w, https:\/\/fayshing.com\/wp-content\/uploads\/FS1124-18x8.png 18w, https:\/\/fayshing.com\/wp-content\/uploads\/FS1124.png 768w\" sizes=\"(max-width: 300px) 100vw, 300px\" \/><\/a><\/p>\n<h2 id=\"tablepress-4-name\" class=\"tablepress-table-name tablepress-table-name-id-4\">Pestillo de superficie peque\u00f1o<\/h2>\n\n<table id=\"tablepress-4\" class=\"tablepress tablepress-id-4\" aria-labelledby=\"tablepress-4-name\">\n<thead>\n<tr class=\"row-1\">\n\t<th class=\"column-1\"><strong>N\u00famero de pieza<\/strong><\/th><th class=\"column-2\"><strong>Dibujo<\/strong><\/th><th class=\"column-3\"><strong>Acabado<\/strong><\/th><th class=\"column-4\"><strong>Con cerradura<\/strong><\/th><th class=\"column-5\"><strong>Primavera<\/strong><\/th>\n<\/tr>\n<\/thead>\n<tbody class=\"row-striping row-hover\">\n<tr class=\"row-2\">\n\t<td class=\"column-1\"><a href=\"https:\/\/fayshing.com\/es-es\/product\/fs1215-two-hole-small-surface-latch\/\">FS1215<\/a><\/td><td class=\"column-2\"><\/td><td class=\"column-3\">Cromo<\/td><td class=\"column-4\">No<\/td><td class=\"column-5\">No<\/td>\n<\/tr>\n<tr class=\"row-3\">\n\t<td class=\"column-1\"><a href=\"https:\/\/fayshing.com\/es-es\/product\/42x40mm-stainless-steel-small-surface-mount-butterfly-twist-latch-and-keeper-fs-1121\/\">FS1121<\/a><\/td><td class=\"column-2\"><a href=\"https:\/\/fayshing.com\/wp-content\/uploads\/FS1121-Surface-Mount-Twist-Latches.jpg\"><img decoding=\"async\" src=\"https:\/\/fayshing.com\/wp-content\/uploads\/FS1121-Surface-Mount-Twist-Latches-300x300.jpg\" alt=\"FS1121 Cierres giratorios de montaje en superficie\" width=\"60\" height=\"60\" class=\"alignnone size-medium wp-image-6224\" title=\"\" srcset=\"https:\/\/fayshing.com\/wp-content\/uploads\/FS1121-Surface-Mount-Twist-Latches-300x300.jpg 300w, https:\/\/fayshing.com\/wp-content\/uploads\/FS1121-Surface-Mount-Twist-Latches-150x150.jpg 150w, https:\/\/fayshing.com\/wp-content\/uploads\/FS1121-Surface-Mount-Twist-Latches-768x768.jpg 768w, https:\/\/fayshing.com\/wp-content\/uploads\/FS1121-Surface-Mount-Twist-Latches-12x12.jpg 12w, https:\/\/fayshing.com\/wp-content\/uploads\/FS1121-Surface-Mount-Twist-Latches-600x600.jpg 600w, https:\/\/fayshing.com\/wp-content\/uploads\/FS1121-Surface-Mount-Twist-Latches-200x200.jpg 200w, https:\/\/fayshing.com\/wp-content\/uploads\/FS1121-Surface-Mount-Twist-Latches.jpg 800w\" sizes=\"(max-width: 60px) 100vw, 60px\" \/><\/a><\/td><td class=\"column-3\">Cromo<\/td><td class=\"column-4\">No<\/td><td class=\"column-5\">No<\/td>\n<\/tr>\n<tr class=\"row-4\">\n\t<td class=\"column-1\"><a href=\"https:\/\/fayshing.com\/es-es\/product\/42x40mm-stainless-steel-surface-mount-twist-latch-and-keeper-with-exposed-mounting-hole-fs-1122\/\">FS1122<\/a><\/td><td class=\"column-2\"><a href=\"https:\/\/fayshing.com\/wp-content\/uploads\/2022\/05\/FS1122.jpg\"><img decoding=\"async\" src=\"https:\/\/fayshing.com\/wp-content\/uploads\/2022\/05\/FS1122-300x300.jpg\" alt=\"Peque\u00f1o pestillo giratorio de acero inoxidable con montaje visto\" width=\"60\" height=\"60\" class=\"alignnone size-medium wp-image-2935\" title=\"\" srcset=\"https:\/\/fayshing.com\/wp-content\/uploads\/2022\/05\/FS1122-300x300.jpg 300w, https:\/\/fayshing.com\/wp-content\/uploads\/2022\/05\/FS1122-200x200.jpg 200w, https:\/\/fayshing.com\/wp-content\/uploads\/2022\/05\/FS1122-600x600.jpg 600w, https:\/\/fayshing.com\/wp-content\/uploads\/2022\/05\/FS1122-64x64.jpg 64w, https:\/\/fayshing.com\/wp-content\/uploads\/2022\/05\/FS1122-150x150.jpg 150w, https:\/\/fayshing.com\/wp-content\/uploads\/2022\/05\/FS1122-768x768.jpg 768w, https:\/\/fayshing.com\/wp-content\/uploads\/2022\/05\/FS1122-100x100.jpg 100w, https:\/\/fayshing.com\/wp-content\/uploads\/2022\/05\/FS1122.jpg 800w\" sizes=\"(max-width: 60px) 100vw, 60px\" \/><\/a><\/td><td class=\"column-3\">Cromo<\/td><td class=\"column-4\">No<\/td><td class=\"column-5\">No<\/td>\n<\/tr>\n<tr class=\"row-5\">\n\t<td class=\"column-1\"><a href=\"https:\/\/fayshing.com\/es-es\/product\/55x51mm-spring-loaded-small-surface-mount-butterfly-twist-latch-and-keeper-fs-1123\/\">FS1123<\/a><\/td><td class=\"column-2\"><a href=\"https:\/\/fayshing.com\/wp-content\/uploads\/2022\/05\/FS1123.jpg\"><img loading=\"lazy\" decoding=\"async\" src=\"https:\/\/fayshing.com\/wp-content\/uploads\/2022\/05\/FS1123-300x300.jpg\" alt=\"Pestillo de mariposa giratorio de 55x51mm con muelle para montaje en superficie\" width=\"60\" height=\"60\" class=\"alignnone size-medium wp-image-2933\" title=\"\" srcset=\"https:\/\/fayshing.com\/wp-content\/uploads\/2022\/05\/FS1123-300x300.jpg 300w, https:\/\/fayshing.com\/wp-content\/uploads\/2022\/05\/FS1123-200x200.jpg 200w, https:\/\/fayshing.com\/wp-content\/uploads\/2022\/05\/FS1123-600x600.jpg 600w, https:\/\/fayshing.com\/wp-content\/uploads\/2022\/05\/FS1123-64x64.jpg 64w, https:\/\/fayshing.com\/wp-content\/uploads\/2022\/05\/FS1123-150x150.jpg 150w, https:\/\/fayshing.com\/wp-content\/uploads\/2022\/05\/FS1123-768x768.jpg 768w, https:\/\/fayshing.com\/wp-content\/uploads\/2022\/05\/FS1123-100x100.jpg 100w, https:\/\/fayshing.com\/wp-content\/uploads\/2022\/05\/FS1123.jpg 800w\" sizes=\"(max-width: 60px) 100vw, 60px\" \/><\/a><\/td><td class=\"column-3\">Cromo<\/td><td class=\"column-4\">No<\/td><td class=\"column-5\">No<\/td>\n<\/tr>\n<tr class=\"row-6\">\n\t<td class=\"column-1\"><a href=\"https:\/\/fayshing.com\/es-es\/product\/55x51mm-padlockable-spring-loaded-surface-mount-butterfly-twist-latch-and-keeper-fs-1124\/\">FS1124<\/a><\/td><td class=\"column-2\"><a href=\"https:\/\/fayshing.com\/wp-content\/uploads\/FS1124.png\"><img loading=\"lazy\" decoding=\"async\" src=\"https:\/\/fayshing.com\/wp-content\/uploads\/FS1124-300x128.png\" alt=\"FS1124 Dibujos CAD detallados\" width=\"60\" height=\"30\" class=\"alignnone size-medium wp-image-5610\" title=\"\"><\/a><\/td><td class=\"column-3\">Cromo<\/td><td class=\"column-4\">Con candado<\/td><td class=\"column-5\">No<\/td>\n<\/tr>\n<\/tbody>\n<\/table>\n<!-- #tablepress-4 from cache -->\n<p>&nbsp;<\/p>\n<p>&nbsp;<\/p>","protected":false},"excerpt":{"rendered":"<ul>\n<li><strong>Tipo de producto:\u00a0<\/strong>Capturas;<\/li>\n<li><strong>Tipo:<\/strong>Pestillos de mariposa;<\/li>\n<li><strong>Material:<\/strong>Acero\uff1b<\/li>\n<li><strong>Superficie:\u00a0<\/strong>Cromo;<\/li>\n<li><strong>Bloqueable:<\/strong>S\u00ed;<\/li>\n<\/ul>","protected":false},"featured_media":2932,"comment_status":"closed","ping_status":"closed","template":"","meta":{"_acf_changed":false},"product_brand":[],"product_cat":[23,117],"product_tag":[],"class_list":{"0":"post-2560","1":"product","2":"type-product","3":"status-publish","4":"has-post-thumbnail","6":"product_cat-latches","7":"product_cat-surface-mount-twist-latches","8":"pa_material-steel","9":"pa_surface-treatment-black","10":"pa_surface-treatment-blue-zinc","11":"pa_surface-treatment-chrome","12":"description-off","14":"first","15":"instock","16":"shipping-taxable","17":"product-type-simple"},"acf":[],"_links":{"self":[{"href":"https:\/\/fayshing.com\/es-es\/wp-json\/wp\/v2\/product\/2560","targetHints":{"allow":["GET"]}}],"collection":[{"href":"https:\/\/fayshing.com\/es-es\/wp-json\/wp\/v2\/product"}],"about":[{"href":"https:\/\/fayshing.com\/es-es\/wp-json\/wp\/v2\/types\/product"}],"replies":[{"embeddable":true,"href":"https:\/\/fayshing.com\/es-es\/wp-json\/wp\/v2\/comments?post=2560"}],"wp:featuredmedia":[{"embeddable":true,"href":"https:\/\/fayshing.com\/es-es\/wp-json\/wp\/v2\/media\/2932"}],"wp:attachment":[{"href":"https:\/\/fayshing.com\/es-es\/wp-json\/wp\/v2\/media?parent=2560"}],"wp:term":[{"taxonomy":"product_brand","embeddable":true,"href":"https:\/\/fayshing.com\/es-es\/wp-json\/wp\/v2\/product_brand?post=2560"},{"taxonomy":"product_cat","embeddable":true,"href":"https:\/\/fayshing.com\/es-es\/wp-json\/wp\/v2\/product_cat?post=2560"},{"taxonomy":"product_tag","embeddable":true,"href":"https:\/\/fayshing.com\/es-es\/wp-json\/wp\/v2\/product_tag?post=2560"}],"curies":[{"name":"wp","href":"https:\/\/api.w.org\/{rel}","templated":true}]}}