{"id":2550,"date":"2022-05-09T15:20:07","date_gmt":"2022-05-09T07:20:07","guid":{"rendered":"https:\/\/fayshing.com\/?post_type=product&#038;p=2550"},"modified":"2025-08-08T09:33:51","modified_gmt":"2025-08-08T01:33:51","slug":"fayshing-pull-ring-handle-toolbox-lifting-door-case-chest-pull-handles-fs-2058","status":"publish","type":"product","link":"https:\/\/fayshing.com\/es-es\/product\/fayshing-pull-ring-handle-toolbox-lifting-door-case-chest-pull-handles-fs-2058\/","title":{"rendered":"Fayshing-manija de anillo de tracci\u00f3n, caja de herramientas, caja de puerta elevadora, tiradores de pecho, FS-2058"},"content":{"rendered":"<p><strong>Fayshing-manija de anillo de tracci\u00f3n, caja de herramientas, caja de puerta elevadora, tiradores de pecho, FS-2058<\/strong><\/p>\n<p>Amplia aplicaci\u00f3n: Se utiliza en los diversos tipos de caja de embalaje, caja de aluminio, caja de herramientas, etc.<\/p>\n<hr \/>\n<p><strong>Descripci\u00f3n :<\/strong><\/p>\n<ul>\n<li>El mango del cofre est\u00e1 hecho de acero de alta calidad, acabado cromado, construcci\u00f3n de alta resistencia para una mayor durabilidad y estilo, y un uso duradero.<\/li>\n<li>Ideal para cofres, cajas, cajas de almacenaje, puerta, armario, caj\u00f3n, alacena, etc. Todo tipo de herrajes para muebles.<\/li>\n<\/ul>\n<hr \/>\n<p><strong>Nota :<\/strong><\/p>\n<ul>\n<li>Debido a la medici\u00f3n manual, permita una desviaci\u00f3n de 1 a 3 mm. El color puede ser diferente debido a la diferencia de visualizaci\u00f3n, por favor comprenda.<\/li>\n<li>Si el producto que recibes tiene alg\u00fan problema, no te preocupes. Simplemente cont\u00e1ctenos y le ofreceremos una soluci\u00f3n satisfactoria. No dude en contactarnos si tiene alguna pregunta. Estaremos aqu\u00ed para ti todo el tiempo.<\/li>\n<\/ul>","protected":false},"excerpt":{"rendered":"<p>Perfecto para soportar armarios, cajas, cofres, etc.<\/p>","protected":false},"featured_media":2938,"comment_status":"open","ping_status":"closed","template":"","meta":{"_acf_changed":false},"product_brand":[],"product_cat":[108,122],"product_tag":[],"class_list":{"0":"post-2550","1":"product","2":"type-product","3":"status-publish","4":"has-post-thumbnail","6":"product_cat-handles","7":"product_cat-chest-handles","8":"pa_application-packing-box-aluminum-box-toolbox","9":"pa_delivery-time-please-contact-sales-staff","10":"pa_material-cold-plate-iron-wire","11":"pa_surface-treatment-chrome","12":"description-off","14":"first","15":"instock","16":"shipping-taxable","17":"product-type-simple"},"acf":[],"_links":{"self":[{"href":"https:\/\/fayshing.com\/es-es\/wp-json\/wp\/v2\/product\/2550","targetHints":{"allow":["GET"]}}],"collection":[{"href":"https:\/\/fayshing.com\/es-es\/wp-json\/wp\/v2\/product"}],"about":[{"href":"https:\/\/fayshing.com\/es-es\/wp-json\/wp\/v2\/types\/product"}],"replies":[{"embeddable":true,"href":"https:\/\/fayshing.com\/es-es\/wp-json\/wp\/v2\/comments?post=2550"}],"wp:featuredmedia":[{"embeddable":true,"href":"https:\/\/fayshing.com\/es-es\/wp-json\/wp\/v2\/media\/2938"}],"wp:attachment":[{"href":"https:\/\/fayshing.com\/es-es\/wp-json\/wp\/v2\/media?parent=2550"}],"wp:term":[{"taxonomy":"product_brand","embeddable":true,"href":"https:\/\/fayshing.com\/es-es\/wp-json\/wp\/v2\/product_brand?post=2550"},{"taxonomy":"product_cat","embeddable":true,"href":"https:\/\/fayshing.com\/es-es\/wp-json\/wp\/v2\/product_cat?post=2550"},{"taxonomy":"product_tag","embeddable":true,"href":"https:\/\/fayshing.com\/es-es\/wp-json\/wp\/v2\/product_tag?post=2550"}],"curies":[{"name":"wp","href":"https:\/\/api.w.org\/{rel}","templated":true}]}}