{"id":2515,"date":"2022-05-09T11:38:53","date_gmt":"2022-05-09T03:38:53","guid":{"rendered":"https:\/\/fayshing.com\/?post_type=product&#038;p=2515"},"modified":"2025-02-12T11:04:53","modified_gmt":"2025-02-12T03:04:53","slug":"fayshing-100x54mm-rack-lid-latch-in-narrow-and-very-shallow-plain-dish-fs-1165","status":"publish","type":"product","link":"https:\/\/fayshing.com\/es-es\/product\/fayshing-100x54mm-rack-lid-latch-in-narrow-and-very-shallow-plain-dish-fs-1165\/","title":{"rendered":"Cierre de tapa de rack de 100x54mm en plato estrecho y muy poco profundo FS-1213"},"content":{"rendered":"<p>[ESPECIFICACI\u00d3N ] Tama\u00f1o: 100x54mm; 7 orificios de montaje; Di\u00e1metro del orificio: 5,2mm.<br \/>\n[MATERIAL] Hecho de metal, despu\u00e9s de la galvanoplastia, se convierte en fuerte, duradero y de larga duraci\u00f3n.<br \/>\n[ ALTA FUNCI\u00d3N ] El pestillo empotrado accionado por resorte puede evitar eficazmente que el pestillo se caiga.<br \/>\n[ APLICACI\u00d3N ] Adecuado para flight case, caja de herramientas, malet\u00edn de aluminio, chasis, equipaje, etc.<br \/>\n[NOTA ] Debido a la medici\u00f3n manual, puede haber peque\u00f1as desviaciones. El color puede tener diferentes como la pantalla de diferencia, por favor, comprenda.<\/p>\n<p><iframe title=\"FAYSHING | Flight Case Cierre de mariposa empotrado\" width=\"1200\" height=\"675\" src=\"https:\/\/www.youtube.com\/embed\/aTp86AjsHpU?feature=oembed\" frameborder=\"0\" allow=\"accelerometer; autoplay; clipboard-write; encrypted-media; gyroscope; picture-in-picture; web-share\" referrerpolicy=\"strict-origin-when-cross-origin\" allowfullscreen><\/iframe><\/p>\n<p>&nbsp;<\/p>","protected":false},"excerpt":{"rendered":"<ul>\n<li>Cierre de tapa de estanter\u00eda empotrada 2U en plato estrecho y muy poco profundo<\/li>\n<li>Material: Acero<\/li>\n<li>Acabado: Cromo \/ Negro \/ Zinc<\/li>\n<\/ul>","protected":false},"featured_media":2941,"comment_status":"closed","ping_status":"closed","template":"","meta":{"_acf_changed":false},"product_brand":[],"product_cat":[116],"product_tag":[],"class_list":{"0":"post-2515","1":"product","2":"type-product","3":"status-publish","4":"has-post-thumbnail","6":"product_cat-recessed-twist-latches","7":"description-off","9":"first","10":"instock","11":"shipping-taxable","12":"product-type-simple"},"acf":[],"_links":{"self":[{"href":"https:\/\/fayshing.com\/es-es\/wp-json\/wp\/v2\/product\/2515","targetHints":{"allow":["GET"]}}],"collection":[{"href":"https:\/\/fayshing.com\/es-es\/wp-json\/wp\/v2\/product"}],"about":[{"href":"https:\/\/fayshing.com\/es-es\/wp-json\/wp\/v2\/types\/product"}],"replies":[{"embeddable":true,"href":"https:\/\/fayshing.com\/es-es\/wp-json\/wp\/v2\/comments?post=2515"}],"wp:featuredmedia":[{"embeddable":true,"href":"https:\/\/fayshing.com\/es-es\/wp-json\/wp\/v2\/media\/2941"}],"wp:attachment":[{"href":"https:\/\/fayshing.com\/es-es\/wp-json\/wp\/v2\/media?parent=2515"}],"wp:term":[{"taxonomy":"product_brand","embeddable":true,"href":"https:\/\/fayshing.com\/es-es\/wp-json\/wp\/v2\/product_brand?post=2515"},{"taxonomy":"product_cat","embeddable":true,"href":"https:\/\/fayshing.com\/es-es\/wp-json\/wp\/v2\/product_cat?post=2515"},{"taxonomy":"product_tag","embeddable":true,"href":"https:\/\/fayshing.com\/es-es\/wp-json\/wp\/v2\/product_tag?post=2515"}],"curies":[{"name":"wp","href":"https:\/\/api.w.org\/{rel}","templated":true}]}}