{"id":2513,"date":"2022-05-09T11:28:30","date_gmt":"2022-05-09T03:28:30","guid":{"rendered":"https:\/\/fayshing.com\/?post_type=product&#038;p=2513"},"modified":"2025-06-03T09:36:42","modified_gmt":"2025-06-03T01:36:42","slug":"43-5x20mm-new-type-recessed-spring-load-butterfly-twist-latch-offset-with-padlock-ring-autolock-fs-1164","status":"publish","type":"product","link":"https:\/\/fayshing.com\/es-es\/product\/43-5x20mm-new-type-recessed-spring-load-butterfly-twist-latch-offset-with-padlock-ring-autolock-fs-1164\/","title":{"rendered":"43.5x20mm Nuevo tipo de resorte empotrado de carga de mariposa pestillo giratorio desplazado con anillo de candado - AutoLock FS1210"},"content":{"rendered":"<p>[ESPECIFICACI\u00d3N ] Tama\u00f1o: 43.5x20mm; 10 agujeros de montaje; Di\u00e1metro del agujero: 5mm.<br \/>\n[MATERIAL] Hecho de metal, despu\u00e9s de la galvanoplastia, se convierte en fuerte, duradero y de larga duraci\u00f3n.<br \/>\n[ ALTA FUNCI\u00d3N ] El pestillo giratorio de mariposa empotrado con resorte puede evitar eficazmente que el pestillo se caiga.<br \/>\n[ APLICACI\u00d3N ] Adecuado para flight case, caja de herramientas, malet\u00edn de aluminio, chasis, equipaje, etc.<br \/>\n[NOTA ] Debido a la medici\u00f3n manual, puede haber peque\u00f1as desviaciones. El color puede tener diferentes como la pantalla de diferencia, por favor, comprenda.<\/p>\n<p><iframe title=\"FAYSHING | Flight Case Cierre de mariposa empotrado\" width=\"1200\" height=\"675\" src=\"https:\/\/www.youtube.com\/embed\/aTp86AjsHpU?feature=oembed&#038;enablejsapi=1&#038;origin=https:\/\/fayshing.com\" frameborder=\"0\" allow=\"accelerometer; autoplay; clipboard-write; encrypted-media; gyroscope; picture-in-picture; web-share\" referrerpolicy=\"strict-origin-when-cross-origin\" allowfullscreen><\/iframe><\/p>\n<p>&nbsp;<\/p>","protected":false},"excerpt":{"rendered":"<ul>\n<li>Pestillo empotrado mediano con cerradura para candado y cierre autom\u00e1tico desplazado<\/li>\n<li>Material: Acero<\/li>\n<li>Acabado: Cromo \/ Negro \/ Zinc<\/li>\n<li>Con candado<\/li>\n<\/ul>","protected":false},"featured_media":2943,"comment_status":"closed","ping_status":"closed","template":"","meta":{"_acf_changed":false},"product_brand":[],"product_cat":[116],"product_tag":[],"class_list":{"0":"post-2513","1":"product","2":"type-product","3":"status-publish","4":"has-post-thumbnail","6":"product_cat-recessed-twist-latches","7":"pa_surface-treatment-black","8":"pa_surface-treatment-blue-zinc","9":"pa_surface-treatment-chrome","10":"description-off","12":"first","13":"instock","14":"shipping-taxable","15":"product-type-simple"},"acf":[],"_links":{"self":[{"href":"https:\/\/fayshing.com\/es-es\/wp-json\/wp\/v2\/product\/2513","targetHints":{"allow":["GET"]}}],"collection":[{"href":"https:\/\/fayshing.com\/es-es\/wp-json\/wp\/v2\/product"}],"about":[{"href":"https:\/\/fayshing.com\/es-es\/wp-json\/wp\/v2\/types\/product"}],"replies":[{"embeddable":true,"href":"https:\/\/fayshing.com\/es-es\/wp-json\/wp\/v2\/comments?post=2513"}],"wp:featuredmedia":[{"embeddable":true,"href":"https:\/\/fayshing.com\/es-es\/wp-json\/wp\/v2\/media\/2943"}],"wp:attachment":[{"href":"https:\/\/fayshing.com\/es-es\/wp-json\/wp\/v2\/media?parent=2513"}],"wp:term":[{"taxonomy":"product_brand","embeddable":true,"href":"https:\/\/fayshing.com\/es-es\/wp-json\/wp\/v2\/product_brand?post=2513"},{"taxonomy":"product_cat","embeddable":true,"href":"https:\/\/fayshing.com\/es-es\/wp-json\/wp\/v2\/product_cat?post=2513"},{"taxonomy":"product_tag","embeddable":true,"href":"https:\/\/fayshing.com\/es-es\/wp-json\/wp\/v2\/product_tag?post=2513"}],"curies":[{"name":"wp","href":"https:\/\/api.w.org\/{rel}","templated":true}]}}