{"id":2512,"date":"2022-05-09T11:18:12","date_gmt":"2022-05-09T03:18:12","guid":{"rendered":"https:\/\/fayshing.com\/?post_type=product&#038;p=2512"},"modified":"2025-06-03T09:40:01","modified_gmt":"2025-06-03T01:40:01","slug":"115x105mm-valance-spanning-butterfly-overlatch-in-plain-dish-with-padlock-feature-fs-1120","status":"publish","type":"product","link":"https:\/\/fayshing.com\/es-es\/product\/115x105mm-valance-spanning-butterfly-overlatch-in-plain-dish-with-padlock-feature-fs-1120\/","title":{"rendered":"FS-1120 Pestillo de mariposa con candado \u2013 Cerradura de valance segura"},"content":{"rendered":"<ul>\n<li>Pestillo de mariposa mediano con candado - Secure Valance Spanning Lock<\/li>\n<li>Material: Acero<\/li>\n<li>Acabado: Cromo \/ Negro \/ Zinc<\/li>\n<\/ul>\n<p>\u3010Dimension\u3011: Tama\u00f1o total: 115x 105mm; Di\u00e1metro del agujero: 5mm.<br \/>\n\u3010Dise\u00f1o s\u00f3lido y \u00fatil\u3011: la estructura es resistente y duradera. Tiene funci\u00f3n de candado para evitar que se abra el pestillo.<br \/>\n\u3010F\u00e1cil de usar\u3011: agarre en forma de mariposa, con resorte, acci\u00f3n de torsi\u00f3n suave, gira para abrir o cerrar el pestillo.<br \/>\nAmplia aplicaci\u00f3n: adecuado para maletas de vuelo, cajas de herramientas, cajas de madera, cajas de aluminio, chasis, maletas, etc.<br \/>\n\u3010M\u00e9todo de almacenamiento\u3011: Almacenar en un lugar seco, no apilar en un lugar h\u00famedo y fresco, para evitar la oxidaci\u00f3n del producto.<\/p>\n<p><iframe title=\"FAYSHING | Flight Case Cierre de mariposa empotrado\" width=\"1200\" height=\"675\" src=\"https:\/\/www.youtube.com\/embed\/aTp86AjsHpU?feature=oembed\" frameborder=\"0\" allow=\"accelerometer; autoplay; clipboard-write; encrypted-media; gyroscope; picture-in-picture; web-share\" referrerpolicy=\"strict-origin-when-cross-origin\" allowfullscreen><\/iframe><\/p>\n<p>&nbsp;<\/p>","protected":false},"excerpt":{"rendered":"<ul>\n<li>Cenefa empotrada mediana que se extiende sobre el pestillo<\/li>\n<li>Material: Acero<\/li>\n<li>Acabado: Cromo \/ Negro \/ Zinc<\/li>\n<\/ul>","protected":false},"featured_media":2947,"comment_status":"open","ping_status":"closed","template":"","meta":{"_acf_changed":false},"product_brand":[],"product_cat":[116],"product_tag":[],"class_list":{"0":"post-2512","1":"product","2":"type-product","3":"status-publish","4":"has-post-thumbnail","6":"product_cat-recessed-twist-latches","7":"pa_material-steel","8":"pa_surface-treatment-black","9":"pa_surface-treatment-blue-zinc","10":"pa_surface-treatment-chrome","11":"description-off","13":"first","14":"instock","15":"shipping-taxable","16":"product-type-simple"},"acf":[],"_links":{"self":[{"href":"https:\/\/fayshing.com\/es-es\/wp-json\/wp\/v2\/product\/2512","targetHints":{"allow":["GET"]}}],"collection":[{"href":"https:\/\/fayshing.com\/es-es\/wp-json\/wp\/v2\/product"}],"about":[{"href":"https:\/\/fayshing.com\/es-es\/wp-json\/wp\/v2\/types\/product"}],"replies":[{"embeddable":true,"href":"https:\/\/fayshing.com\/es-es\/wp-json\/wp\/v2\/comments?post=2512"}],"wp:featuredmedia":[{"embeddable":true,"href":"https:\/\/fayshing.com\/es-es\/wp-json\/wp\/v2\/media\/2947"}],"wp:attachment":[{"href":"https:\/\/fayshing.com\/es-es\/wp-json\/wp\/v2\/media?parent=2512"}],"wp:term":[{"taxonomy":"product_brand","embeddable":true,"href":"https:\/\/fayshing.com\/es-es\/wp-json\/wp\/v2\/product_brand?post=2512"},{"taxonomy":"product_cat","embeddable":true,"href":"https:\/\/fayshing.com\/es-es\/wp-json\/wp\/v2\/product_cat?post=2512"},{"taxonomy":"product_tag","embeddable":true,"href":"https:\/\/fayshing.com\/es-es\/wp-json\/wp\/v2\/product_tag?post=2512"}],"curies":[{"name":"wp","href":"https:\/\/api.w.org\/{rel}","templated":true}]}}