{"id":2510,"date":"2022-05-09T11:03:28","date_gmt":"2022-05-09T03:03:28","guid":{"rendered":"https:\/\/fayshing.com\/?post_type=product&#038;p=2510"},"modified":"2025-01-07T14:27:32","modified_gmt":"2025-01-07T06:27:32","slug":"fayshing-172x127mm-large-lid-stay-in-dish-with-hinge-fs-1117","status":"publish","type":"product","link":"https:\/\/fayshing.com\/es-es\/product\/fayshing-172x127mm-large-lid-stay-in-dish-with-hinge-fs-1117\/","title":{"rendered":"Soporte de tapa grande con bisagra Fayshing 172x127 mm FS-1117"},"content":{"rendered":"<p>&nbsp;<\/p>\n<p>\u3010Dimensi\u00f3n\u3011: Tama\u00f1o total: 172x 127 mm; 14 orificios de montaje; di\u00e1metro del agujero: 5 mm.<br \/>\n\u3010Dise\u00f1o s\u00f3lido y \u00fatil\u3011: la estructura es resistente y duradera, la superficie est\u00e1 cromada, no se oxida f\u00e1cilmente.<br \/>\n\u3010F\u00e1cil de usar\u3011: Despu\u00e9s de la instalaci\u00f3n, la bisagra soportar\u00e1 perfectamente la tapa y nunca se caer\u00e1, lo que garantiza su seguridad.<br \/>\nAmplia aplicaci\u00f3n: adecuado para maletas de vuelo, cajas de herramientas, cajas de madera, cajas de aluminio, chasis, maletas, etc.<br \/>\n\u3010M\u00e9todo de almacenamiento\u3011: Almacenar en un lugar seco, no apilar en un lugar h\u00famedo y fresco, para evitar la oxidaci\u00f3n del producto.<\/p>\n<p>&nbsp;<\/p>","protected":false},"excerpt":{"rendered":"<p>Ya sea que est\u00e9 reemplazando un Flightcase completo o instalando un Flightcase completamente nuevo, necesita bisagras adecuadas para asegurarse de que se abran suave y eficientemente en todo momento. Es por eso que Fayshing cre\u00f3 bisagras de soporte de tapa de alta calidad para garantizar que se mantengan en la posici\u00f3n correcta durante muchos a\u00f1os.<\/p>","protected":false},"featured_media":4694,"comment_status":"open","ping_status":"closed","template":"","meta":{"_acf_changed":false},"product_brand":[],"product_cat":[134],"product_tag":[],"class_list":{"0":"post-2510","1":"product","2":"type-product","3":"status-publish","4":"has-post-thumbnail","6":"product_cat-lid-stays","7":"description-off","9":"first","10":"instock","11":"shipping-taxable","12":"product-type-simple"},"acf":[],"_links":{"self":[{"href":"https:\/\/fayshing.com\/es-es\/wp-json\/wp\/v2\/product\/2510","targetHints":{"allow":["GET"]}}],"collection":[{"href":"https:\/\/fayshing.com\/es-es\/wp-json\/wp\/v2\/product"}],"about":[{"href":"https:\/\/fayshing.com\/es-es\/wp-json\/wp\/v2\/types\/product"}],"replies":[{"embeddable":true,"href":"https:\/\/fayshing.com\/es-es\/wp-json\/wp\/v2\/comments?post=2510"}],"wp:featuredmedia":[{"embeddable":true,"href":"https:\/\/fayshing.com\/es-es\/wp-json\/wp\/v2\/media\/4694"}],"wp:attachment":[{"href":"https:\/\/fayshing.com\/es-es\/wp-json\/wp\/v2\/media?parent=2510"}],"wp:term":[{"taxonomy":"product_brand","embeddable":true,"href":"https:\/\/fayshing.com\/es-es\/wp-json\/wp\/v2\/product_brand?post=2510"},{"taxonomy":"product_cat","embeddable":true,"href":"https:\/\/fayshing.com\/es-es\/wp-json\/wp\/v2\/product_cat?post=2510"},{"taxonomy":"product_tag","embeddable":true,"href":"https:\/\/fayshing.com\/es-es\/wp-json\/wp\/v2\/product_tag?post=2510"}],"curies":[{"name":"wp","href":"https:\/\/api.w.org\/{rel}","templated":true}]}}