{"id":2509,"date":"2022-05-09T11:26:02","date_gmt":"2022-05-09T03:26:02","guid":{"rendered":"https:\/\/fayshing.com\/?post_type=product&#038;p=2509"},"modified":"2025-08-08T09:38:19","modified_gmt":"2025-08-08T01:38:19","slug":"fayshing-strap-handle-with-steel-foil-fs-2096","status":"publish","type":"product","link":"https:\/\/fayshing.com\/es-es\/product\/fayshing-strap-handle-with-steel-foil-fs-2096\/","title":{"rendered":"Asa de correa Fayshing con l\u00e1mina de acero FS-2096"},"content":{"rendered":"<p><strong>Asa de correa Fayshing con l\u00e1mina de acero FS-2096<\/strong><\/p>\n<p>Amplia aplicaci\u00f3n: adecuado para cajones, maletas, armarios, guardarropas, cajas de aluminio, etc.<\/p>\n<hr \/>\n<p><strong>Descripci\u00f3n :<\/strong><\/p>\n<ul>\n<li>Hecho de metal y pl\u00e1stico de alta calidad, duradero, resistente al desgaste y duradero.<\/li>\n<li>Es muy adecuado para el dise\u00f1o de cajas modernas, pero combina perfectamente con los gabinetes tradicionales personalizados.<\/li>\n<\/ul>\n<hr \/>\n<p><strong>Nota :<\/strong><\/p>\n<ul>\n<li>Debido a la medici\u00f3n manual, permita una desviaci\u00f3n de 1 a 3 mm. El color puede ser diferente debido a la diferencia de visualizaci\u00f3n, por favor comprenda.<\/li>\n<li>Por favor, cont\u00e1ctenos para verificar cuidadosamente el tama\u00f1o de nuestro producto y lea las descripciones del tama\u00f1o del producto antes de comprar para evitar una posible experiencia de compra desagradable.<\/li>\n<\/ul>","protected":false},"excerpt":{"rendered":"<p>Mango sin carcasa de metal y pl\u00e1stico, ideal para cargar en cajas peque\u00f1as como caja de aluminio y caja de herramientas.<\/p>","protected":false},"featured_media":2945,"comment_status":"open","ping_status":"closed","template":"","meta":{"_acf_changed":false},"product_brand":[],"product_cat":[108,124],"product_tag":[],"class_list":{"0":"post-2509","1":"product","2":"type-product","3":"status-publish","4":"has-post-thumbnail","6":"product_cat-handles","7":"product_cat-strap-handles","8":"pa_application-aluminum-box-equipment-box-toolbox","9":"pa_delivery-time-please-contact-sales-staff","10":"pa_material-cold-plate-plastic","11":"pa_surface-treatment-chrome-black-golden-gray","12":"description-off","14":"first","15":"instock","16":"shipping-taxable","17":"product-type-simple"},"acf":[],"_links":{"self":[{"href":"https:\/\/fayshing.com\/es-es\/wp-json\/wp\/v2\/product\/2509","targetHints":{"allow":["GET"]}}],"collection":[{"href":"https:\/\/fayshing.com\/es-es\/wp-json\/wp\/v2\/product"}],"about":[{"href":"https:\/\/fayshing.com\/es-es\/wp-json\/wp\/v2\/types\/product"}],"replies":[{"embeddable":true,"href":"https:\/\/fayshing.com\/es-es\/wp-json\/wp\/v2\/comments?post=2509"}],"wp:featuredmedia":[{"embeddable":true,"href":"https:\/\/fayshing.com\/es-es\/wp-json\/wp\/v2\/media\/2945"}],"wp:attachment":[{"href":"https:\/\/fayshing.com\/es-es\/wp-json\/wp\/v2\/media?parent=2509"}],"wp:term":[{"taxonomy":"product_brand","embeddable":true,"href":"https:\/\/fayshing.com\/es-es\/wp-json\/wp\/v2\/product_brand?post=2509"},{"taxonomy":"product_cat","embeddable":true,"href":"https:\/\/fayshing.com\/es-es\/wp-json\/wp\/v2\/product_cat?post=2509"},{"taxonomy":"product_tag","embeddable":true,"href":"https:\/\/fayshing.com\/es-es\/wp-json\/wp\/v2\/product_tag?post=2509"}],"curies":[{"name":"wp","href":"https:\/\/api.w.org\/{rel}","templated":true}]}}