{"id":2486,"date":"2022-05-06T14:58:33","date_gmt":"2022-05-06T06:58:33","guid":{"rendered":"https:\/\/fayshing.com\/?post_type=product&#038;p=2486"},"modified":"2025-09-23T14:17:58","modified_gmt":"2025-09-23T06:17:58","slug":"112x105mm-medium-recessed-butterfly-twist-latch-in-offset-dish-with-padlock-ring-fs-1109","status":"publish","type":"product","link":"https:\/\/fayshing.com\/es-es\/product\/112x105mm-medium-recessed-butterfly-twist-latch-in-offset-dish-with-padlock-ring-fs-1109\/","title":{"rendered":"Cierre giratorio de mariposa, mediano, empotrado, 112x105 mm, con plato desplazado y anillo para candado FS-1109"},"content":{"rendered":"<ul>\n<li>Cierre giratorio de mariposa empotrado mediano con candado y desplazable<\/li>\n<li>Material: Acero<\/li>\n<li>Acabado: Cromo \/ Negro \/ Zinc<\/li>\n<li>Con candado<\/li>\n<\/ul>\n<p>\u3010Dimensi\u00f3n\u3011: Tama\u00f1o total: 112 x 105 mm; el pestillo tiene 10 orificios de montaje; di\u00e1metro del agujero: 5 mm.<br \/>\n\u3010Dise\u00f1o s\u00f3lido y \u00fatil\u3011: la estructura es resistente y duradera. Tiene funci\u00f3n de candado para evitar que se abra el pestillo.<br \/>\n\u3010F\u00e1cil de usar\u3011: agarre en forma de mariposa, con resorte, acci\u00f3n de torsi\u00f3n suave, gira para abrir o cerrar el pestillo.<br \/>\nAmplia aplicaci\u00f3n: adecuado para maletas de vuelo, cajas de herramientas, cajas de madera, cajas de aluminio, chasis, maletas, etc.<br \/>\n\u3010M\u00e9todo de almacenamiento\u3011: Almacenar en un lugar seco, no apilar en un lugar h\u00famedo y fresco, para evitar la oxidaci\u00f3n del producto.<\/p>\n<h2 id=\"tablepress-2-name\" class=\"tablepress-table-name tablepress-table-name-id-2\">Pestillo empotrado mediano<\/h2>\n\n<table id=\"tablepress-2\" class=\"tablepress tablepress-id-2\" aria-labelledby=\"tablepress-2-name\">\n<thead>\n<tr class=\"row-1\">\n\t<th class=\"column-1\"><strong>N\u00famero de pieza<\/strong><\/th><th class=\"column-2\"><strong>Dibujo<\/strong><\/th><th class=\"column-3\"><strong>Acabado<\/strong><\/th><th class=\"column-4\"><strong>Con cerradura<\/strong><\/th><th class=\"column-5\"><strong>Desplazamiento<\/strong><\/th>\n<\/tr>\n<\/thead>\n<tbody class=\"row-striping row-hover\">\n<tr class=\"row-2\">\n\t<td class=\"column-1\"><a href=\"https:\/\/fayshing.com\/es-es\/product\/fayshing-112x105mm-medium-recessed-butterfly-twist-latch-with-padlock-function-fs-1108\/\">FS1108<\/a><\/td><td class=\"column-2\"><a href=\"https:\/\/fayshing.com\/wp-content\/uploads\/112x105mm-Medium-Recessed-Butterfly-Twist-Latch-with-Padlock-Function-FS-1108.png\"><img decoding=\"async\" src=\"https:\/\/fayshing.com\/wp-content\/uploads\/112x105mm-Medium-Recessed-Butterfly-Twist-Latch-with-Padlock-Function-FS-1108-300x147.png\" alt=\"FS1105 Dibujos CAD detallados\" width=\"60\" height=\"34\" class=\"alignnone size-medium wp-image-5620\" title=\"\"><\/a><\/td><td class=\"column-3\">Cromo<\/td><td class=\"column-4\">Con candado<\/td><td class=\"column-5\">NO<\/td>\n<\/tr>\n<tr class=\"row-3\">\n\t<td class=\"column-1\"><a href=\"https:\/\/fayshing.com\/es-es\/product\/fs1206-pestillo-empotrado-mediano-sin-desplazamiento\/\">FS1206<\/a><\/td><td class=\"column-2\"><a href=\"https:\/\/fayshing.com\/wp-content\/uploads\/FS1206-Medium-Recessed-Latch-without-Offset-Size.jpg\"><img decoding=\"async\" src=\"https:\/\/fayshing.com\/wp-content\/uploads\/FS1206-Medium-Recessed-Latch-without-Offset-Size-300x300.jpg\" alt=\"FS1206 Cerradura empotrada mediana sin desplazamiento Tama\u00f1o\" width=\"60\" height=\"60\" class=\"alignnone size-medium wp-image-6214\" title=\"\" srcset=\"https:\/\/fayshing.com\/wp-content\/uploads\/FS1206-Medium-Recessed-Latch-without-Offset-Size-300x300.jpg 300w, https:\/\/fayshing.com\/wp-content\/uploads\/FS1206-Medium-Recessed-Latch-without-Offset-Size-150x150.jpg 150w, https:\/\/fayshing.com\/wp-content\/uploads\/FS1206-Medium-Recessed-Latch-without-Offset-Size-768x768.jpg 768w, https:\/\/fayshing.com\/wp-content\/uploads\/FS1206-Medium-Recessed-Latch-without-Offset-Size-12x12.jpg 12w, https:\/\/fayshing.com\/wp-content\/uploads\/FS1206-Medium-Recessed-Latch-without-Offset-Size-600x600.jpg 600w, https:\/\/fayshing.com\/wp-content\/uploads\/FS1206-Medium-Recessed-Latch-without-Offset-Size-200x200.jpg 200w, https:\/\/fayshing.com\/wp-content\/uploads\/FS1206-Medium-Recessed-Latch-without-Offset-Size.jpg 1000w\" sizes=\"(max-width: 60px) 100vw, 60px\" \/><\/a><\/td><td class=\"column-3\">Cromo<\/td><td class=\"column-4\">NO<\/td><td class=\"column-5\">NO<\/td>\n<\/tr>\n<tr class=\"row-4\">\n\t<td class=\"column-1\"><a href=\"https:\/\/fayshing.com\/es-es\/product\/112x105mm-medium-spring-loaded-recessed-butterfly-twist-latch-with-padlock-ring-fs-1111\/\">FS1111<\/a><\/td><td class=\"column-2\"><a href=\"https:\/\/fayshing.com\/wp-content\/uploads\/2022\/05\/FS1111-1.jpg\"><img decoding=\"async\" src=\"https:\/\/fayshing.com\/wp-content\/uploads\/2022\/05\/FS1111-1-300x300.jpg\" alt=\"Cierre giratorio de mariposa empotrado de muelle medio con anilla para candado\" width=\"60\" height=\"60\" class=\"alignnone size-medium wp-image-3041\" title=\"\" srcset=\"https:\/\/fayshing.com\/wp-content\/uploads\/2022\/05\/FS1111-1-300x300.jpg 300w, https:\/\/fayshing.com\/wp-content\/uploads\/2022\/05\/FS1111-1-200x200.jpg 200w, https:\/\/fayshing.com\/wp-content\/uploads\/2022\/05\/FS1111-1-600x600.jpg 600w, https:\/\/fayshing.com\/wp-content\/uploads\/2022\/05\/FS1111-1-64x64.jpg 64w, https:\/\/fayshing.com\/wp-content\/uploads\/2022\/05\/FS1111-1-150x150.jpg 150w, https:\/\/fayshing.com\/wp-content\/uploads\/2022\/05\/FS1111-1-768x768.jpg 768w, https:\/\/fayshing.com\/wp-content\/uploads\/2022\/05\/FS1111-1-100x100.jpg 100w, https:\/\/fayshing.com\/wp-content\/uploads\/2022\/05\/FS1111-1.jpg 800w\" sizes=\"(max-width: 60px) 100vw, 60px\" \/><\/a><\/td><td class=\"column-3\">Cromo<\/td><td class=\"column-4\">Con candado<\/td><td class=\"column-5\">NO<\/td>\n<\/tr>\n<tr class=\"row-5\">\n\t<td class=\"column-1\"><a href=\"https:\/\/fayshing.com\/es-es\/product\/112x105mm-medium-spring-loaded-recessed-butterfly-twist-latch-fs-1112\/\">FS1112<\/a><\/td><td class=\"column-2\"><a href=\"https:\/\/fayshing.com\/wp-content\/uploads\/2022\/05\/FS1112-1.jpg\"><img loading=\"lazy\" decoding=\"async\" src=\"https:\/\/fayshing.com\/wp-content\/uploads\/2022\/05\/FS1112-1-300x300.jpg\" alt=\"112x105mm cierre giratorio de mariposa empotrado con muelle\" width=\"60\" height=\"60\" class=\"alignnone size-medium wp-image-2955\" title=\"\" srcset=\"https:\/\/fayshing.com\/wp-content\/uploads\/2022\/05\/FS1112-1-300x300.jpg 300w, https:\/\/fayshing.com\/wp-content\/uploads\/2022\/05\/FS1112-1-200x200.jpg 200w, https:\/\/fayshing.com\/wp-content\/uploads\/2022\/05\/FS1112-1-600x600.jpg 600w, https:\/\/fayshing.com\/wp-content\/uploads\/2022\/05\/FS1112-1-64x64.jpg 64w, https:\/\/fayshing.com\/wp-content\/uploads\/2022\/05\/FS1112-1-150x150.jpg 150w, https:\/\/fayshing.com\/wp-content\/uploads\/2022\/05\/FS1112-1-768x768.jpg 768w, https:\/\/fayshing.com\/wp-content\/uploads\/2022\/05\/FS1112-1-100x100.jpg 100w, https:\/\/fayshing.com\/wp-content\/uploads\/2022\/05\/FS1112-1.jpg 800w\" sizes=\"(max-width: 60px) 100vw, 60px\" \/><\/a><\/td><td class=\"column-3\">Cromo<\/td><td class=\"column-4\">NO<\/td><td class=\"column-5\">NO<\/td>\n<\/tr>\n<tr class=\"row-6\">\n\t<td class=\"column-1\"><a href=\"https:\/\/fayshing.com\/es-es\/product\/112x105mm-medium-recessed-butterfly-twist-latch-in-offset-dish-with-padlock-ring-fs-1109\/\">FS1109<\/a><\/td><td class=\"column-2\"><a href=\"https:\/\/fayshing.com\/wp-content\/uploads\/FS1109.jpg\"><img loading=\"lazy\" decoding=\"async\" src=\"https:\/\/fayshing.com\/wp-content\/uploads\/FS1109-300x300.jpg\" alt=\"112x105mm cierre giratorio de mariposa medio empotrado con plato desplazado y anillo de candado\" width=\"60\" height=\"60\" class=\"alignnone size-medium wp-image-6222\" title=\"\" srcset=\"https:\/\/fayshing.com\/wp-content\/uploads\/FS1109-300x300.jpg 300w, https:\/\/fayshing.com\/wp-content\/uploads\/FS1109-150x150.jpg 150w, https:\/\/fayshing.com\/wp-content\/uploads\/FS1109-768x768.jpg 768w, https:\/\/fayshing.com\/wp-content\/uploads\/FS1109-12x12.jpg 12w, https:\/\/fayshing.com\/wp-content\/uploads\/FS1109-600x600.jpg 600w, https:\/\/fayshing.com\/wp-content\/uploads\/FS1109-200x200.jpg 200w, https:\/\/fayshing.com\/wp-content\/uploads\/FS1109.jpg 1000w\" sizes=\"(max-width: 60px) 100vw, 60px\" \/><\/a><\/td><td class=\"column-3\">Cromo<\/td><td class=\"column-4\">Con candado<\/td><td class=\"column-5\">S\u00ed<\/td>\n<\/tr>\n<tr class=\"row-7\">\n\t<td class=\"column-1\"><a href=\"https:\/\/fayshing.com\/es-es\/product\/112x105mm-medium-recessed-butterfly-twist-latch-in-offset-dish-fs-1110\/\">FS1110<\/a><\/td><td class=\"column-2\"><a href=\"https:\/\/fayshing.com\/wp-content\/uploads\/FS1110-Detailed-CAD-Drawings.png\"><img loading=\"lazy\" decoding=\"async\" src=\"https:\/\/fayshing.com\/wp-content\/uploads\/FS1110-Detailed-CAD-Drawings-300x127.png\" alt=\"FS1110 Dibujos CAD detallados\" width=\"60\" height=\"34\" class=\"alignnone size-medium wp-image-5626\" title=\"\"><\/a><\/td><td class=\"column-3\">Cromo<\/td><td class=\"column-4\">NO<\/td><td class=\"column-5\">S\u00ed<\/td>\n<\/tr>\n<tr class=\"row-8\">\n\t<td class=\"column-1\"><a href=\"https:\/\/fayshing.com\/es-es\/product\/fs1207-medium-recessed-latch-with-offset\/\">FS1207<\/a><\/td><td class=\"column-2\"><a href=\"https:\/\/fayshing.com\/wp-content\/uploads\/FS-1207-Size.jpg\"><img loading=\"lazy\" decoding=\"async\" src=\"https:\/\/fayshing.com\/wp-content\/uploads\/FS-1207-Size-300x300.jpg\" alt=\"FS1207 Pestillo empotrado mediano con tama\u00f1o desplazado\" width=\"60\" height=\"60\" class=\"alignnone size-medium wp-image-6418\" title=\"\" srcset=\"https:\/\/fayshing.com\/wp-content\/uploads\/FS-1207-Size-300x300.jpg 300w, https:\/\/fayshing.com\/wp-content\/uploads\/FS-1207-Size-150x150.jpg 150w, https:\/\/fayshing.com\/wp-content\/uploads\/FS-1207-Size-768x768.jpg 768w, https:\/\/fayshing.com\/wp-content\/uploads\/FS-1207-Size-12x12.jpg 12w, https:\/\/fayshing.com\/wp-content\/uploads\/FS-1207-Size-600x600.jpg 600w, https:\/\/fayshing.com\/wp-content\/uploads\/FS-1207-Size-200x200.jpg 200w, https:\/\/fayshing.com\/wp-content\/uploads\/FS-1207-Size.jpg 1000w\" sizes=\"(max-width: 60px) 100vw, 60px\" \/><\/a><\/td><td class=\"column-3\">Cromo<\/td><td class=\"column-4\">Con candado<\/td><td class=\"column-5\">S\u00ed<\/td>\n<\/tr>\n<tr class=\"row-9\">\n\t<td class=\"column-1\"><a href=\"https:\/\/fayshing.com\/es-es\/product\/fayshing-medium-recessed-butterfly-latch-with-shallow-offset\/\">FS1210<\/a><\/td><td class=\"column-2\"><a href=\"https:\/\/fayshing.com\/wp-content\/uploads\/FS1210-Detailed-CAD-Drawings.png\"><img loading=\"lazy\" decoding=\"async\" src=\"https:\/\/fayshing.com\/wp-content\/uploads\/FS1210-Detailed-CAD-Drawings-300x128.png\" alt=\"FS1210 Dibujos CAD detallados\" width=\"60\" height=\"34\" class=\"alignnone size-medium wp-image-5628\" title=\"\"><\/a><\/td><td class=\"column-3\">Cromo<\/td><td class=\"column-4\">Con candado<\/td><td class=\"column-5\">S\u00ed<\/td>\n<\/tr>\n<\/tbody>\n<\/table>\n<!-- #tablepress-2 from cache -->\n<h3>FS1109 Dibujos CAD detallados<\/h3>\n<p><a href=\"https:\/\/fayshing.com\/wp-content\/uploads\/FS1109-Detailed-CAD-Drawings.png\"><img loading=\"lazy\" decoding=\"async\" class=\"alignnone size-medium wp-image-5625\" src=\"https:\/\/fayshing.com\/wp-content\/uploads\/FS1109-Detailed-CAD-Drawings-300x134.png\" alt=\"FS1109 Dibujos CAD detallados\" width=\"300\" height=\"134\" title=\"\" srcset=\"https:\/\/fayshing.com\/wp-content\/uploads\/FS1109-Detailed-CAD-Drawings-300x134.png 300w, https:\/\/fayshing.com\/wp-content\/uploads\/FS1109-Detailed-CAD-Drawings-600x267.png 600w, https:\/\/fayshing.com\/wp-content\/uploads\/FS1109-Detailed-CAD-Drawings-64x28.png 64w, https:\/\/fayshing.com\/wp-content\/uploads\/FS1109-Detailed-CAD-Drawings-18x8.png 18w, https:\/\/fayshing.com\/wp-content\/uploads\/FS1109-Detailed-CAD-Drawings.png 730w\" sizes=\"(max-width: 300px) 100vw, 300px\" \/><\/a><\/p>","protected":false},"excerpt":{"rendered":"<ul>\n<li>Pestillo medio empotrable con candado y desplazable<\/li>\n<li>Material: Acero<\/li>\n<li>Acabado: Cromo \/ Negro \/ Zinc<\/li>\n<li>Con candado<\/li>\n<\/ul>","protected":false},"featured_media":5233,"comment_status":"open","ping_status":"closed","template":"","meta":{"_acf_changed":false},"product_brand":[],"product_cat":[23,116],"product_tag":[],"class_list":{"0":"post-2486","1":"product","2":"type-product","3":"status-publish","4":"has-post-thumbnail","6":"product_cat-latches","7":"product_cat-recessed-twist-latches","8":"pa_material-steel","9":"pa_surface-treatment-black","10":"pa_surface-treatment-blue-zinc","11":"pa_surface-treatment-chrome","12":"description-off","14":"first","15":"instock","16":"shipping-taxable","17":"product-type-simple"},"acf":[],"_links":{"self":[{"href":"https:\/\/fayshing.com\/es-es\/wp-json\/wp\/v2\/product\/2486","targetHints":{"allow":["GET"]}}],"collection":[{"href":"https:\/\/fayshing.com\/es-es\/wp-json\/wp\/v2\/product"}],"about":[{"href":"https:\/\/fayshing.com\/es-es\/wp-json\/wp\/v2\/types\/product"}],"replies":[{"embeddable":true,"href":"https:\/\/fayshing.com\/es-es\/wp-json\/wp\/v2\/comments?post=2486"}],"wp:featuredmedia":[{"embeddable":true,"href":"https:\/\/fayshing.com\/es-es\/wp-json\/wp\/v2\/media\/5233"}],"wp:attachment":[{"href":"https:\/\/fayshing.com\/es-es\/wp-json\/wp\/v2\/media?parent=2486"}],"wp:term":[{"taxonomy":"product_brand","embeddable":true,"href":"https:\/\/fayshing.com\/es-es\/wp-json\/wp\/v2\/product_brand?post=2486"},{"taxonomy":"product_cat","embeddable":true,"href":"https:\/\/fayshing.com\/es-es\/wp-json\/wp\/v2\/product_cat?post=2486"},{"taxonomy":"product_tag","embeddable":true,"href":"https:\/\/fayshing.com\/es-es\/wp-json\/wp\/v2\/product_tag?post=2486"}],"curies":[{"name":"wp","href":"https:\/\/api.w.org\/{rel}","templated":true}]}}