{"id":2465,"date":"2022-05-06T09:26:12","date_gmt":"2022-05-06T01:26:12","guid":{"rendered":"https:\/\/fayshing.com\/?post_type=product&#038;p=2465"},"modified":"2025-01-07T14:31:50","modified_gmt":"2025-01-07T06:31:50","slug":"4-inch-built-in-tpr-caster-wheel-fs-7033-gray","status":"publish","type":"product","link":"https:\/\/fayshing.com\/es-es\/product\/4-inch-built-in-tpr-caster-wheel-fs-7033-gray\/","title":{"rendered":"Fayshing Rueda giratoria TPR incorporada de 3,9 pulgadas FS-7033, gris"},"content":{"rendered":"<p>El caucho termopl\u00e1stico es un material que no deja marcas ni deja marcas.<\/p>\n<p>Con un rodamiento de bolas de precisi\u00f3n, la banda de rodadura de caucho termopl\u00e1stico de Service Caster sobre ruedas con n\u00facleo de poliolefina ofrece una rueda de rodadura silenciosa y suave que resulta adecuada para una gran variedad de entornos limpios diferentes.<\/p>\n<p>Por \u00faltimo, nuestras ruedas son muy resistentes al aceite, la grasa, el agua y la mayor\u00eda de los disolventes. Con tantas caracter\u00edsticas excelentes, la banda de rodadura de caucho termopl\u00e1stico de Service Caster sobre ruedas con n\u00facleo de poliolefina le mantendr\u00e1 en movimiento.<\/p>","protected":false},"excerpt":{"rendered":"<p>Por qu\u00e9 elegir las ruedas Fayshing:<\/p>\n<p>\u2714 Materiales de alta calidad y total durabilidad.<\/p>\n<p>\u2714 Configuraci\u00f3n sencilla y f\u00e1cil maniobra.<\/p>\n<p>\u2714 Perfecto para mover cajas, carros, bancos de trabajo, muebles, estantes y otros elementos que se encuentran com\u00fanmente en los talleres.<\/p>\n<p>\u2714 Ofrecemos precios incre\u00edblemente asequibles.<\/p>","protected":false},"featured_media":2467,"comment_status":"open","ping_status":"closed","template":"","meta":{"_acf_changed":false},"product_brand":[],"product_cat":[203],"product_tag":[],"class_list":{"0":"post-2465","1":"product","2":"type-product","3":"status-publish","4":"has-post-thumbnail","6":"product_cat-caseters-wheel","7":"description-off","9":"first","10":"instock","11":"shipping-taxable","12":"product-type-simple"},"acf":[],"_links":{"self":[{"href":"https:\/\/fayshing.com\/es-es\/wp-json\/wp\/v2\/product\/2465","targetHints":{"allow":["GET"]}}],"collection":[{"href":"https:\/\/fayshing.com\/es-es\/wp-json\/wp\/v2\/product"}],"about":[{"href":"https:\/\/fayshing.com\/es-es\/wp-json\/wp\/v2\/types\/product"}],"replies":[{"embeddable":true,"href":"https:\/\/fayshing.com\/es-es\/wp-json\/wp\/v2\/comments?post=2465"}],"wp:featuredmedia":[{"embeddable":true,"href":"https:\/\/fayshing.com\/es-es\/wp-json\/wp\/v2\/media\/2467"}],"wp:attachment":[{"href":"https:\/\/fayshing.com\/es-es\/wp-json\/wp\/v2\/media?parent=2465"}],"wp:term":[{"taxonomy":"product_brand","embeddable":true,"href":"https:\/\/fayshing.com\/es-es\/wp-json\/wp\/v2\/product_brand?post=2465"},{"taxonomy":"product_cat","embeddable":true,"href":"https:\/\/fayshing.com\/es-es\/wp-json\/wp\/v2\/product_cat?post=2465"},{"taxonomy":"product_tag","embeddable":true,"href":"https:\/\/fayshing.com\/es-es\/wp-json\/wp\/v2\/product_tag?post=2465"}],"curies":[{"name":"wp","href":"https:\/\/api.w.org\/{rel}","templated":true}]}}